{"id":9280,"date":"2023-05-17T01:10:34","date_gmt":"2023-05-16T23:10:34","guid":{"rendered":"https:\/\/stellou.eu\/product\/baby-cardigan\/"},"modified":"2024-07-16T12:14:29","modified_gmt":"2024-07-16T10:14:29","slug":"baby-cardigan","status":"publish","type":"product","link":"https:\/\/stellou.eu\/en\/produkt\/baby-cardigan\/","title":{"rendered":"Baby Cardigan"},"content":{"rendered":"<p>Unser fein gestrickter Baby Cardigan aus hochwertiger Baumwolle ist ein absolutes Must-Have f\u00fcr die k\u00fchleren Tage.<\/p>\n<p>Unsere Farbpalette erstreckt sich \u00fcber sorgf\u00e4ltig ausgew\u00e4hlte Neutrals, die sich sehr einfach und flexibel kombinieren lassen.<\/p>\n<p>Mit seinem rustikalen und dennoch feinen Design ist dieser Cardigan perfekt f\u00fcr kleine Abenteurer geeignet. Die grobe Strickoptik verleiht ihm einen einzigartigen Look und sorgt f\u00fcr eine angenehme W\u00e4rmeisolierung.<\/p>\n<p>Hergestellt aus 100% nat\u00fcrlicher Baumwolle ist dieser Cardigan besonders hautfreundlich und angenehm zu tragen. Er bietet Ihrem Baby den ganzen Tag \u00fcber Komfort und Bewegungsfreiheit.<\/p>\n<p>Die praktische Knopfleiste auf der Vorderseite erm\u00f6glicht ein einfaches An- und Ausziehen, w\u00e4hrend die weichen B\u00fcndchen an den \u00c4rmeln f\u00fcr eine optimale Passform sorgen.<\/p>\n<p>Das Material ist pflegeleicht und einfach in der Maschine zu waschen.<\/p>\n<p>Ob als Geschenk zur Geburt oder als Erg\u00e4nzung f\u00fcr die eigene Babygarderobe &#8211; dieser grob gestrickte Cardigan ist ein echter Blickfang. Er h\u00e4lt Ihr Baby warm und sieht dabei auch noch super s\u00fc\u00df aus.<\/p>\n<p>Bestellen Sie noch heute unseren fein gestrickten Baby Cardigan aus Baumwolle und geben Sie Ihrem kleinen Liebling einen modischen Begleiter f\u00fcr die kommenden Monate!<\/p>","protected":false},"excerpt":{"rendered":"<p>Unser fein gestrickter Baby Cardigan aus hochwertiger Baumwolle ist ein absolutes Must-Have f\u00fcr die k\u00fchleren Tage. Unsere Farbpalette erstreckt sich \u00fcber sorgf\u00e4ltig ausgew\u00e4hlte Neutrals, die sich sehr einfach und flexibel kombinieren lassen. Mit seinem rustikalen und dennoch feinen Design ist dieser Cardigan perfekt f\u00fcr kleine Abenteurer geeignet. Die grobe Strickoptik verleiht ihm einen einzigartigen Look [&hellip;]<\/p>","protected":false},"featured_media":9528,"template":"","meta":[],"product_cat":[24,26,29,112],"product_tag":[],"yoast_head":"<!-- This site is optimized with the Yoast SEO plugin v23.5 - https:\/\/yoast.com\/wordpress\/plugins\/seo\/ -->\n<title>Baby Cardigan | Stellou<\/title>\n<meta name=\"description\" content=\"Unser fein gestrickter Baby Cardigan aus hochwertiger Baumwolle ist ein absolutes Must-Have f\u00fcr die k\u00fchleren Tage.\" \/>\n<meta name=\"robots\" content=\"index, follow, max-snippet:-1, max-image-preview:large, max-video-preview:-1\" \/>\n<link rel=\"canonical\" href=\"https:\/\/stellou.eu\/en\/product\/baby-cardigan\/\" \/>\n<meta property=\"og:locale\" content=\"en_US\" \/>\n<meta property=\"og:type\" content=\"article\" \/>\n<meta property=\"og:title\" content=\"Baby Cardigan | Stellou\" \/>\n<meta property=\"og:description\" content=\"Unser fein gestrickter Baby Cardigan aus hochwertiger Baumwolle ist ein absolutes Must-Have f\u00fcr die k\u00fchleren Tage.\" \/>\n<meta property=\"og:url\" content=\"https:\/\/stellou.eu\/en\/product\/baby-cardigan\/\" \/>\n<meta property=\"og:site_name\" content=\"Stellou\" \/>\n<meta property=\"article:modified_time\" content=\"2024-07-16T10:14:29+00:00\" \/>\n<meta property=\"og:image\" content=\"https:\/\/stellou.eu\/wp-content\/uploads\/2023\/05\/1-scaled.jpg\" \/>\n\t<meta property=\"og:image:width\" content=\"1772\" \/>\n\t<meta property=\"og:image:height\" content=\"2560\" \/>\n\t<meta property=\"og:image:type\" content=\"image\/jpeg\" \/>\n<meta name=\"twitter:card\" content=\"summary_large_image\" \/>\n<meta name=\"twitter:label1\" content=\"Est. reading time\" \/>\n\t<meta name=\"twitter:data1\" content=\"1 minute\" \/>\n<script type=\"application\/ld+json\" class=\"yoast-schema-graph\">{\"@context\":\"https:\/\/schema.org\",\"@graph\":[{\"@type\":\"WebPage\",\"@id\":\"https:\/\/stellou.eu\/product\/baby-cardigan\/\",\"url\":\"https:\/\/stellou.eu\/product\/baby-cardigan\/\",\"name\":\"Baby Cardigan | Stellou\",\"isPartOf\":{\"@id\":\"https:\/\/stellou.eu\/#website\"},\"primaryImageOfPage\":{\"@id\":\"https:\/\/stellou.eu\/product\/baby-cardigan\/#primaryimage\"},\"image\":{\"@id\":\"https:\/\/stellou.eu\/product\/baby-cardigan\/#primaryimage\"},\"thumbnailUrl\":\"https:\/\/stellou.eu\/wp-content\/uploads\/2023\/05\/1-scaled.jpg\",\"datePublished\":\"2023-05-16T23:10:34+00:00\",\"dateModified\":\"2024-07-16T10:14:29+00:00\",\"description\":\"Unser fein gestrickter Baby Cardigan aus hochwertiger Baumwolle ist ein absolutes Must-Have f\u00fcr die k\u00fchleren Tage.\",\"breadcrumb\":{\"@id\":\"https:\/\/stellou.eu\/product\/baby-cardigan\/#breadcrumb\"},\"inLanguage\":\"en-US\",\"potentialAction\":[{\"@type\":\"ReadAction\",\"target\":[\"https:\/\/stellou.eu\/product\/baby-cardigan\/\"]}]},{\"@type\":\"ImageObject\",\"inLanguage\":\"en-US\",\"@id\":\"https:\/\/stellou.eu\/product\/baby-cardigan\/#primaryimage\",\"url\":\"https:\/\/stellou.eu\/wp-content\/uploads\/2023\/05\/1-scaled.jpg\",\"contentUrl\":\"https:\/\/stellou.eu\/wp-content\/uploads\/2023\/05\/1-scaled.jpg\",\"width\":1772,\"height\":2560},{\"@type\":\"BreadcrumbList\",\"@id\":\"https:\/\/stellou.eu\/product\/baby-cardigan\/#breadcrumb\",\"itemListElement\":[{\"@type\":\"ListItem\",\"position\":1,\"name\":\"Home\",\"item\":\"https:\/\/stellou.eu\/\"},{\"@type\":\"ListItem\",\"position\":2,\"name\":\"Shop\",\"item\":\"https:\/\/stellou.northitgroup.eu\/shop\/\"},{\"@type\":\"ListItem\",\"position\":3,\"name\":\"Jungen\",\"item\":\"https:\/\/stellou.northitgroup.eu\/product-category\/jungen\/\"},{\"@type\":\"ListItem\",\"position\":4,\"name\":\"Cardigan\",\"item\":\"https:\/\/stellou.northitgroup.eu\/en\/product-category\/jungen\/cardigan\/\"},{\"@type\":\"ListItem\",\"position\":5,\"name\":\"Baby Cardigan\"}]},{\"@type\":\"WebSite\",\"@id\":\"https:\/\/stellou.eu\/#website\",\"url\":\"https:\/\/stellou.eu\/\",\"name\":\"Stellou\",\"description\":\"\",\"publisher\":{\"@id\":\"https:\/\/stellou.eu\/#organization\"},\"potentialAction\":[{\"@type\":\"SearchAction\",\"target\":{\"@type\":\"EntryPoint\",\"urlTemplate\":\"https:\/\/stellou.eu\/?s={search_term_string}\"},\"query-input\":{\"@type\":\"PropertyValueSpecification\",\"valueRequired\":true,\"valueName\":\"search_term_string\"}}],\"inLanguage\":\"en-US\"},{\"@type\":\"Organization\",\"@id\":\"https:\/\/stellou.eu\/#organization\",\"name\":\"Stellou\",\"url\":\"https:\/\/stellou.eu\/\",\"logo\":{\"@type\":\"ImageObject\",\"inLanguage\":\"en-US\",\"@id\":\"https:\/\/stellou.eu\/#\/schema\/logo\/image\/\",\"url\":\"https:\/\/stellou.eu\/wp-content\/uploads\/2021\/04\/Group-30.svg\",\"contentUrl\":\"https:\/\/stellou.eu\/wp-content\/uploads\/2021\/04\/Group-30.svg\",\"width\":158,\"height\":78,\"caption\":\"Stellou\"},\"image\":{\"@id\":\"https:\/\/stellou.eu\/#\/schema\/logo\/image\/\"}}]}<\/script>\n<!-- \/ Yoast SEO plugin. -->","yoast_head_json":{"title":"Baby Cardigan | Stellou","description":"Unser fein gestrickter Baby Cardigan aus hochwertiger Baumwolle ist ein absolutes Must-Have f\u00fcr die k\u00fchleren Tage.","robots":{"index":"index","follow":"follow","max-snippet":"max-snippet:-1","max-image-preview":"max-image-preview:large","max-video-preview":"max-video-preview:-1"},"canonical":"https:\/\/stellou.eu\/en\/product\/baby-cardigan\/","og_locale":"en_US","og_type":"article","og_title":"Baby Cardigan | Stellou","og_description":"Unser fein gestrickter Baby Cardigan aus hochwertiger Baumwolle ist ein absolutes Must-Have f\u00fcr die k\u00fchleren Tage.","og_url":"https:\/\/stellou.eu\/en\/product\/baby-cardigan\/","og_site_name":"Stellou","article_modified_time":"2024-07-16T10:14:29+00:00","og_image":[{"width":1772,"height":2560,"url":"https:\/\/stellou.eu\/wp-content\/uploads\/2023\/05\/1-scaled.jpg","type":"image\/jpeg"}],"twitter_card":"summary_large_image","twitter_misc":{"Est. reading time":"1 minute"},"schema":{"@context":"https:\/\/schema.org","@graph":[{"@type":"WebPage","@id":"https:\/\/stellou.eu\/product\/baby-cardigan\/","url":"https:\/\/stellou.eu\/product\/baby-cardigan\/","name":"Baby Cardigan | Stellou","isPartOf":{"@id":"https:\/\/stellou.eu\/#website"},"primaryImageOfPage":{"@id":"https:\/\/stellou.eu\/product\/baby-cardigan\/#primaryimage"},"image":{"@id":"https:\/\/stellou.eu\/product\/baby-cardigan\/#primaryimage"},"thumbnailUrl":"https:\/\/stellou.eu\/wp-content\/uploads\/2023\/05\/1-scaled.jpg","datePublished":"2023-05-16T23:10:34+00:00","dateModified":"2024-07-16T10:14:29+00:00","description":"Unser fein gestrickter Baby Cardigan aus hochwertiger Baumwolle ist ein absolutes Must-Have f\u00fcr die k\u00fchleren Tage.","breadcrumb":{"@id":"https:\/\/stellou.eu\/product\/baby-cardigan\/#breadcrumb"},"inLanguage":"en-US","potentialAction":[{"@type":"ReadAction","target":["https:\/\/stellou.eu\/product\/baby-cardigan\/"]}]},{"@type":"ImageObject","inLanguage":"en-US","@id":"https:\/\/stellou.eu\/product\/baby-cardigan\/#primaryimage","url":"https:\/\/stellou.eu\/wp-content\/uploads\/2023\/05\/1-scaled.jpg","contentUrl":"https:\/\/stellou.eu\/wp-content\/uploads\/2023\/05\/1-scaled.jpg","width":1772,"height":2560},{"@type":"BreadcrumbList","@id":"https:\/\/stellou.eu\/product\/baby-cardigan\/#breadcrumb","itemListElement":[{"@type":"ListItem","position":1,"name":"Home","item":"https:\/\/stellou.eu\/"},{"@type":"ListItem","position":2,"name":"Shop","item":"https:\/\/stellou.northitgroup.eu\/shop\/"},{"@type":"ListItem","position":3,"name":"Jungen","item":"https:\/\/stellou.northitgroup.eu\/product-category\/jungen\/"},{"@type":"ListItem","position":4,"name":"Cardigan","item":"https:\/\/stellou.northitgroup.eu\/en\/product-category\/jungen\/cardigan\/"},{"@type":"ListItem","position":5,"name":"Baby Cardigan"}]},{"@type":"WebSite","@id":"https:\/\/stellou.eu\/#website","url":"https:\/\/stellou.eu\/","name":"Stellou","description":"","publisher":{"@id":"https:\/\/stellou.eu\/#organization"},"potentialAction":[{"@type":"SearchAction","target":{"@type":"EntryPoint","urlTemplate":"https:\/\/stellou.eu\/?s={search_term_string}"},"query-input":{"@type":"PropertyValueSpecification","valueRequired":true,"valueName":"search_term_string"}}],"inLanguage":"en-US"},{"@type":"Organization","@id":"https:\/\/stellou.eu\/#organization","name":"Stellou","url":"https:\/\/stellou.eu\/","logo":{"@type":"ImageObject","inLanguage":"en-US","@id":"https:\/\/stellou.eu\/#\/schema\/logo\/image\/","url":"https:\/\/stellou.eu\/wp-content\/uploads\/2021\/04\/Group-30.svg","contentUrl":"https:\/\/stellou.eu\/wp-content\/uploads\/2021\/04\/Group-30.svg","width":158,"height":78,"caption":"Stellou"},"image":{"@id":"https:\/\/stellou.eu\/#\/schema\/logo\/image\/"}}]}},"_links":{"self":[{"href":"https:\/\/stellou.eu\/en\/wp-json\/wp\/v2\/product\/9280"}],"collection":[{"href":"https:\/\/stellou.eu\/en\/wp-json\/wp\/v2\/product"}],"about":[{"href":"https:\/\/stellou.eu\/en\/wp-json\/wp\/v2\/types\/product"}],"wp:featuredmedia":[{"embeddable":true,"href":"https:\/\/stellou.eu\/en\/wp-json\/wp\/v2\/media\/9528"}],"wp:attachment":[{"href":"https:\/\/stellou.eu\/en\/wp-json\/wp\/v2\/media?parent=9280"}],"wp:term":[{"taxonomy":"product_cat","embeddable":true,"href":"https:\/\/stellou.eu\/en\/wp-json\/wp\/v2\/product_cat?post=9280"},{"taxonomy":"product_tag","embeddable":true,"href":"https:\/\/stellou.eu\/en\/wp-json\/wp\/v2\/product_tag?post=9280"}],"curies":[{"name":"wp","href":"https:\/\/api.w.org\/{rel}","templated":true}]}}