{"id":8792,"date":"2022-10-26T01:11:35","date_gmt":"2022-10-25T23:11:35","guid":{"rendered":"https:\/\/stellou.eu\/product\/beanie-mit-bommel\/"},"modified":"2024-07-03T12:20:51","modified_gmt":"2024-07-03T10:20:51","slug":"beanie-mit-bommel","status":"publish","type":"product","link":"https:\/\/stellou.eu\/en\/produkt\/beanie-mit-bommel\/","title":{"rendered":"Beanie mit Bommel"},"content":{"rendered":"<p>Diese M\u00fctze in Jersey-Struktur ist mit passendem PomPom veredelt und mit Fleece-Stoff f\u00fcr zus\u00e4tzliche W\u00e4rme gef\u00fcttert.<\/p>","protected":false},"excerpt":{"rendered":"<p>Diese M\u00fctze in Jersey-Struktur ist mit passendem PomPom veredelt und mit Fleece-Stoff f\u00fcr zus\u00e4tzliche W\u00e4rme gef\u00fcttert.<\/p>","protected":false},"featured_media":8832,"template":"","meta":[],"product_cat":[24,29,193],"product_tag":[],"yoast_head":"<!-- This site is optimized with the Yoast SEO plugin v23.5 - https:\/\/yoast.com\/wordpress\/plugins\/seo\/ -->\n<title>Beanie mit Bommel | Stellou<\/title>\n<meta name=\"robots\" content=\"index, follow, max-snippet:-1, max-image-preview:large, max-video-preview:-1\" \/>\n<link rel=\"canonical\" href=\"https:\/\/stellou.eu\/en\/product\/beanie-mit-bommel\/\" \/>\n<meta property=\"og:locale\" content=\"en_US\" \/>\n<meta property=\"og:type\" content=\"article\" \/>\n<meta property=\"og:title\" content=\"Beanie mit Bommel | Stellou\" \/>\n<meta property=\"og:description\" content=\"Diese M\u00fctze in Jersey-Struktur ist mit passendem PomPom veredelt und mit Fleece-Stoff f\u00fcr zus\u00e4tzliche W\u00e4rme gef\u00fcttert.\" \/>\n<meta property=\"og:url\" content=\"https:\/\/stellou.eu\/en\/product\/beanie-mit-bommel\/\" \/>\n<meta property=\"og:site_name\" content=\"Stellou\" \/>\n<meta property=\"article:modified_time\" content=\"2024-07-03T10:20:51+00:00\" \/>\n<meta property=\"og:image\" content=\"https:\/\/stellou.eu\/wp-content\/uploads\/2022\/10\/SLA05AW2223-D-hot-pink_front-grey-bckgrd-1-scaled.jpg\" \/>\n\t<meta property=\"og:image:width\" content=\"1772\" \/>\n\t<meta property=\"og:image:height\" content=\"2560\" \/>\n\t<meta property=\"og:image:type\" content=\"image\/jpeg\" \/>\n<meta name=\"twitter:card\" content=\"summary_large_image\" \/>\n<meta name=\"twitter:label1\" content=\"Est. reading time\" \/>\n\t<meta name=\"twitter:data1\" content=\"1 minute\" \/>\n<script type=\"application\/ld+json\" class=\"yoast-schema-graph\">{\"@context\":\"https:\/\/schema.org\",\"@graph\":[{\"@type\":\"WebPage\",\"@id\":\"https:\/\/stellou.eu\/product\/beanie-mit-bommel\/\",\"url\":\"https:\/\/stellou.eu\/product\/beanie-mit-bommel\/\",\"name\":\"Beanie mit Bommel | Stellou\",\"isPartOf\":{\"@id\":\"https:\/\/stellou.eu\/#website\"},\"primaryImageOfPage\":{\"@id\":\"https:\/\/stellou.eu\/product\/beanie-mit-bommel\/#primaryimage\"},\"image\":{\"@id\":\"https:\/\/stellou.eu\/product\/beanie-mit-bommel\/#primaryimage\"},\"thumbnailUrl\":\"https:\/\/stellou.eu\/wp-content\/uploads\/2022\/10\/SLA05AW2223-D-hot-pink_front-grey-bckgrd-1-scaled.jpg\",\"datePublished\":\"2022-10-25T23:11:35+00:00\",\"dateModified\":\"2024-07-03T10:20:51+00:00\",\"breadcrumb\":{\"@id\":\"https:\/\/stellou.eu\/product\/beanie-mit-bommel\/#breadcrumb\"},\"inLanguage\":\"en-US\",\"potentialAction\":[{\"@type\":\"ReadAction\",\"target\":[\"https:\/\/stellou.eu\/product\/beanie-mit-bommel\/\"]}]},{\"@type\":\"ImageObject\",\"inLanguage\":\"en-US\",\"@id\":\"https:\/\/stellou.eu\/product\/beanie-mit-bommel\/#primaryimage\",\"url\":\"https:\/\/stellou.eu\/wp-content\/uploads\/2022\/10\/SLA05AW2223-D-hot-pink_front-grey-bckgrd-1-scaled.jpg\",\"contentUrl\":\"https:\/\/stellou.eu\/wp-content\/uploads\/2022\/10\/SLA05AW2223-D-hot-pink_front-grey-bckgrd-1-scaled.jpg\",\"width\":1772,\"height\":2560},{\"@type\":\"BreadcrumbList\",\"@id\":\"https:\/\/stellou.eu\/product\/beanie-mit-bommel\/#breadcrumb\",\"itemListElement\":[{\"@type\":\"ListItem\",\"position\":1,\"name\":\"Home\",\"item\":\"https:\/\/stellou.eu\/\"},{\"@type\":\"ListItem\",\"position\":2,\"name\":\"Shop\",\"item\":\"https:\/\/stellou.northitgroup.eu\/shop\/\"},{\"@type\":\"ListItem\",\"position\":3,\"name\":\"Jungen\",\"item\":\"https:\/\/stellou.northitgroup.eu\/product-category\/jungen\/\"},{\"@type\":\"ListItem\",\"position\":4,\"name\":\"Beanie mit Bommel\"}]},{\"@type\":\"WebSite\",\"@id\":\"https:\/\/stellou.eu\/#website\",\"url\":\"https:\/\/stellou.eu\/\",\"name\":\"Stellou\",\"description\":\"\",\"publisher\":{\"@id\":\"https:\/\/stellou.eu\/#organization\"},\"potentialAction\":[{\"@type\":\"SearchAction\",\"target\":{\"@type\":\"EntryPoint\",\"urlTemplate\":\"https:\/\/stellou.eu\/?s={search_term_string}\"},\"query-input\":{\"@type\":\"PropertyValueSpecification\",\"valueRequired\":true,\"valueName\":\"search_term_string\"}}],\"inLanguage\":\"en-US\"},{\"@type\":\"Organization\",\"@id\":\"https:\/\/stellou.eu\/#organization\",\"name\":\"Stellou\",\"url\":\"https:\/\/stellou.eu\/\",\"logo\":{\"@type\":\"ImageObject\",\"inLanguage\":\"en-US\",\"@id\":\"https:\/\/stellou.eu\/#\/schema\/logo\/image\/\",\"url\":\"https:\/\/stellou.eu\/wp-content\/uploads\/2021\/04\/Group-30.svg\",\"contentUrl\":\"https:\/\/stellou.eu\/wp-content\/uploads\/2021\/04\/Group-30.svg\",\"width\":158,\"height\":78,\"caption\":\"Stellou\"},\"image\":{\"@id\":\"https:\/\/stellou.eu\/#\/schema\/logo\/image\/\"}}]}<\/script>\n<!-- \/ Yoast SEO plugin. -->","yoast_head_json":{"title":"Beanie mit Bommel | Stellou","robots":{"index":"index","follow":"follow","max-snippet":"max-snippet:-1","max-image-preview":"max-image-preview:large","max-video-preview":"max-video-preview:-1"},"canonical":"https:\/\/stellou.eu\/en\/product\/beanie-mit-bommel\/","og_locale":"en_US","og_type":"article","og_title":"Beanie mit Bommel | Stellou","og_description":"Diese M\u00fctze in Jersey-Struktur ist mit passendem PomPom veredelt und mit Fleece-Stoff f\u00fcr zus\u00e4tzliche W\u00e4rme gef\u00fcttert.","og_url":"https:\/\/stellou.eu\/en\/product\/beanie-mit-bommel\/","og_site_name":"Stellou","article_modified_time":"2024-07-03T10:20:51+00:00","og_image":[{"width":1772,"height":2560,"url":"https:\/\/stellou.eu\/wp-content\/uploads\/2022\/10\/SLA05AW2223-D-hot-pink_front-grey-bckgrd-1-scaled.jpg","type":"image\/jpeg"}],"twitter_card":"summary_large_image","twitter_misc":{"Est. reading time":"1 minute"},"schema":{"@context":"https:\/\/schema.org","@graph":[{"@type":"WebPage","@id":"https:\/\/stellou.eu\/product\/beanie-mit-bommel\/","url":"https:\/\/stellou.eu\/product\/beanie-mit-bommel\/","name":"Beanie mit Bommel | Stellou","isPartOf":{"@id":"https:\/\/stellou.eu\/#website"},"primaryImageOfPage":{"@id":"https:\/\/stellou.eu\/product\/beanie-mit-bommel\/#primaryimage"},"image":{"@id":"https:\/\/stellou.eu\/product\/beanie-mit-bommel\/#primaryimage"},"thumbnailUrl":"https:\/\/stellou.eu\/wp-content\/uploads\/2022\/10\/SLA05AW2223-D-hot-pink_front-grey-bckgrd-1-scaled.jpg","datePublished":"2022-10-25T23:11:35+00:00","dateModified":"2024-07-03T10:20:51+00:00","breadcrumb":{"@id":"https:\/\/stellou.eu\/product\/beanie-mit-bommel\/#breadcrumb"},"inLanguage":"en-US","potentialAction":[{"@type":"ReadAction","target":["https:\/\/stellou.eu\/product\/beanie-mit-bommel\/"]}]},{"@type":"ImageObject","inLanguage":"en-US","@id":"https:\/\/stellou.eu\/product\/beanie-mit-bommel\/#primaryimage","url":"https:\/\/stellou.eu\/wp-content\/uploads\/2022\/10\/SLA05AW2223-D-hot-pink_front-grey-bckgrd-1-scaled.jpg","contentUrl":"https:\/\/stellou.eu\/wp-content\/uploads\/2022\/10\/SLA05AW2223-D-hot-pink_front-grey-bckgrd-1-scaled.jpg","width":1772,"height":2560},{"@type":"BreadcrumbList","@id":"https:\/\/stellou.eu\/product\/beanie-mit-bommel\/#breadcrumb","itemListElement":[{"@type":"ListItem","position":1,"name":"Home","item":"https:\/\/stellou.eu\/"},{"@type":"ListItem","position":2,"name":"Shop","item":"https:\/\/stellou.northitgroup.eu\/shop\/"},{"@type":"ListItem","position":3,"name":"Jungen","item":"https:\/\/stellou.northitgroup.eu\/product-category\/jungen\/"},{"@type":"ListItem","position":4,"name":"Beanie mit Bommel"}]},{"@type":"WebSite","@id":"https:\/\/stellou.eu\/#website","url":"https:\/\/stellou.eu\/","name":"Stellou","description":"","publisher":{"@id":"https:\/\/stellou.eu\/#organization"},"potentialAction":[{"@type":"SearchAction","target":{"@type":"EntryPoint","urlTemplate":"https:\/\/stellou.eu\/?s={search_term_string}"},"query-input":{"@type":"PropertyValueSpecification","valueRequired":true,"valueName":"search_term_string"}}],"inLanguage":"en-US"},{"@type":"Organization","@id":"https:\/\/stellou.eu\/#organization","name":"Stellou","url":"https:\/\/stellou.eu\/","logo":{"@type":"ImageObject","inLanguage":"en-US","@id":"https:\/\/stellou.eu\/#\/schema\/logo\/image\/","url":"https:\/\/stellou.eu\/wp-content\/uploads\/2021\/04\/Group-30.svg","contentUrl":"https:\/\/stellou.eu\/wp-content\/uploads\/2021\/04\/Group-30.svg","width":158,"height":78,"caption":"Stellou"},"image":{"@id":"https:\/\/stellou.eu\/#\/schema\/logo\/image\/"}}]}},"_links":{"self":[{"href":"https:\/\/stellou.eu\/en\/wp-json\/wp\/v2\/product\/8792"}],"collection":[{"href":"https:\/\/stellou.eu\/en\/wp-json\/wp\/v2\/product"}],"about":[{"href":"https:\/\/stellou.eu\/en\/wp-json\/wp\/v2\/types\/product"}],"wp:featuredmedia":[{"embeddable":true,"href":"https:\/\/stellou.eu\/en\/wp-json\/wp\/v2\/media\/8832"}],"wp:attachment":[{"href":"https:\/\/stellou.eu\/en\/wp-json\/wp\/v2\/media?parent=8792"}],"wp:term":[{"taxonomy":"product_cat","embeddable":true,"href":"https:\/\/stellou.eu\/en\/wp-json\/wp\/v2\/product_cat?post=8792"},{"taxonomy":"product_tag","embeddable":true,"href":"https:\/\/stellou.eu\/en\/wp-json\/wp\/v2\/product_tag?post=8792"}],"curies":[{"name":"wp","href":"https:\/\/api.w.org\/{rel}","templated":true}]}}