{"id":8774,"date":"2022-10-24T13:10:42","date_gmt":"2022-10-24T11:10:42","guid":{"rendered":"https:\/\/stellou.eu\/product\/babydecke\/"},"modified":"2024-09-24T10:23:30","modified_gmt":"2024-09-24T08:23:30","slug":"babydecke","status":"publish","type":"product","link":"https:\/\/stellou.eu\/en\/produkt\/babydecke\/","title":{"rendered":"Babydecke"},"content":{"rendered":"<div class=\"pl_block pl_block--no-gap pdp_selling-points\">\n<p>Stellou &amp; friends &#8211; nur das Beste f\u00fcr die Kleinen!<\/p>\n<p>&nbsp;<\/p>\n<p>* Babydecke aus 100% Baumwolle<\/p>\n<p>* Vielseitig verwendbar<\/p>\n<p>* Hochwertige Qualit\u00e4t<\/p>\n<p>&nbsp;<\/p>\n<p>Ma\u00dfe: 88 cm x 88 cm<\/p>\n<p>&nbsp;<\/p>\n<\/div>\n<div class=\"pl_block pl_block--no-gap pdp_description js_pdp_description\">\n<div class=\"pl_text-expander pl_copy100 pdp_description__text-expander js_pdp_description__text-expander\"><\/div>\n<\/div>","protected":false},"excerpt":{"rendered":"<p>Stellou &amp; friends &#8211; nur das Beste f\u00fcr die Kleinen! &nbsp; * Babydecke aus 100% Baumwolle * Vielseitig verwendbar * Hochwertige Qualit\u00e4t &nbsp; Ma\u00dfe: 88 cm x 88 cm &nbsp;<\/p>","protected":false},"featured_media":8784,"template":"","meta":[],"product_cat":[199,24,29],"product_tag":[],"yoast_head":"<!-- This site is optimized with the Yoast SEO plugin v23.5 - https:\/\/yoast.com\/wordpress\/plugins\/seo\/ -->\n<title>Babydecke | Stellou<\/title>\n<meta name=\"robots\" content=\"index, follow, max-snippet:-1, max-image-preview:large, max-video-preview:-1\" \/>\n<link rel=\"canonical\" href=\"https:\/\/stellou.northitgroup.eu\/product\/babydecke\/\" \/>\n<meta property=\"og:locale\" content=\"en_US\" \/>\n<meta property=\"og:type\" content=\"article\" \/>\n<meta property=\"og:title\" content=\"Babydecke | Stellou\" \/>\n<meta property=\"og:description\" content=\"Stellou &amp; friends &#8211; nur das Beste f\u00fcr die Kleinen! &nbsp; * Babydecke aus 100% Baumwolle * Vielseitig verwendbar * Hochwertige Qualit\u00e4t &nbsp; Ma\u00dfe: 88 cm x 88 cm &nbsp;\" \/>\n<meta property=\"og:url\" content=\"https:\/\/stellou.northitgroup.eu\/product\/babydecke\/\" \/>\n<meta property=\"og:site_name\" content=\"Stellou\" \/>\n<meta property=\"article:modified_time\" content=\"2024-09-24T08:23:30+00:00\" \/>\n<meta property=\"og:image\" content=\"https:\/\/stellou.northitgroup.eu\/wp-content\/uploads\/2022\/10\/SLA01_A_baby-blanket-grey_front_grey-background-scaled.jpg\" \/>\n\t<meta property=\"og:image:width\" content=\"1772\" \/>\n\t<meta property=\"og:image:height\" content=\"2560\" \/>\n\t<meta property=\"og:image:type\" content=\"image\/jpeg\" \/>\n<meta name=\"twitter:card\" content=\"summary_large_image\" \/>\n<meta name=\"twitter:label1\" content=\"Est. reading time\" \/>\n\t<meta name=\"twitter:data1\" content=\"1 minute\" \/>\n<script type=\"application\/ld+json\" class=\"yoast-schema-graph\">{\"@context\":\"https:\/\/schema.org\",\"@graph\":[{\"@type\":\"WebPage\",\"@id\":\"https:\/\/stellou.northitgroup.eu\/product\/babydecke\/\",\"url\":\"https:\/\/stellou.northitgroup.eu\/product\/babydecke\/\",\"name\":\"Babydecke | Stellou\",\"isPartOf\":{\"@id\":\"https:\/\/stellou.eu\/#website\"},\"primaryImageOfPage\":{\"@id\":\"https:\/\/stellou.northitgroup.eu\/product\/babydecke\/#primaryimage\"},\"image\":{\"@id\":\"https:\/\/stellou.northitgroup.eu\/product\/babydecke\/#primaryimage\"},\"thumbnailUrl\":\"https:\/\/stellou.eu\/wp-content\/uploads\/2022\/10\/SLA01_A_baby-blanket-grey_front_grey-background-scaled.jpg\",\"datePublished\":\"2022-10-24T11:10:42+00:00\",\"dateModified\":\"2024-09-24T08:23:30+00:00\",\"breadcrumb\":{\"@id\":\"https:\/\/stellou.northitgroup.eu\/product\/babydecke\/#breadcrumb\"},\"inLanguage\":\"en-US\",\"potentialAction\":[{\"@type\":\"ReadAction\",\"target\":[\"https:\/\/stellou.northitgroup.eu\/product\/babydecke\/\"]}]},{\"@type\":\"ImageObject\",\"inLanguage\":\"en-US\",\"@id\":\"https:\/\/stellou.northitgroup.eu\/product\/babydecke\/#primaryimage\",\"url\":\"https:\/\/stellou.eu\/wp-content\/uploads\/2022\/10\/SLA01_A_baby-blanket-grey_front_grey-background-scaled.jpg\",\"contentUrl\":\"https:\/\/stellou.eu\/wp-content\/uploads\/2022\/10\/SLA01_A_baby-blanket-grey_front_grey-background-scaled.jpg\",\"width\":1772,\"height\":2560},{\"@type\":\"BreadcrumbList\",\"@id\":\"https:\/\/stellou.northitgroup.eu\/product\/babydecke\/#breadcrumb\",\"itemListElement\":[{\"@type\":\"ListItem\",\"position\":1,\"name\":\"Home\",\"item\":\"https:\/\/stellou.eu\/\"},{\"@type\":\"ListItem\",\"position\":2,\"name\":\"Shop\",\"item\":\"https:\/\/stellou.northitgroup.eu\/shop\/\"},{\"@type\":\"ListItem\",\"position\":3,\"name\":\"Accessories\",\"item\":\"https:\/\/stellou.northitgroup.eu\/en\/product-category\/accessories\/\"},{\"@type\":\"ListItem\",\"position\":4,\"name\":\"Decke\",\"item\":\"https:\/\/stellou.northitgroup.eu\/product-category\/accessories\/decke-accessories\/\"},{\"@type\":\"ListItem\",\"position\":5,\"name\":\"Babydecke\"}]},{\"@type\":\"WebSite\",\"@id\":\"https:\/\/stellou.eu\/#website\",\"url\":\"https:\/\/stellou.eu\/\",\"name\":\"Stellou\",\"description\":\"\",\"publisher\":{\"@id\":\"https:\/\/stellou.eu\/#organization\"},\"potentialAction\":[{\"@type\":\"SearchAction\",\"target\":{\"@type\":\"EntryPoint\",\"urlTemplate\":\"https:\/\/stellou.eu\/?s={search_term_string}\"},\"query-input\":{\"@type\":\"PropertyValueSpecification\",\"valueRequired\":true,\"valueName\":\"search_term_string\"}}],\"inLanguage\":\"en-US\"},{\"@type\":\"Organization\",\"@id\":\"https:\/\/stellou.eu\/#organization\",\"name\":\"Stellou\",\"url\":\"https:\/\/stellou.eu\/\",\"logo\":{\"@type\":\"ImageObject\",\"inLanguage\":\"en-US\",\"@id\":\"https:\/\/stellou.eu\/#\/schema\/logo\/image\/\",\"url\":\"https:\/\/stellou.eu\/wp-content\/uploads\/2021\/04\/Group-30.svg\",\"contentUrl\":\"https:\/\/stellou.eu\/wp-content\/uploads\/2021\/04\/Group-30.svg\",\"width\":158,\"height\":78,\"caption\":\"Stellou\"},\"image\":{\"@id\":\"https:\/\/stellou.eu\/#\/schema\/logo\/image\/\"}}]}<\/script>\n<!-- \/ Yoast SEO plugin. -->","yoast_head_json":{"title":"Babydecke | Stellou","robots":{"index":"index","follow":"follow","max-snippet":"max-snippet:-1","max-image-preview":"max-image-preview:large","max-video-preview":"max-video-preview:-1"},"canonical":"https:\/\/stellou.northitgroup.eu\/product\/babydecke\/","og_locale":"en_US","og_type":"article","og_title":"Babydecke | Stellou","og_description":"Stellou &amp; friends &#8211; nur das Beste f\u00fcr die Kleinen! &nbsp; * Babydecke aus 100% Baumwolle * Vielseitig verwendbar * Hochwertige Qualit\u00e4t &nbsp; Ma\u00dfe: 88 cm x 88 cm &nbsp;","og_url":"https:\/\/stellou.northitgroup.eu\/product\/babydecke\/","og_site_name":"Stellou","article_modified_time":"2024-09-24T08:23:30+00:00","og_image":[{"width":1772,"height":2560,"url":"https:\/\/stellou.northitgroup.eu\/wp-content\/uploads\/2022\/10\/SLA01_A_baby-blanket-grey_front_grey-background-scaled.jpg","type":"image\/jpeg"}],"twitter_card":"summary_large_image","twitter_misc":{"Est. reading time":"1 minute"},"schema":{"@context":"https:\/\/schema.org","@graph":[{"@type":"WebPage","@id":"https:\/\/stellou.northitgroup.eu\/product\/babydecke\/","url":"https:\/\/stellou.northitgroup.eu\/product\/babydecke\/","name":"Babydecke | Stellou","isPartOf":{"@id":"https:\/\/stellou.eu\/#website"},"primaryImageOfPage":{"@id":"https:\/\/stellou.northitgroup.eu\/product\/babydecke\/#primaryimage"},"image":{"@id":"https:\/\/stellou.northitgroup.eu\/product\/babydecke\/#primaryimage"},"thumbnailUrl":"https:\/\/stellou.eu\/wp-content\/uploads\/2022\/10\/SLA01_A_baby-blanket-grey_front_grey-background-scaled.jpg","datePublished":"2022-10-24T11:10:42+00:00","dateModified":"2024-09-24T08:23:30+00:00","breadcrumb":{"@id":"https:\/\/stellou.northitgroup.eu\/product\/babydecke\/#breadcrumb"},"inLanguage":"en-US","potentialAction":[{"@type":"ReadAction","target":["https:\/\/stellou.northitgroup.eu\/product\/babydecke\/"]}]},{"@type":"ImageObject","inLanguage":"en-US","@id":"https:\/\/stellou.northitgroup.eu\/product\/babydecke\/#primaryimage","url":"https:\/\/stellou.eu\/wp-content\/uploads\/2022\/10\/SLA01_A_baby-blanket-grey_front_grey-background-scaled.jpg","contentUrl":"https:\/\/stellou.eu\/wp-content\/uploads\/2022\/10\/SLA01_A_baby-blanket-grey_front_grey-background-scaled.jpg","width":1772,"height":2560},{"@type":"BreadcrumbList","@id":"https:\/\/stellou.northitgroup.eu\/product\/babydecke\/#breadcrumb","itemListElement":[{"@type":"ListItem","position":1,"name":"Home","item":"https:\/\/stellou.eu\/"},{"@type":"ListItem","position":2,"name":"Shop","item":"https:\/\/stellou.northitgroup.eu\/shop\/"},{"@type":"ListItem","position":3,"name":"Accessories","item":"https:\/\/stellou.northitgroup.eu\/en\/product-category\/accessories\/"},{"@type":"ListItem","position":4,"name":"Decke","item":"https:\/\/stellou.northitgroup.eu\/product-category\/accessories\/decke-accessories\/"},{"@type":"ListItem","position":5,"name":"Babydecke"}]},{"@type":"WebSite","@id":"https:\/\/stellou.eu\/#website","url":"https:\/\/stellou.eu\/","name":"Stellou","description":"","publisher":{"@id":"https:\/\/stellou.eu\/#organization"},"potentialAction":[{"@type":"SearchAction","target":{"@type":"EntryPoint","urlTemplate":"https:\/\/stellou.eu\/?s={search_term_string}"},"query-input":{"@type":"PropertyValueSpecification","valueRequired":true,"valueName":"search_term_string"}}],"inLanguage":"en-US"},{"@type":"Organization","@id":"https:\/\/stellou.eu\/#organization","name":"Stellou","url":"https:\/\/stellou.eu\/","logo":{"@type":"ImageObject","inLanguage":"en-US","@id":"https:\/\/stellou.eu\/#\/schema\/logo\/image\/","url":"https:\/\/stellou.eu\/wp-content\/uploads\/2021\/04\/Group-30.svg","contentUrl":"https:\/\/stellou.eu\/wp-content\/uploads\/2021\/04\/Group-30.svg","width":158,"height":78,"caption":"Stellou"},"image":{"@id":"https:\/\/stellou.eu\/#\/schema\/logo\/image\/"}}]}},"_links":{"self":[{"href":"https:\/\/stellou.eu\/en\/wp-json\/wp\/v2\/product\/8774"}],"collection":[{"href":"https:\/\/stellou.eu\/en\/wp-json\/wp\/v2\/product"}],"about":[{"href":"https:\/\/stellou.eu\/en\/wp-json\/wp\/v2\/types\/product"}],"wp:featuredmedia":[{"embeddable":true,"href":"https:\/\/stellou.eu\/en\/wp-json\/wp\/v2\/media\/8784"}],"wp:attachment":[{"href":"https:\/\/stellou.eu\/en\/wp-json\/wp\/v2\/media?parent=8774"}],"wp:term":[{"taxonomy":"product_cat","embeddable":true,"href":"https:\/\/stellou.eu\/en\/wp-json\/wp\/v2\/product_cat?post=8774"},{"taxonomy":"product_tag","embeddable":true,"href":"https:\/\/stellou.eu\/en\/wp-json\/wp\/v2\/product_tag?post=8774"}],"curies":[{"name":"wp","href":"https:\/\/api.w.org\/{rel}","templated":true}]}}