{"id":8517,"date":"2022-10-27T14:10:31","date_gmt":"2022-10-27T12:10:31","guid":{"rendered":"https:\/\/stellou.eu\/product\/baby-strickjacke-rosa\/"},"modified":"2024-07-08T08:47:04","modified_gmt":"2024-07-08T06:47:04","slug":"baby-strickjacke-rosa","status":"publish","type":"product","link":"https:\/\/stellou.eu\/en\/produkt\/baby-strickjacke-rosa\/","title":{"rendered":"Baby Strickjacke rosa"},"content":{"rendered":"<p>Dieser Cardigan ist in einer dekorativen Textur gestrickt, welche eine nat\u00fcrliche Optik entstehen l\u00e4sst. Die hundertprozentige Baumwollware besitzt einen weichen Griff. Unterstrichen wird das edle Design von Kn\u00f6pfen in Holzoptik und Raglan\u00e4rmeln mit Krempels\u00e4umen. Diese Strickjacke l\u00e4sst sich \u00fcber sportliche Jogginghosen wie s\u00fc\u00dfe Kleidchen problemlos \u00fcberziehen und ist ein toller Allrounder f\u00fcr Jungen und M\u00e4dchen.<\/p>\n<p>* Cardigan f\u00fcr Babys<br \/>\n* Rundhalsausschnitt<br \/>\n* Durchgehende Knopfleiste<br \/>\n* Lange Raglan\u00e4rmel<br \/>\n* Aus 100% Baumwolle<\/p>\n<p>&nbsp;<\/p>","protected":false},"excerpt":{"rendered":"<p>Dieser Cardigan ist in einer dekorativen Textur gestrickt, welche eine nat\u00fcrliche Optik entstehen l\u00e4sst. Die hundertprozentige Baumwollware besitzt einen weichen Griff. Unterstrichen wird das edle Design von Kn\u00f6pfen in Holzoptik und Raglan\u00e4rmeln mit Krempels\u00e4umen. Diese Strickjacke l\u00e4sst sich \u00fcber sportliche Jogginghosen wie s\u00fc\u00dfe Kleidchen problemlos \u00fcberziehen und ist ein toller Allrounder f\u00fcr Jungen und M\u00e4dchen. [&hellip;]<\/p>","protected":false},"featured_media":8719,"template":"","meta":[],"product_cat":[24,26,29,112],"product_tag":[],"yoast_head":"<!-- This site is optimized with the Yoast SEO plugin v23.5 - https:\/\/yoast.com\/wordpress\/plugins\/seo\/ -->\n<title>Baby Strickjacke rosa | Stellou<\/title>\n<meta name=\"robots\" content=\"index, follow, max-snippet:-1, max-image-preview:large, max-video-preview:-1\" \/>\n<link rel=\"canonical\" href=\"https:\/\/stellou.eu\/en\/product\/baby-strickjacke-rosa\/\" \/>\n<meta property=\"og:locale\" content=\"en_US\" \/>\n<meta property=\"og:type\" content=\"article\" \/>\n<meta property=\"og:title\" content=\"Baby Strickjacke rosa | Stellou\" \/>\n<meta property=\"og:description\" content=\"Dieser Cardigan ist in einer dekorativen Textur gestrickt, welche eine nat\u00fcrliche Optik entstehen l\u00e4sst. Die hundertprozentige Baumwollware besitzt einen weichen Griff. Unterstrichen wird das edle Design von Kn\u00f6pfen in Holzoptik und Raglan\u00e4rmeln mit Krempels\u00e4umen. Diese Strickjacke l\u00e4sst sich \u00fcber sportliche Jogginghosen wie s\u00fc\u00dfe Kleidchen problemlos \u00fcberziehen und ist ein toller Allrounder f\u00fcr Jungen und M\u00e4dchen. [&hellip;]\" \/>\n<meta property=\"og:url\" content=\"https:\/\/stellou.eu\/en\/product\/baby-strickjacke-rosa\/\" \/>\n<meta property=\"og:site_name\" content=\"Stellou\" \/>\n<meta property=\"article:modified_time\" content=\"2024-07-08T06:47:04+00:00\" \/>\n<meta property=\"og:image\" content=\"https:\/\/stellou.eu\/wp-content\/uploads\/2022\/09\/Cardigan_Rose_zalando-1.webp\" \/>\n\t<meta property=\"og:image:width\" content=\"800\" \/>\n\t<meta property=\"og:image:height\" content=\"1156\" \/>\n\t<meta property=\"og:image:type\" content=\"image\/webp\" \/>\n<meta name=\"twitter:card\" content=\"summary_large_image\" \/>\n<meta name=\"twitter:label1\" content=\"Est. reading time\" \/>\n\t<meta name=\"twitter:data1\" content=\"1 minute\" \/>\n<script type=\"application\/ld+json\" class=\"yoast-schema-graph\">{\"@context\":\"https:\/\/schema.org\",\"@graph\":[{\"@type\":\"WebPage\",\"@id\":\"https:\/\/stellou.eu\/product\/baby-strickjacke-rosa\/\",\"url\":\"https:\/\/stellou.eu\/product\/baby-strickjacke-rosa\/\",\"name\":\"Baby Strickjacke rosa | Stellou\",\"isPartOf\":{\"@id\":\"https:\/\/stellou.eu\/#website\"},\"primaryImageOfPage\":{\"@id\":\"https:\/\/stellou.eu\/product\/baby-strickjacke-rosa\/#primaryimage\"},\"image\":{\"@id\":\"https:\/\/stellou.eu\/product\/baby-strickjacke-rosa\/#primaryimage\"},\"thumbnailUrl\":\"https:\/\/stellou.eu\/wp-content\/uploads\/2022\/09\/Cardigan_Rose_zalando-1.webp\",\"datePublished\":\"2022-10-27T12:10:31+00:00\",\"dateModified\":\"2024-07-08T06:47:04+00:00\",\"breadcrumb\":{\"@id\":\"https:\/\/stellou.eu\/product\/baby-strickjacke-rosa\/#breadcrumb\"},\"inLanguage\":\"en-US\",\"potentialAction\":[{\"@type\":\"ReadAction\",\"target\":[\"https:\/\/stellou.eu\/product\/baby-strickjacke-rosa\/\"]}]},{\"@type\":\"ImageObject\",\"inLanguage\":\"en-US\",\"@id\":\"https:\/\/stellou.eu\/product\/baby-strickjacke-rosa\/#primaryimage\",\"url\":\"https:\/\/stellou.eu\/wp-content\/uploads\/2022\/09\/Cardigan_Rose_zalando-1.webp\",\"contentUrl\":\"https:\/\/stellou.eu\/wp-content\/uploads\/2022\/09\/Cardigan_Rose_zalando-1.webp\",\"width\":800,\"height\":1156},{\"@type\":\"BreadcrumbList\",\"@id\":\"https:\/\/stellou.eu\/product\/baby-strickjacke-rosa\/#breadcrumb\",\"itemListElement\":[{\"@type\":\"ListItem\",\"position\":1,\"name\":\"Home\",\"item\":\"https:\/\/stellou.eu\/\"},{\"@type\":\"ListItem\",\"position\":2,\"name\":\"Shop\",\"item\":\"https:\/\/stellou.northitgroup.eu\/shop\/\"},{\"@type\":\"ListItem\",\"position\":3,\"name\":\"Jungen\",\"item\":\"https:\/\/stellou.northitgroup.eu\/product-category\/jungen\/\"},{\"@type\":\"ListItem\",\"position\":4,\"name\":\"Cardigan\",\"item\":\"https:\/\/stellou.northitgroup.eu\/en\/product-category\/jungen\/cardigan\/\"},{\"@type\":\"ListItem\",\"position\":5,\"name\":\"Baby Strickjacke rosa\"}]},{\"@type\":\"WebSite\",\"@id\":\"https:\/\/stellou.eu\/#website\",\"url\":\"https:\/\/stellou.eu\/\",\"name\":\"Stellou\",\"description\":\"\",\"publisher\":{\"@id\":\"https:\/\/stellou.eu\/#organization\"},\"potentialAction\":[{\"@type\":\"SearchAction\",\"target\":{\"@type\":\"EntryPoint\",\"urlTemplate\":\"https:\/\/stellou.eu\/?s={search_term_string}\"},\"query-input\":{\"@type\":\"PropertyValueSpecification\",\"valueRequired\":true,\"valueName\":\"search_term_string\"}}],\"inLanguage\":\"en-US\"},{\"@type\":\"Organization\",\"@id\":\"https:\/\/stellou.eu\/#organization\",\"name\":\"Stellou\",\"url\":\"https:\/\/stellou.eu\/\",\"logo\":{\"@type\":\"ImageObject\",\"inLanguage\":\"en-US\",\"@id\":\"https:\/\/stellou.eu\/#\/schema\/logo\/image\/\",\"url\":\"https:\/\/stellou.eu\/wp-content\/uploads\/2021\/04\/Group-30.svg\",\"contentUrl\":\"https:\/\/stellou.eu\/wp-content\/uploads\/2021\/04\/Group-30.svg\",\"width\":158,\"height\":78,\"caption\":\"Stellou\"},\"image\":{\"@id\":\"https:\/\/stellou.eu\/#\/schema\/logo\/image\/\"}}]}<\/script>\n<!-- \/ Yoast SEO plugin. -->","yoast_head_json":{"title":"Baby Strickjacke rosa | Stellou","robots":{"index":"index","follow":"follow","max-snippet":"max-snippet:-1","max-image-preview":"max-image-preview:large","max-video-preview":"max-video-preview:-1"},"canonical":"https:\/\/stellou.eu\/en\/product\/baby-strickjacke-rosa\/","og_locale":"en_US","og_type":"article","og_title":"Baby Strickjacke rosa | Stellou","og_description":"Dieser Cardigan ist in einer dekorativen Textur gestrickt, welche eine nat\u00fcrliche Optik entstehen l\u00e4sst. Die hundertprozentige Baumwollware besitzt einen weichen Griff. Unterstrichen wird das edle Design von Kn\u00f6pfen in Holzoptik und Raglan\u00e4rmeln mit Krempels\u00e4umen. Diese Strickjacke l\u00e4sst sich \u00fcber sportliche Jogginghosen wie s\u00fc\u00dfe Kleidchen problemlos \u00fcberziehen und ist ein toller Allrounder f\u00fcr Jungen und M\u00e4dchen. [&hellip;]","og_url":"https:\/\/stellou.eu\/en\/product\/baby-strickjacke-rosa\/","og_site_name":"Stellou","article_modified_time":"2024-07-08T06:47:04+00:00","og_image":[{"width":800,"height":1156,"url":"https:\/\/stellou.eu\/wp-content\/uploads\/2022\/09\/Cardigan_Rose_zalando-1.webp","type":"image\/webp"}],"twitter_card":"summary_large_image","twitter_misc":{"Est. reading time":"1 minute"},"schema":{"@context":"https:\/\/schema.org","@graph":[{"@type":"WebPage","@id":"https:\/\/stellou.eu\/product\/baby-strickjacke-rosa\/","url":"https:\/\/stellou.eu\/product\/baby-strickjacke-rosa\/","name":"Baby Strickjacke rosa | Stellou","isPartOf":{"@id":"https:\/\/stellou.eu\/#website"},"primaryImageOfPage":{"@id":"https:\/\/stellou.eu\/product\/baby-strickjacke-rosa\/#primaryimage"},"image":{"@id":"https:\/\/stellou.eu\/product\/baby-strickjacke-rosa\/#primaryimage"},"thumbnailUrl":"https:\/\/stellou.eu\/wp-content\/uploads\/2022\/09\/Cardigan_Rose_zalando-1.webp","datePublished":"2022-10-27T12:10:31+00:00","dateModified":"2024-07-08T06:47:04+00:00","breadcrumb":{"@id":"https:\/\/stellou.eu\/product\/baby-strickjacke-rosa\/#breadcrumb"},"inLanguage":"en-US","potentialAction":[{"@type":"ReadAction","target":["https:\/\/stellou.eu\/product\/baby-strickjacke-rosa\/"]}]},{"@type":"ImageObject","inLanguage":"en-US","@id":"https:\/\/stellou.eu\/product\/baby-strickjacke-rosa\/#primaryimage","url":"https:\/\/stellou.eu\/wp-content\/uploads\/2022\/09\/Cardigan_Rose_zalando-1.webp","contentUrl":"https:\/\/stellou.eu\/wp-content\/uploads\/2022\/09\/Cardigan_Rose_zalando-1.webp","width":800,"height":1156},{"@type":"BreadcrumbList","@id":"https:\/\/stellou.eu\/product\/baby-strickjacke-rosa\/#breadcrumb","itemListElement":[{"@type":"ListItem","position":1,"name":"Home","item":"https:\/\/stellou.eu\/"},{"@type":"ListItem","position":2,"name":"Shop","item":"https:\/\/stellou.northitgroup.eu\/shop\/"},{"@type":"ListItem","position":3,"name":"Jungen","item":"https:\/\/stellou.northitgroup.eu\/product-category\/jungen\/"},{"@type":"ListItem","position":4,"name":"Cardigan","item":"https:\/\/stellou.northitgroup.eu\/en\/product-category\/jungen\/cardigan\/"},{"@type":"ListItem","position":5,"name":"Baby Strickjacke rosa"}]},{"@type":"WebSite","@id":"https:\/\/stellou.eu\/#website","url":"https:\/\/stellou.eu\/","name":"Stellou","description":"","publisher":{"@id":"https:\/\/stellou.eu\/#organization"},"potentialAction":[{"@type":"SearchAction","target":{"@type":"EntryPoint","urlTemplate":"https:\/\/stellou.eu\/?s={search_term_string}"},"query-input":{"@type":"PropertyValueSpecification","valueRequired":true,"valueName":"search_term_string"}}],"inLanguage":"en-US"},{"@type":"Organization","@id":"https:\/\/stellou.eu\/#organization","name":"Stellou","url":"https:\/\/stellou.eu\/","logo":{"@type":"ImageObject","inLanguage":"en-US","@id":"https:\/\/stellou.eu\/#\/schema\/logo\/image\/","url":"https:\/\/stellou.eu\/wp-content\/uploads\/2021\/04\/Group-30.svg","contentUrl":"https:\/\/stellou.eu\/wp-content\/uploads\/2021\/04\/Group-30.svg","width":158,"height":78,"caption":"Stellou"},"image":{"@id":"https:\/\/stellou.eu\/#\/schema\/logo\/image\/"}}]}},"_links":{"self":[{"href":"https:\/\/stellou.eu\/en\/wp-json\/wp\/v2\/product\/8517"}],"collection":[{"href":"https:\/\/stellou.eu\/en\/wp-json\/wp\/v2\/product"}],"about":[{"href":"https:\/\/stellou.eu\/en\/wp-json\/wp\/v2\/types\/product"}],"wp:featuredmedia":[{"embeddable":true,"href":"https:\/\/stellou.eu\/en\/wp-json\/wp\/v2\/media\/8719"}],"wp:attachment":[{"href":"https:\/\/stellou.eu\/en\/wp-json\/wp\/v2\/media?parent=8517"}],"wp:term":[{"taxonomy":"product_cat","embeddable":true,"href":"https:\/\/stellou.eu\/en\/wp-json\/wp\/v2\/product_cat?post=8517"},{"taxonomy":"product_tag","embeddable":true,"href":"https:\/\/stellou.eu\/en\/wp-json\/wp\/v2\/product_tag?post=8517"}],"curies":[{"name":"wp","href":"https:\/\/api.w.org\/{rel}","templated":true}]}}