{"id":8305,"date":"2022-06-25T01:13:08","date_gmt":"2022-06-24T23:13:08","guid":{"rendered":"https:\/\/stellou.eu\/product\/set-3-tlg-wickelbody-kurzarm-boys\/"},"modified":"2026-04-26T18:49:03","modified_gmt":"2026-04-26T16:49:03","slug":"set-3-tlg-wickelbody-kurzarm-boys","status":"publish","type":"product","link":"https:\/\/stellou.eu\/en\/produkt\/set-3-tlg-wickelbody-kurzarm-boys\/","title":{"rendered":"Set 3-tlg. Wickelbody kurzarm Blue Stripes"},"content":{"rendered":"<div class=\"pl_block pl_block--no-gap pdp_selling-points\">\n<ul class=\"pl_list--unordered\">\n<li>100% organische Baumwollqualit\u00e4t<\/li>\n<li>\u00dcberkreuzte Front mit Druckkn\u00f6pfen<\/li>\n<li>Weiche, flache Saumkanten f\u00fcr mehr Komfort<\/li>\n<li>Niedliche Designs<\/li>\n<\/ul>\n<\/div>\n<div class=\"pl_block pl_block--no-gap pdp_description js_pdp_description\">\n<div class=\"pl_text-expander pl_copy100 pdp_description__text-expander js_pdp_description__text-expander\">Stellou &amp; friends &#8211; Nur das Beste f\u00fcr die Kleinen!<\/div>\n<\/div>","protected":false},"excerpt":{"rendered":"<div class=\"pl_block pl_block--no-gap pdp_selling-points\">\n<ul class=\"pl_list--unordered\">\n<li>100% organische Baumwollqualit\u00e4t<\/li>\n<li>\u00dcberkreuzte Front mit Druckkn\u00f6pfen<\/li>\n<li>Weiche, flache Saumkanten f\u00fcr mehr Komfort<\/li>\n<li>Niedliche Designs<\/li>\n<\/ul>\n<\/div>\n<div class=\"pl_block pl_block--no-gap pdp_description js_pdp_description\">\n<div class=\"pl_text-expander pl_copy100 pdp_description__text-expander js_pdp_description__text-expander\">Stellou &amp; friends &#8211; Nur das Beste f\u00fcr die Kleinen!<\/div>\n<\/div>","protected":false},"featured_media":8670,"template":"","meta":[],"product_cat":[24,15],"product_tag":[],"yoast_head":"<!-- This site is optimized with the Yoast SEO plugin v23.5 - https:\/\/yoast.com\/wordpress\/plugins\/seo\/ -->\n<title>Set 3-tlg. Wickelbody kurzarm Blue Stripes | Stellou<\/title>\n<meta name=\"robots\" content=\"index, follow, max-snippet:-1, max-image-preview:large, max-video-preview:-1\" \/>\n<link rel=\"canonical\" href=\"https:\/\/stellou.eu\/en\/product\/set-3-tlg-wickelbody-kurzarm-boys\/\" \/>\n<meta property=\"og:locale\" content=\"en_US\" \/>\n<meta property=\"og:type\" content=\"article\" \/>\n<meta property=\"og:title\" content=\"Set 3-tlg. Wickelbody kurzarm Blue Stripes | Stellou\" \/>\n<meta property=\"og:description\" content=\"100% organische Baumwollqualit\u00e4t  \u00dcberkreuzte Front mit Druckkn\u00f6pfen  Weiche, flache Saumkanten f\u00fcr mehr Komfort  Niedliche Designs    Stellou &amp; friends - Nur das Beste f\u00fcr die Kleinen!\" \/>\n<meta property=\"og:url\" content=\"https:\/\/stellou.eu\/en\/product\/set-3-tlg-wickelbody-kurzarm-boys\/\" \/>\n<meta property=\"og:site_name\" content=\"Stellou\" \/>\n<meta property=\"article:modified_time\" content=\"2026-04-26T16:49:03+00:00\" \/>\n<meta property=\"og:image\" content=\"https:\/\/stellou.eu\/wp-content\/uploads\/2022\/06\/Blau1-copy-WHITE-SHADOW-709x1024.png\" \/>\n\t<meta property=\"og:image:width\" content=\"709\" \/>\n\t<meta property=\"og:image:height\" content=\"1024\" \/>\n\t<meta property=\"og:image:type\" content=\"image\/png\" \/>\n<meta name=\"twitter:card\" content=\"summary_large_image\" \/>\n<meta name=\"twitter:label1\" content=\"Est. reading time\" \/>\n\t<meta name=\"twitter:data1\" content=\"1 minute\" \/>\n<script type=\"application\/ld+json\" class=\"yoast-schema-graph\">{\"@context\":\"https:\/\/schema.org\",\"@graph\":[{\"@type\":\"WebPage\",\"@id\":\"https:\/\/stellou.eu\/product\/set-3-tlg-wickelbody-kurzarm-boys\/\",\"url\":\"https:\/\/stellou.eu\/product\/set-3-tlg-wickelbody-kurzarm-boys\/\",\"name\":\"Set 3-tlg. Wickelbody kurzarm Blue Stripes | Stellou\",\"isPartOf\":{\"@id\":\"https:\/\/stellou.eu\/#website\"},\"primaryImageOfPage\":{\"@id\":\"https:\/\/stellou.eu\/product\/set-3-tlg-wickelbody-kurzarm-boys\/#primaryimage\"},\"image\":{\"@id\":\"https:\/\/stellou.eu\/product\/set-3-tlg-wickelbody-kurzarm-boys\/#primaryimage\"},\"thumbnailUrl\":\"https:\/\/stellou.eu\/wp-content\/uploads\/2022\/06\/Blau1-copy-WHITE-SHADOW.png\",\"datePublished\":\"2022-06-24T23:13:08+00:00\",\"dateModified\":\"2026-04-26T16:49:03+00:00\",\"breadcrumb\":{\"@id\":\"https:\/\/stellou.eu\/product\/set-3-tlg-wickelbody-kurzarm-boys\/#breadcrumb\"},\"inLanguage\":\"en-US\",\"potentialAction\":[{\"@type\":\"ReadAction\",\"target\":[\"https:\/\/stellou.eu\/product\/set-3-tlg-wickelbody-kurzarm-boys\/\"]}]},{\"@type\":\"ImageObject\",\"inLanguage\":\"en-US\",\"@id\":\"https:\/\/stellou.eu\/product\/set-3-tlg-wickelbody-kurzarm-boys\/#primaryimage\",\"url\":\"https:\/\/stellou.eu\/wp-content\/uploads\/2022\/06\/Blau1-copy-WHITE-SHADOW.png\",\"contentUrl\":\"https:\/\/stellou.eu\/wp-content\/uploads\/2022\/06\/Blau1-copy-WHITE-SHADOW.png\",\"width\":1800,\"height\":2600},{\"@type\":\"BreadcrumbList\",\"@id\":\"https:\/\/stellou.eu\/product\/set-3-tlg-wickelbody-kurzarm-boys\/#breadcrumb\",\"itemListElement\":[{\"@type\":\"ListItem\",\"position\":1,\"name\":\"Home\",\"item\":\"https:\/\/stellou.eu\/\"},{\"@type\":\"ListItem\",\"position\":2,\"name\":\"Shop\",\"item\":\"https:\/\/stellou.northitgroup.eu\/shop\/\"},{\"@type\":\"ListItem\",\"position\":3,\"name\":\"Jungen\",\"item\":\"https:\/\/stellou.northitgroup.eu\/product-category\/jungen\/\"},{\"@type\":\"ListItem\",\"position\":4,\"name\":\"Body\",\"item\":\"https:\/\/stellou.northitgroup.eu\/en\/product-category\/jungen\/body\/\"},{\"@type\":\"ListItem\",\"position\":5,\"name\":\"Set 3-tlg. Wickelbody kurzarm Blue Stripes\"}]},{\"@type\":\"WebSite\",\"@id\":\"https:\/\/stellou.eu\/#website\",\"url\":\"https:\/\/stellou.eu\/\",\"name\":\"Stellou\",\"description\":\"\",\"publisher\":{\"@id\":\"https:\/\/stellou.eu\/#organization\"},\"potentialAction\":[{\"@type\":\"SearchAction\",\"target\":{\"@type\":\"EntryPoint\",\"urlTemplate\":\"https:\/\/stellou.eu\/?s={search_term_string}\"},\"query-input\":{\"@type\":\"PropertyValueSpecification\",\"valueRequired\":true,\"valueName\":\"search_term_string\"}}],\"inLanguage\":\"en-US\"},{\"@type\":\"Organization\",\"@id\":\"https:\/\/stellou.eu\/#organization\",\"name\":\"Stellou\",\"url\":\"https:\/\/stellou.eu\/\",\"logo\":{\"@type\":\"ImageObject\",\"inLanguage\":\"en-US\",\"@id\":\"https:\/\/stellou.eu\/#\/schema\/logo\/image\/\",\"url\":\"https:\/\/stellou.eu\/wp-content\/uploads\/2021\/04\/Group-30.svg\",\"contentUrl\":\"https:\/\/stellou.eu\/wp-content\/uploads\/2021\/04\/Group-30.svg\",\"width\":158,\"height\":78,\"caption\":\"Stellou\"},\"image\":{\"@id\":\"https:\/\/stellou.eu\/#\/schema\/logo\/image\/\"}}]}<\/script>\n<!-- \/ Yoast SEO plugin. -->","yoast_head_json":{"title":"Set 3-tlg. Wickelbody kurzarm Blue Stripes | Stellou","robots":{"index":"index","follow":"follow","max-snippet":"max-snippet:-1","max-image-preview":"max-image-preview:large","max-video-preview":"max-video-preview:-1"},"canonical":"https:\/\/stellou.eu\/en\/product\/set-3-tlg-wickelbody-kurzarm-boys\/","og_locale":"en_US","og_type":"article","og_title":"Set 3-tlg. Wickelbody kurzarm Blue Stripes | Stellou","og_description":"100% organische Baumwollqualit\u00e4t  \u00dcberkreuzte Front mit Druckkn\u00f6pfen  Weiche, flache Saumkanten f\u00fcr mehr Komfort  Niedliche Designs    Stellou &amp; friends - Nur das Beste f\u00fcr die Kleinen!","og_url":"https:\/\/stellou.eu\/en\/product\/set-3-tlg-wickelbody-kurzarm-boys\/","og_site_name":"Stellou","article_modified_time":"2026-04-26T16:49:03+00:00","og_image":[{"width":709,"height":1024,"url":"https:\/\/stellou.eu\/wp-content\/uploads\/2022\/06\/Blau1-copy-WHITE-SHADOW-709x1024.png","type":"image\/png"}],"twitter_card":"summary_large_image","twitter_misc":{"Est. reading time":"1 minute"},"schema":{"@context":"https:\/\/schema.org","@graph":[{"@type":"WebPage","@id":"https:\/\/stellou.eu\/product\/set-3-tlg-wickelbody-kurzarm-boys\/","url":"https:\/\/stellou.eu\/product\/set-3-tlg-wickelbody-kurzarm-boys\/","name":"Set 3-tlg. Wickelbody kurzarm Blue Stripes | Stellou","isPartOf":{"@id":"https:\/\/stellou.eu\/#website"},"primaryImageOfPage":{"@id":"https:\/\/stellou.eu\/product\/set-3-tlg-wickelbody-kurzarm-boys\/#primaryimage"},"image":{"@id":"https:\/\/stellou.eu\/product\/set-3-tlg-wickelbody-kurzarm-boys\/#primaryimage"},"thumbnailUrl":"https:\/\/stellou.eu\/wp-content\/uploads\/2022\/06\/Blau1-copy-WHITE-SHADOW.png","datePublished":"2022-06-24T23:13:08+00:00","dateModified":"2026-04-26T16:49:03+00:00","breadcrumb":{"@id":"https:\/\/stellou.eu\/product\/set-3-tlg-wickelbody-kurzarm-boys\/#breadcrumb"},"inLanguage":"en-US","potentialAction":[{"@type":"ReadAction","target":["https:\/\/stellou.eu\/product\/set-3-tlg-wickelbody-kurzarm-boys\/"]}]},{"@type":"ImageObject","inLanguage":"en-US","@id":"https:\/\/stellou.eu\/product\/set-3-tlg-wickelbody-kurzarm-boys\/#primaryimage","url":"https:\/\/stellou.eu\/wp-content\/uploads\/2022\/06\/Blau1-copy-WHITE-SHADOW.png","contentUrl":"https:\/\/stellou.eu\/wp-content\/uploads\/2022\/06\/Blau1-copy-WHITE-SHADOW.png","width":1800,"height":2600},{"@type":"BreadcrumbList","@id":"https:\/\/stellou.eu\/product\/set-3-tlg-wickelbody-kurzarm-boys\/#breadcrumb","itemListElement":[{"@type":"ListItem","position":1,"name":"Home","item":"https:\/\/stellou.eu\/"},{"@type":"ListItem","position":2,"name":"Shop","item":"https:\/\/stellou.northitgroup.eu\/shop\/"},{"@type":"ListItem","position":3,"name":"Jungen","item":"https:\/\/stellou.northitgroup.eu\/product-category\/jungen\/"},{"@type":"ListItem","position":4,"name":"Body","item":"https:\/\/stellou.northitgroup.eu\/en\/product-category\/jungen\/body\/"},{"@type":"ListItem","position":5,"name":"Set 3-tlg. Wickelbody kurzarm Blue Stripes"}]},{"@type":"WebSite","@id":"https:\/\/stellou.eu\/#website","url":"https:\/\/stellou.eu\/","name":"Stellou","description":"","publisher":{"@id":"https:\/\/stellou.eu\/#organization"},"potentialAction":[{"@type":"SearchAction","target":{"@type":"EntryPoint","urlTemplate":"https:\/\/stellou.eu\/?s={search_term_string}"},"query-input":{"@type":"PropertyValueSpecification","valueRequired":true,"valueName":"search_term_string"}}],"inLanguage":"en-US"},{"@type":"Organization","@id":"https:\/\/stellou.eu\/#organization","name":"Stellou","url":"https:\/\/stellou.eu\/","logo":{"@type":"ImageObject","inLanguage":"en-US","@id":"https:\/\/stellou.eu\/#\/schema\/logo\/image\/","url":"https:\/\/stellou.eu\/wp-content\/uploads\/2021\/04\/Group-30.svg","contentUrl":"https:\/\/stellou.eu\/wp-content\/uploads\/2021\/04\/Group-30.svg","width":158,"height":78,"caption":"Stellou"},"image":{"@id":"https:\/\/stellou.eu\/#\/schema\/logo\/image\/"}}]}},"_links":{"self":[{"href":"https:\/\/stellou.eu\/en\/wp-json\/wp\/v2\/product\/8305"}],"collection":[{"href":"https:\/\/stellou.eu\/en\/wp-json\/wp\/v2\/product"}],"about":[{"href":"https:\/\/stellou.eu\/en\/wp-json\/wp\/v2\/types\/product"}],"wp:featuredmedia":[{"embeddable":true,"href":"https:\/\/stellou.eu\/en\/wp-json\/wp\/v2\/media\/8670"}],"wp:attachment":[{"href":"https:\/\/stellou.eu\/en\/wp-json\/wp\/v2\/media?parent=8305"}],"wp:term":[{"taxonomy":"product_cat","embeddable":true,"href":"https:\/\/stellou.eu\/en\/wp-json\/wp\/v2\/product_cat?post=8305"},{"taxonomy":"product_tag","embeddable":true,"href":"https:\/\/stellou.eu\/en\/wp-json\/wp\/v2\/product_tag?post=8305"}],"curies":[{"name":"wp","href":"https:\/\/api.w.org\/{rel}","templated":true}]}}