{"id":8277,"date":"2022-05-31T14:42:52","date_gmt":"2022-05-31T12:42:52","guid":{"rendered":"https:\/\/stellou.eu\/product\/strick-cardigan-mit-kapuze\/"},"modified":"2025-10-09T20:39:44","modified_gmt":"2025-10-09T18:39:44","slug":"strick-cardigan-mit-kapuze","status":"publish","type":"product","link":"https:\/\/stellou.eu\/en\/produkt\/strick-cardigan-mit-kapuze\/","title":{"rendered":"Cardigan Strickjacke mit Kapuze"},"content":{"rendered":"<div class=\"pl_block pl_block--no-gap pdp_selling-points\">\n<ul class=\"pl_list--unordered\">\n<li>S\u00fc\u00dfer Strick-Cardigan mit breiten Streifen<\/li>\n<li>Kapuze mit niedliche B\u00e4rchen-Ohren<\/li>\n<li>100% GOTS zertifizierte Baumwolle<\/li>\n<\/ul>\n<\/div>\n<div class=\"pl_block pl_block--no-gap pdp_description js_pdp_description\">\n<div class=\"pl_text-expander pl_copy100 pdp_description__text-expander js_pdp_description__text-expander\">Stellou &amp; friends &#8211; nur das Beste f\u00fcr die Kleinen!<\/div>\n<\/div>\n<div><\/div>\n<div><\/div>\n<div><\/div>","protected":false},"excerpt":{"rendered":"<div class=\"pl_block pl_block--no-gap pdp_selling-points\">\n<ul class=\"pl_list--unordered\">\n<li>S\u00fc\u00dfer Strick-Cardigan mit breiten Streifen<\/li>\n<li>Kapuze mit niedliche B\u00e4rchen-Ohren<\/li>\n<li>100% GOTS zertifizierte Baumwolle<\/li>\n<\/ul>\n<\/div>\n<div class=\"pl_block pl_block--no-gap pdp_description js_pdp_description\">\n<div class=\"pl_text-expander pl_copy100 pdp_description__text-expander js_pdp_description__text-expander\">Stellou &amp; friends &#8211; nur das Beste f\u00fcr die Kleinen!<\/div>\n<\/div>","protected":false},"featured_media":8484,"template":"","meta":[],"product_cat":[29,112],"product_tag":[],"yoast_head":"<!-- This site is optimized with the Yoast SEO plugin v23.5 - https:\/\/yoast.com\/wordpress\/plugins\/seo\/ -->\n<title>Cardigan Strickjacke mit Kapuze | Stellou<\/title>\n<meta name=\"description\" content=\"S\u00fc\u00dfer Strick-Cardigan mit breiten Streifen. Kapuze mit niedliche B\u00e4rchen-Ohren. 100% GOTS zertifizierte Baumwolle.\" \/>\n<meta name=\"robots\" content=\"index, follow, max-snippet:-1, max-image-preview:large, max-video-preview:-1\" \/>\n<link rel=\"canonical\" href=\"https:\/\/stellou.eu\/en\/product\/strick-cardigan-mit-kapuze\/\" \/>\n<meta property=\"og:locale\" content=\"en_US\" \/>\n<meta property=\"og:type\" content=\"article\" \/>\n<meta property=\"og:title\" content=\"Cardigan Strickjacke mit Kapuze | Stellou\" \/>\n<meta property=\"og:description\" content=\"S\u00fc\u00dfer Strick-Cardigan mit breiten Streifen. Kapuze mit niedliche B\u00e4rchen-Ohren. 100% GOTS zertifizierte Baumwolle.\" \/>\n<meta property=\"og:url\" content=\"https:\/\/stellou.eu\/en\/product\/strick-cardigan-mit-kapuze\/\" \/>\n<meta property=\"og:site_name\" content=\"Stellou\" \/>\n<meta property=\"article:modified_time\" content=\"2025-10-09T18:39:44+00:00\" \/>\n<meta property=\"og:image\" content=\"https:\/\/stellou.eu\/wp-content\/uploads\/2022\/05\/Suprema_Resized-57-von-62-709x1024.png\" \/>\n\t<meta property=\"og:image:width\" content=\"709\" \/>\n\t<meta property=\"og:image:height\" content=\"1024\" \/>\n\t<meta property=\"og:image:type\" content=\"image\/png\" \/>\n<meta name=\"twitter:card\" content=\"summary_large_image\" \/>\n<meta name=\"twitter:label1\" content=\"Est. reading time\" \/>\n\t<meta name=\"twitter:data1\" content=\"1 minute\" \/>\n<script type=\"application\/ld+json\" class=\"yoast-schema-graph\">{\"@context\":\"https:\/\/schema.org\",\"@graph\":[{\"@type\":\"WebPage\",\"@id\":\"https:\/\/stellou.eu\/product\/strick-cardigan-mit-kapuze\/\",\"url\":\"https:\/\/stellou.eu\/product\/strick-cardigan-mit-kapuze\/\",\"name\":\"Cardigan Strickjacke mit Kapuze | Stellou\",\"isPartOf\":{\"@id\":\"https:\/\/stellou.eu\/#website\"},\"primaryImageOfPage\":{\"@id\":\"https:\/\/stellou.eu\/product\/strick-cardigan-mit-kapuze\/#primaryimage\"},\"image\":{\"@id\":\"https:\/\/stellou.eu\/product\/strick-cardigan-mit-kapuze\/#primaryimage\"},\"thumbnailUrl\":\"https:\/\/stellou.eu\/wp-content\/uploads\/2022\/05\/Suprema_Resized-57-von-62.png\",\"datePublished\":\"2022-05-31T12:42:52+00:00\",\"dateModified\":\"2025-10-09T18:39:44+00:00\",\"description\":\"S\u00fc\u00dfer Strick-Cardigan mit breiten Streifen. Kapuze mit niedliche B\u00e4rchen-Ohren. 100% GOTS zertifizierte Baumwolle.\",\"breadcrumb\":{\"@id\":\"https:\/\/stellou.eu\/product\/strick-cardigan-mit-kapuze\/#breadcrumb\"},\"inLanguage\":\"en-US\",\"potentialAction\":[{\"@type\":\"ReadAction\",\"target\":[\"https:\/\/stellou.eu\/product\/strick-cardigan-mit-kapuze\/\"]}]},{\"@type\":\"ImageObject\",\"inLanguage\":\"en-US\",\"@id\":\"https:\/\/stellou.eu\/product\/strick-cardigan-mit-kapuze\/#primaryimage\",\"url\":\"https:\/\/stellou.eu\/wp-content\/uploads\/2022\/05\/Suprema_Resized-57-von-62.png\",\"contentUrl\":\"https:\/\/stellou.eu\/wp-content\/uploads\/2022\/05\/Suprema_Resized-57-von-62.png\",\"width\":1800,\"height\":2600},{\"@type\":\"BreadcrumbList\",\"@id\":\"https:\/\/stellou.eu\/product\/strick-cardigan-mit-kapuze\/#breadcrumb\",\"itemListElement\":[{\"@type\":\"ListItem\",\"position\":1,\"name\":\"Home\",\"item\":\"https:\/\/stellou.eu\/\"},{\"@type\":\"ListItem\",\"position\":2,\"name\":\"Shop\",\"item\":\"https:\/\/stellou.northitgroup.eu\/shop\/\"},{\"@type\":\"ListItem\",\"position\":3,\"name\":\"M\u00e4dchen\",\"item\":\"https:\/\/stellou.northitgroup.eu\/en\/product-category\/madchen\/\"},{\"@type\":\"ListItem\",\"position\":4,\"name\":\"Cardigan\",\"item\":\"https:\/\/stellou.northitgroup.eu\/en\/product-category\/madchen\/cardigan-madchen\/\"},{\"@type\":\"ListItem\",\"position\":5,\"name\":\"Cardigan Strickjacke mit Kapuze\"}]},{\"@type\":\"WebSite\",\"@id\":\"https:\/\/stellou.eu\/#website\",\"url\":\"https:\/\/stellou.eu\/\",\"name\":\"Stellou\",\"description\":\"\",\"publisher\":{\"@id\":\"https:\/\/stellou.eu\/#organization\"},\"potentialAction\":[{\"@type\":\"SearchAction\",\"target\":{\"@type\":\"EntryPoint\",\"urlTemplate\":\"https:\/\/stellou.eu\/?s={search_term_string}\"},\"query-input\":{\"@type\":\"PropertyValueSpecification\",\"valueRequired\":true,\"valueName\":\"search_term_string\"}}],\"inLanguage\":\"en-US\"},{\"@type\":\"Organization\",\"@id\":\"https:\/\/stellou.eu\/#organization\",\"name\":\"Stellou\",\"url\":\"https:\/\/stellou.eu\/\",\"logo\":{\"@type\":\"ImageObject\",\"inLanguage\":\"en-US\",\"@id\":\"https:\/\/stellou.eu\/#\/schema\/logo\/image\/\",\"url\":\"https:\/\/stellou.eu\/wp-content\/uploads\/2021\/04\/Group-30.svg\",\"contentUrl\":\"https:\/\/stellou.eu\/wp-content\/uploads\/2021\/04\/Group-30.svg\",\"width\":158,\"height\":78,\"caption\":\"Stellou\"},\"image\":{\"@id\":\"https:\/\/stellou.eu\/#\/schema\/logo\/image\/\"}}]}<\/script>\n<!-- \/ Yoast SEO plugin. -->","yoast_head_json":{"title":"Cardigan Strickjacke mit Kapuze | Stellou","description":"S\u00fc\u00dfer Strick-Cardigan mit breiten Streifen. Kapuze mit niedliche B\u00e4rchen-Ohren. 100% GOTS zertifizierte Baumwolle.","robots":{"index":"index","follow":"follow","max-snippet":"max-snippet:-1","max-image-preview":"max-image-preview:large","max-video-preview":"max-video-preview:-1"},"canonical":"https:\/\/stellou.eu\/en\/product\/strick-cardigan-mit-kapuze\/","og_locale":"en_US","og_type":"article","og_title":"Cardigan Strickjacke mit Kapuze | Stellou","og_description":"S\u00fc\u00dfer Strick-Cardigan mit breiten Streifen. Kapuze mit niedliche B\u00e4rchen-Ohren. 100% GOTS zertifizierte Baumwolle.","og_url":"https:\/\/stellou.eu\/en\/product\/strick-cardigan-mit-kapuze\/","og_site_name":"Stellou","article_modified_time":"2025-10-09T18:39:44+00:00","og_image":[{"width":709,"height":1024,"url":"https:\/\/stellou.eu\/wp-content\/uploads\/2022\/05\/Suprema_Resized-57-von-62-709x1024.png","type":"image\/png"}],"twitter_card":"summary_large_image","twitter_misc":{"Est. reading time":"1 minute"},"schema":{"@context":"https:\/\/schema.org","@graph":[{"@type":"WebPage","@id":"https:\/\/stellou.eu\/product\/strick-cardigan-mit-kapuze\/","url":"https:\/\/stellou.eu\/product\/strick-cardigan-mit-kapuze\/","name":"Cardigan Strickjacke mit Kapuze | Stellou","isPartOf":{"@id":"https:\/\/stellou.eu\/#website"},"primaryImageOfPage":{"@id":"https:\/\/stellou.eu\/product\/strick-cardigan-mit-kapuze\/#primaryimage"},"image":{"@id":"https:\/\/stellou.eu\/product\/strick-cardigan-mit-kapuze\/#primaryimage"},"thumbnailUrl":"https:\/\/stellou.eu\/wp-content\/uploads\/2022\/05\/Suprema_Resized-57-von-62.png","datePublished":"2022-05-31T12:42:52+00:00","dateModified":"2025-10-09T18:39:44+00:00","description":"S\u00fc\u00dfer Strick-Cardigan mit breiten Streifen. Kapuze mit niedliche B\u00e4rchen-Ohren. 100% GOTS zertifizierte Baumwolle.","breadcrumb":{"@id":"https:\/\/stellou.eu\/product\/strick-cardigan-mit-kapuze\/#breadcrumb"},"inLanguage":"en-US","potentialAction":[{"@type":"ReadAction","target":["https:\/\/stellou.eu\/product\/strick-cardigan-mit-kapuze\/"]}]},{"@type":"ImageObject","inLanguage":"en-US","@id":"https:\/\/stellou.eu\/product\/strick-cardigan-mit-kapuze\/#primaryimage","url":"https:\/\/stellou.eu\/wp-content\/uploads\/2022\/05\/Suprema_Resized-57-von-62.png","contentUrl":"https:\/\/stellou.eu\/wp-content\/uploads\/2022\/05\/Suprema_Resized-57-von-62.png","width":1800,"height":2600},{"@type":"BreadcrumbList","@id":"https:\/\/stellou.eu\/product\/strick-cardigan-mit-kapuze\/#breadcrumb","itemListElement":[{"@type":"ListItem","position":1,"name":"Home","item":"https:\/\/stellou.eu\/"},{"@type":"ListItem","position":2,"name":"Shop","item":"https:\/\/stellou.northitgroup.eu\/shop\/"},{"@type":"ListItem","position":3,"name":"M\u00e4dchen","item":"https:\/\/stellou.northitgroup.eu\/en\/product-category\/madchen\/"},{"@type":"ListItem","position":4,"name":"Cardigan","item":"https:\/\/stellou.northitgroup.eu\/en\/product-category\/madchen\/cardigan-madchen\/"},{"@type":"ListItem","position":5,"name":"Cardigan Strickjacke mit Kapuze"}]},{"@type":"WebSite","@id":"https:\/\/stellou.eu\/#website","url":"https:\/\/stellou.eu\/","name":"Stellou","description":"","publisher":{"@id":"https:\/\/stellou.eu\/#organization"},"potentialAction":[{"@type":"SearchAction","target":{"@type":"EntryPoint","urlTemplate":"https:\/\/stellou.eu\/?s={search_term_string}"},"query-input":{"@type":"PropertyValueSpecification","valueRequired":true,"valueName":"search_term_string"}}],"inLanguage":"en-US"},{"@type":"Organization","@id":"https:\/\/stellou.eu\/#organization","name":"Stellou","url":"https:\/\/stellou.eu\/","logo":{"@type":"ImageObject","inLanguage":"en-US","@id":"https:\/\/stellou.eu\/#\/schema\/logo\/image\/","url":"https:\/\/stellou.eu\/wp-content\/uploads\/2021\/04\/Group-30.svg","contentUrl":"https:\/\/stellou.eu\/wp-content\/uploads\/2021\/04\/Group-30.svg","width":158,"height":78,"caption":"Stellou"},"image":{"@id":"https:\/\/stellou.eu\/#\/schema\/logo\/image\/"}}]}},"_links":{"self":[{"href":"https:\/\/stellou.eu\/en\/wp-json\/wp\/v2\/product\/8277"}],"collection":[{"href":"https:\/\/stellou.eu\/en\/wp-json\/wp\/v2\/product"}],"about":[{"href":"https:\/\/stellou.eu\/en\/wp-json\/wp\/v2\/types\/product"}],"wp:featuredmedia":[{"embeddable":true,"href":"https:\/\/stellou.eu\/en\/wp-json\/wp\/v2\/media\/8484"}],"wp:attachment":[{"href":"https:\/\/stellou.eu\/en\/wp-json\/wp\/v2\/media?parent=8277"}],"wp:term":[{"taxonomy":"product_cat","embeddable":true,"href":"https:\/\/stellou.eu\/en\/wp-json\/wp\/v2\/product_cat?post=8277"},{"taxonomy":"product_tag","embeddable":true,"href":"https:\/\/stellou.eu\/en\/wp-json\/wp\/v2\/product_tag?post=8277"}],"curies":[{"name":"wp","href":"https:\/\/api.w.org\/{rel}","templated":true}]}}