{"id":8237,"date":"2022-05-31T01:12:26","date_gmt":"2022-05-30T23:12:26","guid":{"rendered":"https:\/\/stellou.eu\/product\/cardigan-mit-kaputze\/"},"modified":"2024-06-06T12:40:52","modified_gmt":"2024-06-06T10:40:52","slug":"cardigan-mit-kaputze","status":"publish","type":"product","link":"https:\/\/stellou.eu\/en\/produkt\/cardigan-mit-kaputze\/","title":{"rendered":"Cardigan mit Kapuze und Herzchen-Stickerei"},"content":{"rendered":"<div class=\"pl_block pl_block--no-gap pdp_selling-points\">\n<ul class=\"pl_list--unordered\">\n<li>Leichter Cardigan mit Kapuze in Beige<\/li>\n<li>S\u00fc\u00dfe Herzchen-Stickerei<\/li>\n<li>Material: 100% Baumwolle<\/li>\n<\/ul>\n<\/div>\n<div class=\"pl_block pl_block--no-gap pdp_description js_pdp_description\">\n<div class=\"pl_text-expander pl_copy100 pdp_description__text-expander js_pdp_description__text-expander\">Stellou &amp; friends &#8211; nur das Beste f\u00fcr die Kleinen! L\u00e4ssig und dennoch verspielt. Die Hoodie-Strickjacke ist aus reiner Baumwolle gefertigt \u2013 das sorgt f\u00fcr ein angenehm weiches Tragegef\u00fchl. Dank Knopfleiste auf der Vorderseite sind die Kleinen im Handumdrehen umgezogen. Der heller abgesetzte Saum sowie das Innenfutter der Kapuze und die niedliche Herz-Stickerei auf der Vorderseite, machen das J\u00e4ckchen zu einem ganz besonderen Hingucker!<\/div>\n<\/div>","protected":false},"excerpt":{"rendered":"<p>Leichter Cardigan mit Kapuze in Beige S\u00fc\u00dfe Herzchen-Stickerei Material: 100% Baumwolle Stellou &amp; friends &#8211; nur das Beste f\u00fcr die Kleinen! L\u00e4ssig und dennoch verspielt. Die Hoodie-Strickjacke ist aus reiner Baumwolle gefertigt \u2013 das sorgt f\u00fcr ein angenehm weiches Tragegef\u00fchl. Dank Knopfleiste auf der Vorderseite sind die Kleinen im Handumdrehen umgezogen. Der heller abgesetzte Saum [&hellip;]<\/p>","protected":false},"featured_media":8427,"template":"","meta":[],"product_cat":[112,29],"product_tag":[],"yoast_head":"<!-- This site is optimized with the Yoast SEO plugin v23.5 - https:\/\/yoast.com\/wordpress\/plugins\/seo\/ -->\n<title>Cardigan mit Kapuze und Herzchen-Stickerei | Stellou<\/title>\n<meta name=\"robots\" content=\"index, follow, max-snippet:-1, max-image-preview:large, max-video-preview:-1\" \/>\n<link rel=\"canonical\" href=\"https:\/\/stellou.eu\/en\/product\/cardigan-mit-kaputze\/\" \/>\n<meta property=\"og:locale\" content=\"en_US\" \/>\n<meta property=\"og:type\" content=\"article\" \/>\n<meta property=\"og:title\" content=\"Cardigan mit Kapuze und Herzchen-Stickerei | Stellou\" \/>\n<meta property=\"og:description\" content=\"Leichter Cardigan mit Kapuze in Beige S\u00fc\u00dfe Herzchen-Stickerei Material: 100% Baumwolle Stellou &amp; friends &#8211; nur das Beste f\u00fcr die Kleinen! L\u00e4ssig und dennoch verspielt. Die Hoodie-Strickjacke ist aus reiner Baumwolle gefertigt \u2013 das sorgt f\u00fcr ein angenehm weiches Tragegef\u00fchl. Dank Knopfleiste auf der Vorderseite sind die Kleinen im Handumdrehen umgezogen. Der heller abgesetzte Saum [&hellip;]\" \/>\n<meta property=\"og:url\" content=\"https:\/\/stellou.eu\/en\/product\/cardigan-mit-kaputze\/\" \/>\n<meta property=\"og:site_name\" content=\"Stellou\" \/>\n<meta property=\"article:modified_time\" content=\"2024-06-06T10:40:52+00:00\" \/>\n<meta property=\"og:image\" content=\"https:\/\/stellou.eu\/wp-content\/uploads\/2022\/05\/52f458cee5c54bd1975ae1cf3a2ab189.png\" \/>\n\t<meta property=\"og:image:width\" content=\"1800\" \/>\n\t<meta property=\"og:image:height\" content=\"2600\" \/>\n\t<meta property=\"og:image:type\" content=\"image\/png\" \/>\n<meta name=\"twitter:card\" content=\"summary_large_image\" \/>\n<meta name=\"twitter:label1\" content=\"Est. reading time\" \/>\n\t<meta name=\"twitter:data1\" content=\"1 minute\" \/>\n<script type=\"application\/ld+json\" class=\"yoast-schema-graph\">{\"@context\":\"https:\/\/schema.org\",\"@graph\":[{\"@type\":\"WebPage\",\"@id\":\"https:\/\/stellou.eu\/product\/cardigan-mit-kaputze\/\",\"url\":\"https:\/\/stellou.eu\/product\/cardigan-mit-kaputze\/\",\"name\":\"Cardigan mit Kapuze und Herzchen-Stickerei | Stellou\",\"isPartOf\":{\"@id\":\"https:\/\/stellou.eu\/#website\"},\"primaryImageOfPage\":{\"@id\":\"https:\/\/stellou.eu\/product\/cardigan-mit-kaputze\/#primaryimage\"},\"image\":{\"@id\":\"https:\/\/stellou.eu\/product\/cardigan-mit-kaputze\/#primaryimage\"},\"thumbnailUrl\":\"https:\/\/stellou.eu\/wp-content\/uploads\/2022\/05\/52f458cee5c54bd1975ae1cf3a2ab189.png\",\"datePublished\":\"2022-05-30T23:12:26+00:00\",\"dateModified\":\"2024-06-06T10:40:52+00:00\",\"breadcrumb\":{\"@id\":\"https:\/\/stellou.eu\/product\/cardigan-mit-kaputze\/#breadcrumb\"},\"inLanguage\":\"en-US\",\"potentialAction\":[{\"@type\":\"ReadAction\",\"target\":[\"https:\/\/stellou.eu\/product\/cardigan-mit-kaputze\/\"]}]},{\"@type\":\"ImageObject\",\"inLanguage\":\"en-US\",\"@id\":\"https:\/\/stellou.eu\/product\/cardigan-mit-kaputze\/#primaryimage\",\"url\":\"https:\/\/stellou.eu\/wp-content\/uploads\/2022\/05\/52f458cee5c54bd1975ae1cf3a2ab189.png\",\"contentUrl\":\"https:\/\/stellou.eu\/wp-content\/uploads\/2022\/05\/52f458cee5c54bd1975ae1cf3a2ab189.png\",\"width\":1800,\"height\":2600},{\"@type\":\"BreadcrumbList\",\"@id\":\"https:\/\/stellou.eu\/product\/cardigan-mit-kaputze\/#breadcrumb\",\"itemListElement\":[{\"@type\":\"ListItem\",\"position\":1,\"name\":\"Home\",\"item\":\"https:\/\/stellou.eu\/\"},{\"@type\":\"ListItem\",\"position\":2,\"name\":\"Shop\",\"item\":\"https:\/\/stellou.northitgroup.eu\/shop\/\"},{\"@type\":\"ListItem\",\"position\":3,\"name\":\"M\u00e4dchen\",\"item\":\"https:\/\/stellou.northitgroup.eu\/en\/product-category\/madchen\/\"},{\"@type\":\"ListItem\",\"position\":4,\"name\":\"Cardigan\",\"item\":\"https:\/\/stellou.northitgroup.eu\/en\/product-category\/madchen\/cardigan-madchen\/\"},{\"@type\":\"ListItem\",\"position\":5,\"name\":\"Cardigan mit Kapuze und Herzchen-Stickerei\"}]},{\"@type\":\"WebSite\",\"@id\":\"https:\/\/stellou.eu\/#website\",\"url\":\"https:\/\/stellou.eu\/\",\"name\":\"Stellou\",\"description\":\"\",\"publisher\":{\"@id\":\"https:\/\/stellou.eu\/#organization\"},\"potentialAction\":[{\"@type\":\"SearchAction\",\"target\":{\"@type\":\"EntryPoint\",\"urlTemplate\":\"https:\/\/stellou.eu\/?s={search_term_string}\"},\"query-input\":{\"@type\":\"PropertyValueSpecification\",\"valueRequired\":true,\"valueName\":\"search_term_string\"}}],\"inLanguage\":\"en-US\"},{\"@type\":\"Organization\",\"@id\":\"https:\/\/stellou.eu\/#organization\",\"name\":\"Stellou\",\"url\":\"https:\/\/stellou.eu\/\",\"logo\":{\"@type\":\"ImageObject\",\"inLanguage\":\"en-US\",\"@id\":\"https:\/\/stellou.eu\/#\/schema\/logo\/image\/\",\"url\":\"https:\/\/stellou.eu\/wp-content\/uploads\/2021\/04\/Group-30.svg\",\"contentUrl\":\"https:\/\/stellou.eu\/wp-content\/uploads\/2021\/04\/Group-30.svg\",\"width\":158,\"height\":78,\"caption\":\"Stellou\"},\"image\":{\"@id\":\"https:\/\/stellou.eu\/#\/schema\/logo\/image\/\"}}]}<\/script>\n<!-- \/ Yoast SEO plugin. -->","yoast_head_json":{"title":"Cardigan mit Kapuze und Herzchen-Stickerei | Stellou","robots":{"index":"index","follow":"follow","max-snippet":"max-snippet:-1","max-image-preview":"max-image-preview:large","max-video-preview":"max-video-preview:-1"},"canonical":"https:\/\/stellou.eu\/en\/product\/cardigan-mit-kaputze\/","og_locale":"en_US","og_type":"article","og_title":"Cardigan mit Kapuze und Herzchen-Stickerei | Stellou","og_description":"Leichter Cardigan mit Kapuze in Beige S\u00fc\u00dfe Herzchen-Stickerei Material: 100% Baumwolle Stellou &amp; friends &#8211; nur das Beste f\u00fcr die Kleinen! L\u00e4ssig und dennoch verspielt. Die Hoodie-Strickjacke ist aus reiner Baumwolle gefertigt \u2013 das sorgt f\u00fcr ein angenehm weiches Tragegef\u00fchl. Dank Knopfleiste auf der Vorderseite sind die Kleinen im Handumdrehen umgezogen. Der heller abgesetzte Saum [&hellip;]","og_url":"https:\/\/stellou.eu\/en\/product\/cardigan-mit-kaputze\/","og_site_name":"Stellou","article_modified_time":"2024-06-06T10:40:52+00:00","og_image":[{"width":1800,"height":2600,"url":"https:\/\/stellou.eu\/wp-content\/uploads\/2022\/05\/52f458cee5c54bd1975ae1cf3a2ab189.png","type":"image\/png"}],"twitter_card":"summary_large_image","twitter_misc":{"Est. reading time":"1 minute"},"schema":{"@context":"https:\/\/schema.org","@graph":[{"@type":"WebPage","@id":"https:\/\/stellou.eu\/product\/cardigan-mit-kaputze\/","url":"https:\/\/stellou.eu\/product\/cardigan-mit-kaputze\/","name":"Cardigan mit Kapuze und Herzchen-Stickerei | Stellou","isPartOf":{"@id":"https:\/\/stellou.eu\/#website"},"primaryImageOfPage":{"@id":"https:\/\/stellou.eu\/product\/cardigan-mit-kaputze\/#primaryimage"},"image":{"@id":"https:\/\/stellou.eu\/product\/cardigan-mit-kaputze\/#primaryimage"},"thumbnailUrl":"https:\/\/stellou.eu\/wp-content\/uploads\/2022\/05\/52f458cee5c54bd1975ae1cf3a2ab189.png","datePublished":"2022-05-30T23:12:26+00:00","dateModified":"2024-06-06T10:40:52+00:00","breadcrumb":{"@id":"https:\/\/stellou.eu\/product\/cardigan-mit-kaputze\/#breadcrumb"},"inLanguage":"en-US","potentialAction":[{"@type":"ReadAction","target":["https:\/\/stellou.eu\/product\/cardigan-mit-kaputze\/"]}]},{"@type":"ImageObject","inLanguage":"en-US","@id":"https:\/\/stellou.eu\/product\/cardigan-mit-kaputze\/#primaryimage","url":"https:\/\/stellou.eu\/wp-content\/uploads\/2022\/05\/52f458cee5c54bd1975ae1cf3a2ab189.png","contentUrl":"https:\/\/stellou.eu\/wp-content\/uploads\/2022\/05\/52f458cee5c54bd1975ae1cf3a2ab189.png","width":1800,"height":2600},{"@type":"BreadcrumbList","@id":"https:\/\/stellou.eu\/product\/cardigan-mit-kaputze\/#breadcrumb","itemListElement":[{"@type":"ListItem","position":1,"name":"Home","item":"https:\/\/stellou.eu\/"},{"@type":"ListItem","position":2,"name":"Shop","item":"https:\/\/stellou.northitgroup.eu\/shop\/"},{"@type":"ListItem","position":3,"name":"M\u00e4dchen","item":"https:\/\/stellou.northitgroup.eu\/en\/product-category\/madchen\/"},{"@type":"ListItem","position":4,"name":"Cardigan","item":"https:\/\/stellou.northitgroup.eu\/en\/product-category\/madchen\/cardigan-madchen\/"},{"@type":"ListItem","position":5,"name":"Cardigan mit Kapuze und Herzchen-Stickerei"}]},{"@type":"WebSite","@id":"https:\/\/stellou.eu\/#website","url":"https:\/\/stellou.eu\/","name":"Stellou","description":"","publisher":{"@id":"https:\/\/stellou.eu\/#organization"},"potentialAction":[{"@type":"SearchAction","target":{"@type":"EntryPoint","urlTemplate":"https:\/\/stellou.eu\/?s={search_term_string}"},"query-input":{"@type":"PropertyValueSpecification","valueRequired":true,"valueName":"search_term_string"}}],"inLanguage":"en-US"},{"@type":"Organization","@id":"https:\/\/stellou.eu\/#organization","name":"Stellou","url":"https:\/\/stellou.eu\/","logo":{"@type":"ImageObject","inLanguage":"en-US","@id":"https:\/\/stellou.eu\/#\/schema\/logo\/image\/","url":"https:\/\/stellou.eu\/wp-content\/uploads\/2021\/04\/Group-30.svg","contentUrl":"https:\/\/stellou.eu\/wp-content\/uploads\/2021\/04\/Group-30.svg","width":158,"height":78,"caption":"Stellou"},"image":{"@id":"https:\/\/stellou.eu\/#\/schema\/logo\/image\/"}}]}},"_links":{"self":[{"href":"https:\/\/stellou.eu\/en\/wp-json\/wp\/v2\/product\/8237"}],"collection":[{"href":"https:\/\/stellou.eu\/en\/wp-json\/wp\/v2\/product"}],"about":[{"href":"https:\/\/stellou.eu\/en\/wp-json\/wp\/v2\/types\/product"}],"wp:featuredmedia":[{"embeddable":true,"href":"https:\/\/stellou.eu\/en\/wp-json\/wp\/v2\/media\/8427"}],"wp:attachment":[{"href":"https:\/\/stellou.eu\/en\/wp-json\/wp\/v2\/media?parent=8237"}],"wp:term":[{"taxonomy":"product_cat","embeddable":true,"href":"https:\/\/stellou.eu\/en\/wp-json\/wp\/v2\/product_cat?post=8237"},{"taxonomy":"product_tag","embeddable":true,"href":"https:\/\/stellou.eu\/en\/wp-json\/wp\/v2\/product_tag?post=8237"}],"curies":[{"name":"wp","href":"https:\/\/api.w.org\/{rel}","templated":true}]}}