{"id":8232,"date":"2022-05-31T01:12:25","date_gmt":"2022-05-30T23:12:25","guid":{"rendered":"https:\/\/stellou.eu\/product\/cardigan-mit-kragen\/"},"modified":"2024-07-08T09:08:05","modified_gmt":"2024-07-08T07:08:05","slug":"cardigan-mit-kragen","status":"publish","type":"product","link":"https:\/\/stellou.eu\/en\/produkt\/cardigan-mit-kragen\/","title":{"rendered":"Cardigan-Strickjacke mit Kragen"},"content":{"rendered":"<div class=\"pl_block pl_block--no-gap pdp_selling-points\">\n<ul class=\"pl_list--unordered\">\n<li>Leichter Cardigan mit s\u00fc\u00dfem Bubi-Spitzenkragen<\/li>\n<li>Knopfverschluss mit Kn\u00f6pfen in Herzform<\/li>\n<li>Material: 100% Baumwolle<\/li>\n<\/ul>\n<\/div>\n<div class=\"pl_block pl_block--no-gap pdp_description js_pdp_description\">\n<div class=\"pl_text-expander pl_copy100 pdp_description__text-expander js_pdp_description__text-expander\">Stellou &amp; friends &#8211; nur das Beste f\u00fcr die Kleinen! Dieser leichte Cardigan ist ein s\u00fc\u00dfes Must-have und l\u00e4sst sich durch den neutralen Beige-Ton ideal kombinieren. Egal ob zu Sommerkleidchen oder dicker Hose, Rock oder Shorts&#8230; die Strickjacke ist ein absoluter Allrounder und nicht mehr aus dem Kleiderschrank wegzudenken. Der Bubikragen aus Spitze verleiht dem J\u00e4ckchen einen ganz besonderen Charme.<\/div>\n<\/div>","protected":false},"excerpt":{"rendered":"<p>Leichter Cardigan mit s\u00fc\u00dfem Bubi-Spitzenkragen Knopfverschluss mit Kn\u00f6pfen in Herzform Material: 100% Baumwolle Stellou &amp; friends &#8211; nur das Beste f\u00fcr die Kleinen! Dieser leichte Cardigan ist ein s\u00fc\u00dfes Must-have und l\u00e4sst sich durch den neutralen Beige-Ton ideal kombinieren. Egal ob zu Sommerkleidchen oder dicker Hose, Rock oder Shorts&#8230; die Strickjacke ist ein absoluter Allrounder [&hellip;]<\/p>","protected":false},"featured_media":8459,"template":"","meta":[],"product_cat":[29],"product_tag":[],"yoast_head":"<!-- This site is optimized with the Yoast SEO plugin v23.5 - https:\/\/yoast.com\/wordpress\/plugins\/seo\/ -->\n<title>Cardigan-Strickjacke mit Kragen | Stellou<\/title>\n<meta name=\"robots\" content=\"index, follow, max-snippet:-1, max-image-preview:large, max-video-preview:-1\" \/>\n<link rel=\"canonical\" href=\"https:\/\/stellou.eu\/en\/product\/cardigan-mit-kragen\/\" \/>\n<meta property=\"og:locale\" content=\"en_US\" \/>\n<meta property=\"og:type\" content=\"article\" \/>\n<meta property=\"og:title\" content=\"Cardigan-Strickjacke mit Kragen | Stellou\" \/>\n<meta property=\"og:description\" content=\"Leichter Cardigan mit s\u00fc\u00dfem Bubi-Spitzenkragen Knopfverschluss mit Kn\u00f6pfen in Herzform Material: 100% Baumwolle Stellou &amp; friends &#8211; nur das Beste f\u00fcr die Kleinen! Dieser leichte Cardigan ist ein s\u00fc\u00dfes Must-have und l\u00e4sst sich durch den neutralen Beige-Ton ideal kombinieren. Egal ob zu Sommerkleidchen oder dicker Hose, Rock oder Shorts&#8230; die Strickjacke ist ein absoluter Allrounder [&hellip;]\" \/>\n<meta property=\"og:url\" content=\"https:\/\/stellou.eu\/en\/product\/cardigan-mit-kragen\/\" \/>\n<meta property=\"og:site_name\" content=\"Stellou\" \/>\n<meta property=\"article:modified_time\" content=\"2024-07-08T07:08:05+00:00\" \/>\n<meta property=\"og:image\" content=\"https:\/\/stellou.eu\/wp-content\/uploads\/2022\/05\/3233deb5f9824d5782df557ab73d54c3-scaled.jpg\" \/>\n\t<meta property=\"og:image:width\" content=\"1772\" \/>\n\t<meta property=\"og:image:height\" content=\"2560\" \/>\n\t<meta property=\"og:image:type\" content=\"image\/jpeg\" \/>\n<meta name=\"twitter:card\" content=\"summary_large_image\" \/>\n<meta name=\"twitter:label1\" content=\"Est. reading time\" \/>\n\t<meta name=\"twitter:data1\" content=\"1 minute\" \/>\n<script type=\"application\/ld+json\" class=\"yoast-schema-graph\">{\"@context\":\"https:\/\/schema.org\",\"@graph\":[{\"@type\":\"WebPage\",\"@id\":\"https:\/\/stellou.eu\/product\/cardigan-mit-kragen\/\",\"url\":\"https:\/\/stellou.eu\/product\/cardigan-mit-kragen\/\",\"name\":\"Cardigan-Strickjacke mit Kragen | Stellou\",\"isPartOf\":{\"@id\":\"https:\/\/stellou.eu\/#website\"},\"primaryImageOfPage\":{\"@id\":\"https:\/\/stellou.eu\/product\/cardigan-mit-kragen\/#primaryimage\"},\"image\":{\"@id\":\"https:\/\/stellou.eu\/product\/cardigan-mit-kragen\/#primaryimage\"},\"thumbnailUrl\":\"https:\/\/stellou.eu\/wp-content\/uploads\/2022\/05\/3233deb5f9824d5782df557ab73d54c3-scaled.jpg\",\"datePublished\":\"2022-05-30T23:12:25+00:00\",\"dateModified\":\"2024-07-08T07:08:05+00:00\",\"breadcrumb\":{\"@id\":\"https:\/\/stellou.eu\/product\/cardigan-mit-kragen\/#breadcrumb\"},\"inLanguage\":\"en-US\",\"potentialAction\":[{\"@type\":\"ReadAction\",\"target\":[\"https:\/\/stellou.eu\/product\/cardigan-mit-kragen\/\"]}]},{\"@type\":\"ImageObject\",\"inLanguage\":\"en-US\",\"@id\":\"https:\/\/stellou.eu\/product\/cardigan-mit-kragen\/#primaryimage\",\"url\":\"https:\/\/stellou.eu\/wp-content\/uploads\/2022\/05\/3233deb5f9824d5782df557ab73d54c3-scaled.jpg\",\"contentUrl\":\"https:\/\/stellou.eu\/wp-content\/uploads\/2022\/05\/3233deb5f9824d5782df557ab73d54c3-scaled.jpg\",\"width\":1772,\"height\":2560},{\"@type\":\"BreadcrumbList\",\"@id\":\"https:\/\/stellou.eu\/product\/cardigan-mit-kragen\/#breadcrumb\",\"itemListElement\":[{\"@type\":\"ListItem\",\"position\":1,\"name\":\"Home\",\"item\":\"https:\/\/stellou.eu\/\"},{\"@type\":\"ListItem\",\"position\":2,\"name\":\"Shop\",\"item\":\"https:\/\/stellou.northitgroup.eu\/shop\/\"},{\"@type\":\"ListItem\",\"position\":3,\"name\":\"M\u00e4dchen\",\"item\":\"https:\/\/stellou.northitgroup.eu\/en\/product-category\/madchen\/\"},{\"@type\":\"ListItem\",\"position\":4,\"name\":\"Cardigan-Strickjacke mit Kragen\"}]},{\"@type\":\"WebSite\",\"@id\":\"https:\/\/stellou.eu\/#website\",\"url\":\"https:\/\/stellou.eu\/\",\"name\":\"Stellou\",\"description\":\"\",\"publisher\":{\"@id\":\"https:\/\/stellou.eu\/#organization\"},\"potentialAction\":[{\"@type\":\"SearchAction\",\"target\":{\"@type\":\"EntryPoint\",\"urlTemplate\":\"https:\/\/stellou.eu\/?s={search_term_string}\"},\"query-input\":{\"@type\":\"PropertyValueSpecification\",\"valueRequired\":true,\"valueName\":\"search_term_string\"}}],\"inLanguage\":\"en-US\"},{\"@type\":\"Organization\",\"@id\":\"https:\/\/stellou.eu\/#organization\",\"name\":\"Stellou\",\"url\":\"https:\/\/stellou.eu\/\",\"logo\":{\"@type\":\"ImageObject\",\"inLanguage\":\"en-US\",\"@id\":\"https:\/\/stellou.eu\/#\/schema\/logo\/image\/\",\"url\":\"https:\/\/stellou.eu\/wp-content\/uploads\/2021\/04\/Group-30.svg\",\"contentUrl\":\"https:\/\/stellou.eu\/wp-content\/uploads\/2021\/04\/Group-30.svg\",\"width\":158,\"height\":78,\"caption\":\"Stellou\"},\"image\":{\"@id\":\"https:\/\/stellou.eu\/#\/schema\/logo\/image\/\"}}]}<\/script>\n<!-- \/ Yoast SEO plugin. -->","yoast_head_json":{"title":"Cardigan-Strickjacke mit Kragen | Stellou","robots":{"index":"index","follow":"follow","max-snippet":"max-snippet:-1","max-image-preview":"max-image-preview:large","max-video-preview":"max-video-preview:-1"},"canonical":"https:\/\/stellou.eu\/en\/product\/cardigan-mit-kragen\/","og_locale":"en_US","og_type":"article","og_title":"Cardigan-Strickjacke mit Kragen | Stellou","og_description":"Leichter Cardigan mit s\u00fc\u00dfem Bubi-Spitzenkragen Knopfverschluss mit Kn\u00f6pfen in Herzform Material: 100% Baumwolle Stellou &amp; friends &#8211; nur das Beste f\u00fcr die Kleinen! Dieser leichte Cardigan ist ein s\u00fc\u00dfes Must-have und l\u00e4sst sich durch den neutralen Beige-Ton ideal kombinieren. Egal ob zu Sommerkleidchen oder dicker Hose, Rock oder Shorts&#8230; die Strickjacke ist ein absoluter Allrounder [&hellip;]","og_url":"https:\/\/stellou.eu\/en\/product\/cardigan-mit-kragen\/","og_site_name":"Stellou","article_modified_time":"2024-07-08T07:08:05+00:00","og_image":[{"width":1772,"height":2560,"url":"https:\/\/stellou.eu\/wp-content\/uploads\/2022\/05\/3233deb5f9824d5782df557ab73d54c3-scaled.jpg","type":"image\/jpeg"}],"twitter_card":"summary_large_image","twitter_misc":{"Est. reading time":"1 minute"},"schema":{"@context":"https:\/\/schema.org","@graph":[{"@type":"WebPage","@id":"https:\/\/stellou.eu\/product\/cardigan-mit-kragen\/","url":"https:\/\/stellou.eu\/product\/cardigan-mit-kragen\/","name":"Cardigan-Strickjacke mit Kragen | Stellou","isPartOf":{"@id":"https:\/\/stellou.eu\/#website"},"primaryImageOfPage":{"@id":"https:\/\/stellou.eu\/product\/cardigan-mit-kragen\/#primaryimage"},"image":{"@id":"https:\/\/stellou.eu\/product\/cardigan-mit-kragen\/#primaryimage"},"thumbnailUrl":"https:\/\/stellou.eu\/wp-content\/uploads\/2022\/05\/3233deb5f9824d5782df557ab73d54c3-scaled.jpg","datePublished":"2022-05-30T23:12:25+00:00","dateModified":"2024-07-08T07:08:05+00:00","breadcrumb":{"@id":"https:\/\/stellou.eu\/product\/cardigan-mit-kragen\/#breadcrumb"},"inLanguage":"en-US","potentialAction":[{"@type":"ReadAction","target":["https:\/\/stellou.eu\/product\/cardigan-mit-kragen\/"]}]},{"@type":"ImageObject","inLanguage":"en-US","@id":"https:\/\/stellou.eu\/product\/cardigan-mit-kragen\/#primaryimage","url":"https:\/\/stellou.eu\/wp-content\/uploads\/2022\/05\/3233deb5f9824d5782df557ab73d54c3-scaled.jpg","contentUrl":"https:\/\/stellou.eu\/wp-content\/uploads\/2022\/05\/3233deb5f9824d5782df557ab73d54c3-scaled.jpg","width":1772,"height":2560},{"@type":"BreadcrumbList","@id":"https:\/\/stellou.eu\/product\/cardigan-mit-kragen\/#breadcrumb","itemListElement":[{"@type":"ListItem","position":1,"name":"Home","item":"https:\/\/stellou.eu\/"},{"@type":"ListItem","position":2,"name":"Shop","item":"https:\/\/stellou.northitgroup.eu\/shop\/"},{"@type":"ListItem","position":3,"name":"M\u00e4dchen","item":"https:\/\/stellou.northitgroup.eu\/en\/product-category\/madchen\/"},{"@type":"ListItem","position":4,"name":"Cardigan-Strickjacke mit Kragen"}]},{"@type":"WebSite","@id":"https:\/\/stellou.eu\/#website","url":"https:\/\/stellou.eu\/","name":"Stellou","description":"","publisher":{"@id":"https:\/\/stellou.eu\/#organization"},"potentialAction":[{"@type":"SearchAction","target":{"@type":"EntryPoint","urlTemplate":"https:\/\/stellou.eu\/?s={search_term_string}"},"query-input":{"@type":"PropertyValueSpecification","valueRequired":true,"valueName":"search_term_string"}}],"inLanguage":"en-US"},{"@type":"Organization","@id":"https:\/\/stellou.eu\/#organization","name":"Stellou","url":"https:\/\/stellou.eu\/","logo":{"@type":"ImageObject","inLanguage":"en-US","@id":"https:\/\/stellou.eu\/#\/schema\/logo\/image\/","url":"https:\/\/stellou.eu\/wp-content\/uploads\/2021\/04\/Group-30.svg","contentUrl":"https:\/\/stellou.eu\/wp-content\/uploads\/2021\/04\/Group-30.svg","width":158,"height":78,"caption":"Stellou"},"image":{"@id":"https:\/\/stellou.eu\/#\/schema\/logo\/image\/"}}]}},"_links":{"self":[{"href":"https:\/\/stellou.eu\/en\/wp-json\/wp\/v2\/product\/8232"}],"collection":[{"href":"https:\/\/stellou.eu\/en\/wp-json\/wp\/v2\/product"}],"about":[{"href":"https:\/\/stellou.eu\/en\/wp-json\/wp\/v2\/types\/product"}],"wp:featuredmedia":[{"embeddable":true,"href":"https:\/\/stellou.eu\/en\/wp-json\/wp\/v2\/media\/8459"}],"wp:attachment":[{"href":"https:\/\/stellou.eu\/en\/wp-json\/wp\/v2\/media?parent=8232"}],"wp:term":[{"taxonomy":"product_cat","embeddable":true,"href":"https:\/\/stellou.eu\/en\/wp-json\/wp\/v2\/product_cat?post=8232"},{"taxonomy":"product_tag","embeddable":true,"href":"https:\/\/stellou.eu\/en\/wp-json\/wp\/v2\/product_tag?post=8232"}],"curies":[{"name":"wp","href":"https:\/\/api.w.org\/{rel}","templated":true}]}}