{"id":8162,"date":"2022-09-01T16:16:13","date_gmt":"2022-09-01T14:16:13","guid":{"rendered":"https:\/\/stellou.eu\/product\/set-3-tlg-wickelbody-langarm\/"},"modified":"2024-07-17T08:04:15","modified_gmt":"2024-07-17T06:04:15","slug":"set-3-tlg-wickelbody-langarm","status":"publish","type":"product","link":"https:\/\/stellou.eu\/en\/produkt\/set-3-tlg-wickelbody-langarm\/","title":{"rendered":"Set 3-tlg. Wickelbody langarm rosa\/wei\u00df"},"content":{"rendered":"<p>Die \u00fcberkreuzten Schulterbereiche machen das An- und Ausziehen zum Kinderspiel. Der elastische Baumwolljersey garantiert Komfort und die flachen Saumkanten liegen weich an.<\/p>\n<p>* 3 lang\u00e4rmelige Bodys f\u00fcr M\u00e4dchen<br \/>\n* 1 unifarbenes, 2 gemusterte Designs<br \/>\n* Rundhalsausschnitt mit gekreuztem Schulterbereich<br \/>\n* Weiche, flache Saumkanten f\u00fcr mehr Komfort<br \/>\n* Aus 100% Baumwolle<\/p>","protected":false},"excerpt":{"rendered":"<p>Die \u00fcberkreuzten Schulterbereiche machen das An- und Ausziehen zum Kinderspiel. Der elastische Baumwolljersey garantiert Komfort und die flachen Saumkanten liegen weich an. * 3 lang\u00e4rmelige Bodys f\u00fcr M\u00e4dchen * 1 unifarbenes, 2 gemusterte Designs * Rundhalsausschnitt mit gekreuztem Schulterbereich * Weiche, flache Saumkanten f\u00fcr mehr Komfort * Aus 100% Baumwolle<\/p>","protected":false},"featured_media":8669,"template":"","meta":[],"product_cat":[24,15,29,116],"product_tag":[],"yoast_head":"<!-- This site is optimized with the Yoast SEO plugin v23.5 - https:\/\/yoast.com\/wordpress\/plugins\/seo\/ -->\n<title>Set 3-tlg. Wickelbody langarm rosa\/wei\u00df | Stellou<\/title>\n<meta name=\"robots\" content=\"index, follow, max-snippet:-1, max-image-preview:large, max-video-preview:-1\" \/>\n<link rel=\"canonical\" href=\"https:\/\/stellou.eu\/en\/product\/set-3-tlg-wickelbody-langarm\/\" \/>\n<meta property=\"og:locale\" content=\"en_US\" \/>\n<meta property=\"og:type\" content=\"article\" \/>\n<meta property=\"og:title\" content=\"Set 3-tlg. Wickelbody langarm rosa\/wei\u00df | Stellou\" \/>\n<meta property=\"og:description\" content=\"Die \u00fcberkreuzten Schulterbereiche machen das An- und Ausziehen zum Kinderspiel. Der elastische Baumwolljersey garantiert Komfort und die flachen Saumkanten liegen weich an. * 3 lang\u00e4rmelige Bodys f\u00fcr M\u00e4dchen * 1 unifarbenes, 2 gemusterte Designs * Rundhalsausschnitt mit gekreuztem Schulterbereich * Weiche, flache Saumkanten f\u00fcr mehr Komfort * Aus 100% Baumwolle\" \/>\n<meta property=\"og:url\" content=\"https:\/\/stellou.eu\/en\/product\/set-3-tlg-wickelbody-langarm\/\" \/>\n<meta property=\"og:site_name\" content=\"Stellou\" \/>\n<meta property=\"article:modified_time\" content=\"2024-07-17T06:04:15+00:00\" \/>\n<meta property=\"og:image\" content=\"https:\/\/stellou.eu\/wp-content\/uploads\/2022\/09\/3-pack-BodySet_rosa_zalando-GREY-scaled.jpg\" \/>\n\t<meta property=\"og:image:width\" content=\"1772\" \/>\n\t<meta property=\"og:image:height\" content=\"2560\" \/>\n\t<meta property=\"og:image:type\" content=\"image\/jpeg\" \/>\n<meta name=\"twitter:card\" content=\"summary_large_image\" \/>\n<meta name=\"twitter:label1\" content=\"Est. reading time\" \/>\n\t<meta name=\"twitter:data1\" content=\"1 minute\" \/>\n<script type=\"application\/ld+json\" class=\"yoast-schema-graph\">{\"@context\":\"https:\/\/schema.org\",\"@graph\":[{\"@type\":\"WebPage\",\"@id\":\"https:\/\/stellou.eu\/product\/set-3-tlg-wickelbody-langarm\/\",\"url\":\"https:\/\/stellou.eu\/product\/set-3-tlg-wickelbody-langarm\/\",\"name\":\"Set 3-tlg. Wickelbody langarm rosa\/wei\u00df | Stellou\",\"isPartOf\":{\"@id\":\"https:\/\/stellou.eu\/#website\"},\"primaryImageOfPage\":{\"@id\":\"https:\/\/stellou.eu\/product\/set-3-tlg-wickelbody-langarm\/#primaryimage\"},\"image\":{\"@id\":\"https:\/\/stellou.eu\/product\/set-3-tlg-wickelbody-langarm\/#primaryimage\"},\"thumbnailUrl\":\"https:\/\/stellou.eu\/wp-content\/uploads\/2022\/09\/3-pack-BodySet_rosa_zalando-GREY-scaled.jpg\",\"datePublished\":\"2022-09-01T14:16:13+00:00\",\"dateModified\":\"2024-07-17T06:04:15+00:00\",\"breadcrumb\":{\"@id\":\"https:\/\/stellou.eu\/product\/set-3-tlg-wickelbody-langarm\/#breadcrumb\"},\"inLanguage\":\"en-US\",\"potentialAction\":[{\"@type\":\"ReadAction\",\"target\":[\"https:\/\/stellou.eu\/product\/set-3-tlg-wickelbody-langarm\/\"]}]},{\"@type\":\"ImageObject\",\"inLanguage\":\"en-US\",\"@id\":\"https:\/\/stellou.eu\/product\/set-3-tlg-wickelbody-langarm\/#primaryimage\",\"url\":\"https:\/\/stellou.eu\/wp-content\/uploads\/2022\/09\/3-pack-BodySet_rosa_zalando-GREY-scaled.jpg\",\"contentUrl\":\"https:\/\/stellou.eu\/wp-content\/uploads\/2022\/09\/3-pack-BodySet_rosa_zalando-GREY-scaled.jpg\",\"width\":1772,\"height\":2560},{\"@type\":\"BreadcrumbList\",\"@id\":\"https:\/\/stellou.eu\/product\/set-3-tlg-wickelbody-langarm\/#breadcrumb\",\"itemListElement\":[{\"@type\":\"ListItem\",\"position\":1,\"name\":\"Home\",\"item\":\"https:\/\/stellou.eu\/\"},{\"@type\":\"ListItem\",\"position\":2,\"name\":\"Shop\",\"item\":\"https:\/\/stellou.northitgroup.eu\/shop\/\"},{\"@type\":\"ListItem\",\"position\":3,\"name\":\"M\u00e4dchen\",\"item\":\"https:\/\/stellou.northitgroup.eu\/en\/product-category\/madchen\/\"},{\"@type\":\"ListItem\",\"position\":4,\"name\":\"Set 3-tlg. Wickelbody langarm rosa\/wei\u00df\"}]},{\"@type\":\"WebSite\",\"@id\":\"https:\/\/stellou.eu\/#website\",\"url\":\"https:\/\/stellou.eu\/\",\"name\":\"Stellou\",\"description\":\"\",\"publisher\":{\"@id\":\"https:\/\/stellou.eu\/#organization\"},\"potentialAction\":[{\"@type\":\"SearchAction\",\"target\":{\"@type\":\"EntryPoint\",\"urlTemplate\":\"https:\/\/stellou.eu\/?s={search_term_string}\"},\"query-input\":{\"@type\":\"PropertyValueSpecification\",\"valueRequired\":true,\"valueName\":\"search_term_string\"}}],\"inLanguage\":\"en-US\"},{\"@type\":\"Organization\",\"@id\":\"https:\/\/stellou.eu\/#organization\",\"name\":\"Stellou\",\"url\":\"https:\/\/stellou.eu\/\",\"logo\":{\"@type\":\"ImageObject\",\"inLanguage\":\"en-US\",\"@id\":\"https:\/\/stellou.eu\/#\/schema\/logo\/image\/\",\"url\":\"https:\/\/stellou.eu\/wp-content\/uploads\/2021\/04\/Group-30.svg\",\"contentUrl\":\"https:\/\/stellou.eu\/wp-content\/uploads\/2021\/04\/Group-30.svg\",\"width\":158,\"height\":78,\"caption\":\"Stellou\"},\"image\":{\"@id\":\"https:\/\/stellou.eu\/#\/schema\/logo\/image\/\"}}]}<\/script>\n<!-- \/ Yoast SEO plugin. -->","yoast_head_json":{"title":"Set 3-tlg. Wickelbody langarm rosa\/wei\u00df | Stellou","robots":{"index":"index","follow":"follow","max-snippet":"max-snippet:-1","max-image-preview":"max-image-preview:large","max-video-preview":"max-video-preview:-1"},"canonical":"https:\/\/stellou.eu\/en\/product\/set-3-tlg-wickelbody-langarm\/","og_locale":"en_US","og_type":"article","og_title":"Set 3-tlg. Wickelbody langarm rosa\/wei\u00df | Stellou","og_description":"Die \u00fcberkreuzten Schulterbereiche machen das An- und Ausziehen zum Kinderspiel. Der elastische Baumwolljersey garantiert Komfort und die flachen Saumkanten liegen weich an. * 3 lang\u00e4rmelige Bodys f\u00fcr M\u00e4dchen * 1 unifarbenes, 2 gemusterte Designs * Rundhalsausschnitt mit gekreuztem Schulterbereich * Weiche, flache Saumkanten f\u00fcr mehr Komfort * Aus 100% Baumwolle","og_url":"https:\/\/stellou.eu\/en\/product\/set-3-tlg-wickelbody-langarm\/","og_site_name":"Stellou","article_modified_time":"2024-07-17T06:04:15+00:00","og_image":[{"width":1772,"height":2560,"url":"https:\/\/stellou.eu\/wp-content\/uploads\/2022\/09\/3-pack-BodySet_rosa_zalando-GREY-scaled.jpg","type":"image\/jpeg"}],"twitter_card":"summary_large_image","twitter_misc":{"Est. reading time":"1 minute"},"schema":{"@context":"https:\/\/schema.org","@graph":[{"@type":"WebPage","@id":"https:\/\/stellou.eu\/product\/set-3-tlg-wickelbody-langarm\/","url":"https:\/\/stellou.eu\/product\/set-3-tlg-wickelbody-langarm\/","name":"Set 3-tlg. Wickelbody langarm rosa\/wei\u00df | Stellou","isPartOf":{"@id":"https:\/\/stellou.eu\/#website"},"primaryImageOfPage":{"@id":"https:\/\/stellou.eu\/product\/set-3-tlg-wickelbody-langarm\/#primaryimage"},"image":{"@id":"https:\/\/stellou.eu\/product\/set-3-tlg-wickelbody-langarm\/#primaryimage"},"thumbnailUrl":"https:\/\/stellou.eu\/wp-content\/uploads\/2022\/09\/3-pack-BodySet_rosa_zalando-GREY-scaled.jpg","datePublished":"2022-09-01T14:16:13+00:00","dateModified":"2024-07-17T06:04:15+00:00","breadcrumb":{"@id":"https:\/\/stellou.eu\/product\/set-3-tlg-wickelbody-langarm\/#breadcrumb"},"inLanguage":"en-US","potentialAction":[{"@type":"ReadAction","target":["https:\/\/stellou.eu\/product\/set-3-tlg-wickelbody-langarm\/"]}]},{"@type":"ImageObject","inLanguage":"en-US","@id":"https:\/\/stellou.eu\/product\/set-3-tlg-wickelbody-langarm\/#primaryimage","url":"https:\/\/stellou.eu\/wp-content\/uploads\/2022\/09\/3-pack-BodySet_rosa_zalando-GREY-scaled.jpg","contentUrl":"https:\/\/stellou.eu\/wp-content\/uploads\/2022\/09\/3-pack-BodySet_rosa_zalando-GREY-scaled.jpg","width":1772,"height":2560},{"@type":"BreadcrumbList","@id":"https:\/\/stellou.eu\/product\/set-3-tlg-wickelbody-langarm\/#breadcrumb","itemListElement":[{"@type":"ListItem","position":1,"name":"Home","item":"https:\/\/stellou.eu\/"},{"@type":"ListItem","position":2,"name":"Shop","item":"https:\/\/stellou.northitgroup.eu\/shop\/"},{"@type":"ListItem","position":3,"name":"M\u00e4dchen","item":"https:\/\/stellou.northitgroup.eu\/en\/product-category\/madchen\/"},{"@type":"ListItem","position":4,"name":"Set 3-tlg. Wickelbody langarm rosa\/wei\u00df"}]},{"@type":"WebSite","@id":"https:\/\/stellou.eu\/#website","url":"https:\/\/stellou.eu\/","name":"Stellou","description":"","publisher":{"@id":"https:\/\/stellou.eu\/#organization"},"potentialAction":[{"@type":"SearchAction","target":{"@type":"EntryPoint","urlTemplate":"https:\/\/stellou.eu\/?s={search_term_string}"},"query-input":{"@type":"PropertyValueSpecification","valueRequired":true,"valueName":"search_term_string"}}],"inLanguage":"en-US"},{"@type":"Organization","@id":"https:\/\/stellou.eu\/#organization","name":"Stellou","url":"https:\/\/stellou.eu\/","logo":{"@type":"ImageObject","inLanguage":"en-US","@id":"https:\/\/stellou.eu\/#\/schema\/logo\/image\/","url":"https:\/\/stellou.eu\/wp-content\/uploads\/2021\/04\/Group-30.svg","contentUrl":"https:\/\/stellou.eu\/wp-content\/uploads\/2021\/04\/Group-30.svg","width":158,"height":78,"caption":"Stellou"},"image":{"@id":"https:\/\/stellou.eu\/#\/schema\/logo\/image\/"}}]}},"_links":{"self":[{"href":"https:\/\/stellou.eu\/en\/wp-json\/wp\/v2\/product\/8162"}],"collection":[{"href":"https:\/\/stellou.eu\/en\/wp-json\/wp\/v2\/product"}],"about":[{"href":"https:\/\/stellou.eu\/en\/wp-json\/wp\/v2\/types\/product"}],"wp:featuredmedia":[{"embeddable":true,"href":"https:\/\/stellou.eu\/en\/wp-json\/wp\/v2\/media\/8669"}],"wp:attachment":[{"href":"https:\/\/stellou.eu\/en\/wp-json\/wp\/v2\/media?parent=8162"}],"wp:term":[{"taxonomy":"product_cat","embeddable":true,"href":"https:\/\/stellou.eu\/en\/wp-json\/wp\/v2\/product_cat?post=8162"},{"taxonomy":"product_tag","embeddable":true,"href":"https:\/\/stellou.eu\/en\/wp-json\/wp\/v2\/product_tag?post=8162"}],"curies":[{"name":"wp","href":"https:\/\/api.w.org\/{rel}","templated":true}]}}