{"id":6810,"date":"2021-11-04T01:02:17","date_gmt":"2021-11-04T00:02:17","guid":{"rendered":"https:\/\/stellou.eu\/product\/baby-strickjacke-4\/"},"modified":"2024-08-08T12:49:04","modified_gmt":"2024-08-08T10:49:04","slug":"baby-strickjacke-gruen-jungen-maedchen","status":"publish","type":"product","link":"https:\/\/stellou.eu\/en\/produkt\/baby-strickjacke-gruen-jungen-maedchen\/","title":{"rendered":"Baby Strickjacke mint"},"content":{"rendered":"<p>Dieser Cardigan ist in einer dekorativen Textur gestrickt, welche eine nat\u00fcrliche Optik entstehen l\u00e4sst. Die hundertprozentige Baumwollware besitzt einen weichen Griff. Unterstrichen wird das edle Design von Kn\u00f6pfen in Holzoptik und Raglan\u00e4rmeln mit Krempels\u00e4umen. Diese Strickjacke l\u00e4sst sich \u00fcber sportliche Jogginghosen wie s\u00fc\u00dfe Kleidchen problemlos \u00fcberziehen und ist ein toller Allrounder f\u00fcr Jungen und M\u00e4dchen.<\/p>\n<p>* Cardigan f\u00fcr Babys<br \/>\n* Rundhalsausschnitt<br \/>\n* Durchgehende Knopfleiste<br \/>\n* Lange Raglan\u00e4rmel<br \/>\n* Aus 100% Baumwolle<\/p>","protected":false},"excerpt":{"rendered":"<p>Dieser Cardigan ist in einer dekorativen Textur gestrickt, welche eine nat\u00fcrliche Optik entstehen l\u00e4sst. Die hundertprozentige Baumwollware besitzt einen weichen Griff. Unterstrichen wird das edle Design von Kn\u00f6pfen in Holzoptik und Raglan\u00e4rmeln mit Krempels\u00e4umen. Diese Strickjacke l\u00e4sst sich \u00fcber sportliche Jogginghosen wie s\u00fc\u00dfe Kleidchen problemlos \u00fcberziehen und ist ein toller Allrounder f\u00fcr Jungen und M\u00e4dchen. [&hellip;]<\/p>","protected":false},"featured_media":8438,"template":"","meta":[],"product_cat":[24,26,29,112],"product_tag":[],"yoast_head":"<!-- This site is optimized with the Yoast SEO plugin v23.5 - https:\/\/yoast.com\/wordpress\/plugins\/seo\/ -->\n<title>Baby Strickjacke mint | Stellou<\/title>\n<meta name=\"description\" content=\"Diese Baby Strickjacke in gr\u00fcn f\u00fcr Jungen und M\u00e4dchen aus 100% Baumwolle verf\u00fcgt \u00fcber weiche haptik und niedlichen Rundhalsausschnitt.\" \/>\n<meta name=\"robots\" content=\"index, follow, max-snippet:-1, max-image-preview:large, max-video-preview:-1\" \/>\n<link rel=\"canonical\" href=\"https:\/\/stellou.northitgroup.eu\/product\/baby-strickjacke-gruen-jungen-maedchen\/\" \/>\n<meta property=\"og:locale\" content=\"en_US\" \/>\n<meta property=\"og:type\" content=\"article\" \/>\n<meta property=\"og:title\" content=\"Baby Strickjacke mint | Stellou\" \/>\n<meta property=\"og:description\" content=\"Diese Baby Strickjacke in gr\u00fcn f\u00fcr Jungen und M\u00e4dchen aus 100% Baumwolle verf\u00fcgt \u00fcber weiche haptik und niedlichen Rundhalsausschnitt.\" \/>\n<meta property=\"og:url\" content=\"https:\/\/stellou.northitgroup.eu\/product\/baby-strickjacke-gruen-jungen-maedchen\/\" \/>\n<meta property=\"og:site_name\" content=\"Stellou\" \/>\n<meta property=\"article:modified_time\" content=\"2024-08-08T10:49:04+00:00\" \/>\n<meta property=\"og:image\" content=\"https:\/\/stellou.northitgroup.eu\/wp-content\/uploads\/2021\/11\/4fecf2e04dca46a2be3133757225b46b.png\" \/>\n\t<meta property=\"og:image:width\" content=\"1800\" \/>\n\t<meta property=\"og:image:height\" content=\"2600\" \/>\n\t<meta property=\"og:image:type\" content=\"image\/png\" \/>\n<meta name=\"twitter:card\" content=\"summary_large_image\" \/>\n<meta name=\"twitter:label1\" content=\"Est. reading time\" \/>\n\t<meta name=\"twitter:data1\" content=\"1 minute\" \/>\n<script type=\"application\/ld+json\" class=\"yoast-schema-graph\">{\"@context\":\"https:\/\/schema.org\",\"@graph\":[{\"@type\":\"WebPage\",\"@id\":\"https:\/\/stellou.northitgroup.eu\/product\/baby-strickjacke-gruen-jungen-maedchen\/\",\"url\":\"https:\/\/stellou.northitgroup.eu\/product\/baby-strickjacke-gruen-jungen-maedchen\/\",\"name\":\"Baby Strickjacke mint | Stellou\",\"isPartOf\":{\"@id\":\"https:\/\/stellou.eu\/#website\"},\"primaryImageOfPage\":{\"@id\":\"https:\/\/stellou.northitgroup.eu\/product\/baby-strickjacke-gruen-jungen-maedchen\/#primaryimage\"},\"image\":{\"@id\":\"https:\/\/stellou.northitgroup.eu\/product\/baby-strickjacke-gruen-jungen-maedchen\/#primaryimage\"},\"thumbnailUrl\":\"https:\/\/stellou.eu\/wp-content\/uploads\/2021\/11\/4fecf2e04dca46a2be3133757225b46b.png\",\"datePublished\":\"2021-11-04T00:02:17+00:00\",\"dateModified\":\"2024-08-08T10:49:04+00:00\",\"description\":\"Diese Baby Strickjacke in gr\u00fcn f\u00fcr Jungen und M\u00e4dchen aus 100% Baumwolle verf\u00fcgt \u00fcber weiche haptik und niedlichen Rundhalsausschnitt.\",\"breadcrumb\":{\"@id\":\"https:\/\/stellou.northitgroup.eu\/product\/baby-strickjacke-gruen-jungen-maedchen\/#breadcrumb\"},\"inLanguage\":\"en-US\",\"potentialAction\":[{\"@type\":\"ReadAction\",\"target\":[\"https:\/\/stellou.northitgroup.eu\/product\/baby-strickjacke-gruen-jungen-maedchen\/\"]}]},{\"@type\":\"ImageObject\",\"inLanguage\":\"en-US\",\"@id\":\"https:\/\/stellou.northitgroup.eu\/product\/baby-strickjacke-gruen-jungen-maedchen\/#primaryimage\",\"url\":\"https:\/\/stellou.eu\/wp-content\/uploads\/2021\/11\/4fecf2e04dca46a2be3133757225b46b.png\",\"contentUrl\":\"https:\/\/stellou.eu\/wp-content\/uploads\/2021\/11\/4fecf2e04dca46a2be3133757225b46b.png\",\"width\":1800,\"height\":2600},{\"@type\":\"BreadcrumbList\",\"@id\":\"https:\/\/stellou.northitgroup.eu\/product\/baby-strickjacke-gruen-jungen-maedchen\/#breadcrumb\",\"itemListElement\":[{\"@type\":\"ListItem\",\"position\":1,\"name\":\"Home\",\"item\":\"https:\/\/stellou.eu\/\"},{\"@type\":\"ListItem\",\"position\":2,\"name\":\"Shop\",\"item\":\"https:\/\/stellou.northitgroup.eu\/shop\/\"},{\"@type\":\"ListItem\",\"position\":3,\"name\":\"Jungen\",\"item\":\"https:\/\/stellou.northitgroup.eu\/product-category\/jungen\/\"},{\"@type\":\"ListItem\",\"position\":4,\"name\":\"Cardigan\",\"item\":\"https:\/\/stellou.northitgroup.eu\/en\/product-category\/jungen\/cardigan\/\"},{\"@type\":\"ListItem\",\"position\":5,\"name\":\"Baby Strickjacke mint\"}]},{\"@type\":\"WebSite\",\"@id\":\"https:\/\/stellou.eu\/#website\",\"url\":\"https:\/\/stellou.eu\/\",\"name\":\"Stellou\",\"description\":\"\",\"publisher\":{\"@id\":\"https:\/\/stellou.eu\/#organization\"},\"potentialAction\":[{\"@type\":\"SearchAction\",\"target\":{\"@type\":\"EntryPoint\",\"urlTemplate\":\"https:\/\/stellou.eu\/?s={search_term_string}\"},\"query-input\":{\"@type\":\"PropertyValueSpecification\",\"valueRequired\":true,\"valueName\":\"search_term_string\"}}],\"inLanguage\":\"en-US\"},{\"@type\":\"Organization\",\"@id\":\"https:\/\/stellou.eu\/#organization\",\"name\":\"Stellou\",\"url\":\"https:\/\/stellou.eu\/\",\"logo\":{\"@type\":\"ImageObject\",\"inLanguage\":\"en-US\",\"@id\":\"https:\/\/stellou.eu\/#\/schema\/logo\/image\/\",\"url\":\"https:\/\/stellou.eu\/wp-content\/uploads\/2021\/04\/Group-30.svg\",\"contentUrl\":\"https:\/\/stellou.eu\/wp-content\/uploads\/2021\/04\/Group-30.svg\",\"width\":158,\"height\":78,\"caption\":\"Stellou\"},\"image\":{\"@id\":\"https:\/\/stellou.eu\/#\/schema\/logo\/image\/\"}}]}<\/script>\n<!-- \/ Yoast SEO plugin. -->","yoast_head_json":{"title":"Baby Strickjacke mint | Stellou","description":"Diese Baby Strickjacke in gr\u00fcn f\u00fcr Jungen und M\u00e4dchen aus 100% Baumwolle verf\u00fcgt \u00fcber weiche haptik und niedlichen Rundhalsausschnitt.","robots":{"index":"index","follow":"follow","max-snippet":"max-snippet:-1","max-image-preview":"max-image-preview:large","max-video-preview":"max-video-preview:-1"},"canonical":"https:\/\/stellou.northitgroup.eu\/product\/baby-strickjacke-gruen-jungen-maedchen\/","og_locale":"en_US","og_type":"article","og_title":"Baby Strickjacke mint | Stellou","og_description":"Diese Baby Strickjacke in gr\u00fcn f\u00fcr Jungen und M\u00e4dchen aus 100% Baumwolle verf\u00fcgt \u00fcber weiche haptik und niedlichen Rundhalsausschnitt.","og_url":"https:\/\/stellou.northitgroup.eu\/product\/baby-strickjacke-gruen-jungen-maedchen\/","og_site_name":"Stellou","article_modified_time":"2024-08-08T10:49:04+00:00","og_image":[{"width":1800,"height":2600,"url":"https:\/\/stellou.northitgroup.eu\/wp-content\/uploads\/2021\/11\/4fecf2e04dca46a2be3133757225b46b.png","type":"image\/png"}],"twitter_card":"summary_large_image","twitter_misc":{"Est. reading time":"1 minute"},"schema":{"@context":"https:\/\/schema.org","@graph":[{"@type":"WebPage","@id":"https:\/\/stellou.northitgroup.eu\/product\/baby-strickjacke-gruen-jungen-maedchen\/","url":"https:\/\/stellou.northitgroup.eu\/product\/baby-strickjacke-gruen-jungen-maedchen\/","name":"Baby Strickjacke mint | Stellou","isPartOf":{"@id":"https:\/\/stellou.eu\/#website"},"primaryImageOfPage":{"@id":"https:\/\/stellou.northitgroup.eu\/product\/baby-strickjacke-gruen-jungen-maedchen\/#primaryimage"},"image":{"@id":"https:\/\/stellou.northitgroup.eu\/product\/baby-strickjacke-gruen-jungen-maedchen\/#primaryimage"},"thumbnailUrl":"https:\/\/stellou.eu\/wp-content\/uploads\/2021\/11\/4fecf2e04dca46a2be3133757225b46b.png","datePublished":"2021-11-04T00:02:17+00:00","dateModified":"2024-08-08T10:49:04+00:00","description":"Diese Baby Strickjacke in gr\u00fcn f\u00fcr Jungen und M\u00e4dchen aus 100% Baumwolle verf\u00fcgt \u00fcber weiche haptik und niedlichen Rundhalsausschnitt.","breadcrumb":{"@id":"https:\/\/stellou.northitgroup.eu\/product\/baby-strickjacke-gruen-jungen-maedchen\/#breadcrumb"},"inLanguage":"en-US","potentialAction":[{"@type":"ReadAction","target":["https:\/\/stellou.northitgroup.eu\/product\/baby-strickjacke-gruen-jungen-maedchen\/"]}]},{"@type":"ImageObject","inLanguage":"en-US","@id":"https:\/\/stellou.northitgroup.eu\/product\/baby-strickjacke-gruen-jungen-maedchen\/#primaryimage","url":"https:\/\/stellou.eu\/wp-content\/uploads\/2021\/11\/4fecf2e04dca46a2be3133757225b46b.png","contentUrl":"https:\/\/stellou.eu\/wp-content\/uploads\/2021\/11\/4fecf2e04dca46a2be3133757225b46b.png","width":1800,"height":2600},{"@type":"BreadcrumbList","@id":"https:\/\/stellou.northitgroup.eu\/product\/baby-strickjacke-gruen-jungen-maedchen\/#breadcrumb","itemListElement":[{"@type":"ListItem","position":1,"name":"Home","item":"https:\/\/stellou.eu\/"},{"@type":"ListItem","position":2,"name":"Shop","item":"https:\/\/stellou.northitgroup.eu\/shop\/"},{"@type":"ListItem","position":3,"name":"Jungen","item":"https:\/\/stellou.northitgroup.eu\/product-category\/jungen\/"},{"@type":"ListItem","position":4,"name":"Cardigan","item":"https:\/\/stellou.northitgroup.eu\/en\/product-category\/jungen\/cardigan\/"},{"@type":"ListItem","position":5,"name":"Baby Strickjacke mint"}]},{"@type":"WebSite","@id":"https:\/\/stellou.eu\/#website","url":"https:\/\/stellou.eu\/","name":"Stellou","description":"","publisher":{"@id":"https:\/\/stellou.eu\/#organization"},"potentialAction":[{"@type":"SearchAction","target":{"@type":"EntryPoint","urlTemplate":"https:\/\/stellou.eu\/?s={search_term_string}"},"query-input":{"@type":"PropertyValueSpecification","valueRequired":true,"valueName":"search_term_string"}}],"inLanguage":"en-US"},{"@type":"Organization","@id":"https:\/\/stellou.eu\/#organization","name":"Stellou","url":"https:\/\/stellou.eu\/","logo":{"@type":"ImageObject","inLanguage":"en-US","@id":"https:\/\/stellou.eu\/#\/schema\/logo\/image\/","url":"https:\/\/stellou.eu\/wp-content\/uploads\/2021\/04\/Group-30.svg","contentUrl":"https:\/\/stellou.eu\/wp-content\/uploads\/2021\/04\/Group-30.svg","width":158,"height":78,"caption":"Stellou"},"image":{"@id":"https:\/\/stellou.eu\/#\/schema\/logo\/image\/"}}]}},"_links":{"self":[{"href":"https:\/\/stellou.eu\/en\/wp-json\/wp\/v2\/product\/6810"}],"collection":[{"href":"https:\/\/stellou.eu\/en\/wp-json\/wp\/v2\/product"}],"about":[{"href":"https:\/\/stellou.eu\/en\/wp-json\/wp\/v2\/types\/product"}],"wp:featuredmedia":[{"embeddable":true,"href":"https:\/\/stellou.eu\/en\/wp-json\/wp\/v2\/media\/8438"}],"wp:attachment":[{"href":"https:\/\/stellou.eu\/en\/wp-json\/wp\/v2\/media?parent=6810"}],"wp:term":[{"taxonomy":"product_cat","embeddable":true,"href":"https:\/\/stellou.eu\/en\/wp-json\/wp\/v2\/product_cat?post=6810"},{"taxonomy":"product_tag","embeddable":true,"href":"https:\/\/stellou.eu\/en\/wp-json\/wp\/v2\/product_tag?post=6810"}],"curies":[{"name":"wp","href":"https:\/\/api.w.org\/{rel}","templated":true}]}}