{"id":6566,"date":"2021-11-02T04:17:30","date_gmt":"2021-11-02T03:17:30","guid":{"rendered":"https:\/\/stellou.eu\/product\/jersey-set-girls_06_-abc-3-fach-sort\/"},"modified":"2026-01-19T11:15:28","modified_gmt":"2026-01-19T10:15:28","slug":"set-langarmshirt-hose-rot-weiss-jungen-maedchen","status":"publish","type":"product","link":"https:\/\/stellou.eu\/en\/produkt\/set-langarmshirt-hose-rot-weiss-jungen-maedchen\/","title":{"rendered":"Set 3-tlg. Langarmshirt mit Hose multicolor rosa"},"content":{"rendered":"<p>Mit diesem Jersey-Set bestehend aus zwei lang\u00e4rmeligen Rundhalsshirts und einer gem\u00fctlichen Jogginghose ist ein hohes Ma\u00df an Tragespa\u00df gegeben. Das garantieren die bequeme Basic-Passform von Longsleeves und Sweatpants sowie der organische Baumwolljersey mit seinem angenehm weichen Griff. Die von innen weich angeraute Hose kann mal mit dem gestreiften, mal mit dem unifarbenen Shirt kombiniert werden. In jedem Fall sind M\u00e4dchen in diesem Casual-Set sowohl bequem als auch sportlich chic eingekleidet.<\/p>\n<p>* 3-teiliges Jersey-Set f\u00fcr M\u00e4dchen<br \/>\n* 2 Longsleeves, 1 Sweathose<br \/>\n* Bequeme Basic-Passformen<br \/>\n* 81% Bio-Baumwolle, 19% recyceltes Polyester<\/p>","protected":false},"excerpt":{"rendered":"<p>Mit diesem Jersey-Set bestehend aus zwei lang\u00e4rmeligen Rundhalsshirts und einer gem\u00fctlichen Jogginghose ist ein hohes Ma\u00df an Tragespa\u00df gegeben. Das garantieren die bequeme Basic-Passform von Longsleeves und Sweatpants sowie der organische Baumwolljersey mit seinem angenehm weichen Griff. Die von innen weich angeraute Hose kann mal mit dem gestreiften, mal mit dem unifarbenen Shirt kombiniert werden. [&hellip;]<\/p>","protected":false},"featured_media":8440,"template":"","meta":[],"product_cat":[29,115],"product_tag":[],"yoast_head":"<!-- This site is optimized with the Yoast SEO plugin v23.5 - https:\/\/yoast.com\/wordpress\/plugins\/seo\/ -->\n<title>Set 3-tlg. Langarmshirt mit Hose multicolor rosa | Stellou<\/title>\n<meta name=\"description\" content=\"Dieses 3-tlg. Set bestehend aus zwei Langarmhirts mit und einer bequemen Jogginghose ist perfekt f\u00fcr M\u00e4dchen geeignet.\" \/>\n<meta name=\"robots\" content=\"index, follow, max-snippet:-1, max-image-preview:large, max-video-preview:-1\" \/>\n<link rel=\"canonical\" href=\"https:\/\/stellou.northitgroup.eu\/product\/set-langarmshirt-hose-rot-weiss-jungen-maedchen\/\" \/>\n<meta property=\"og:locale\" content=\"en_US\" \/>\n<meta property=\"og:type\" content=\"article\" \/>\n<meta property=\"og:title\" content=\"Set 3-tlg. Langarmshirt mit Hose multicolor rosa | Stellou\" \/>\n<meta property=\"og:description\" content=\"Dieses 3-tlg. Set bestehend aus zwei Langarmhirts mit und einer bequemen Jogginghose ist perfekt f\u00fcr M\u00e4dchen geeignet.\" \/>\n<meta property=\"og:url\" content=\"https:\/\/stellou.northitgroup.eu\/product\/set-langarmshirt-hose-rot-weiss-jungen-maedchen\/\" \/>\n<meta property=\"og:site_name\" content=\"Stellou\" \/>\n<meta property=\"article:modified_time\" content=\"2026-01-19T10:15:28+00:00\" \/>\n<meta property=\"og:image\" content=\"https:\/\/stellou.northitgroup.eu\/wp-content\/uploads\/2021\/11\/8011473b0c114297b9e928ce613bcecc.png\" \/>\n\t<meta property=\"og:image:width\" content=\"1800\" \/>\n\t<meta property=\"og:image:height\" content=\"2600\" \/>\n\t<meta property=\"og:image:type\" content=\"image\/png\" \/>\n<meta name=\"twitter:card\" content=\"summary_large_image\" \/>\n<meta name=\"twitter:label1\" content=\"Est. reading time\" \/>\n\t<meta name=\"twitter:data1\" content=\"1 minute\" \/>\n<script type=\"application\/ld+json\" class=\"yoast-schema-graph\">{\"@context\":\"https:\/\/schema.org\",\"@graph\":[{\"@type\":\"WebPage\",\"@id\":\"https:\/\/stellou.northitgroup.eu\/product\/set-langarmshirt-hose-rot-weiss-jungen-maedchen\/\",\"url\":\"https:\/\/stellou.northitgroup.eu\/product\/set-langarmshirt-hose-rot-weiss-jungen-maedchen\/\",\"name\":\"Set 3-tlg. Langarmshirt mit Hose multicolor rosa | Stellou\",\"isPartOf\":{\"@id\":\"https:\/\/stellou.eu\/#website\"},\"primaryImageOfPage\":{\"@id\":\"https:\/\/stellou.northitgroup.eu\/product\/set-langarmshirt-hose-rot-weiss-jungen-maedchen\/#primaryimage\"},\"image\":{\"@id\":\"https:\/\/stellou.northitgroup.eu\/product\/set-langarmshirt-hose-rot-weiss-jungen-maedchen\/#primaryimage\"},\"thumbnailUrl\":\"https:\/\/stellou.eu\/wp-content\/uploads\/2021\/11\/8011473b0c114297b9e928ce613bcecc.png\",\"datePublished\":\"2021-11-02T03:17:30+00:00\",\"dateModified\":\"2026-01-19T10:15:28+00:00\",\"description\":\"Dieses 3-tlg. Set bestehend aus zwei Langarmhirts mit und einer bequemen Jogginghose ist perfekt f\u00fcr M\u00e4dchen geeignet.\",\"breadcrumb\":{\"@id\":\"https:\/\/stellou.northitgroup.eu\/product\/set-langarmshirt-hose-rot-weiss-jungen-maedchen\/#breadcrumb\"},\"inLanguage\":\"en-US\",\"potentialAction\":[{\"@type\":\"ReadAction\",\"target\":[\"https:\/\/stellou.northitgroup.eu\/product\/set-langarmshirt-hose-rot-weiss-jungen-maedchen\/\"]}]},{\"@type\":\"ImageObject\",\"inLanguage\":\"en-US\",\"@id\":\"https:\/\/stellou.northitgroup.eu\/product\/set-langarmshirt-hose-rot-weiss-jungen-maedchen\/#primaryimage\",\"url\":\"https:\/\/stellou.eu\/wp-content\/uploads\/2021\/11\/8011473b0c114297b9e928ce613bcecc.png\",\"contentUrl\":\"https:\/\/stellou.eu\/wp-content\/uploads\/2021\/11\/8011473b0c114297b9e928ce613bcecc.png\",\"width\":1800,\"height\":2600},{\"@type\":\"BreadcrumbList\",\"@id\":\"https:\/\/stellou.northitgroup.eu\/product\/set-langarmshirt-hose-rot-weiss-jungen-maedchen\/#breadcrumb\",\"itemListElement\":[{\"@type\":\"ListItem\",\"position\":1,\"name\":\"Home\",\"item\":\"https:\/\/stellou.eu\/\"},{\"@type\":\"ListItem\",\"position\":2,\"name\":\"Shop\",\"item\":\"https:\/\/stellou.northitgroup.eu\/shop\/\"},{\"@type\":\"ListItem\",\"position\":3,\"name\":\"M\u00e4dchen\",\"item\":\"https:\/\/stellou.northitgroup.eu\/en\/product-category\/madchen\/\"},{\"@type\":\"ListItem\",\"position\":4,\"name\":\"Set\",\"item\":\"https:\/\/stellou.northitgroup.eu\/en\/product-category\/madchen\/set-madchen\/\"},{\"@type\":\"ListItem\",\"position\":5,\"name\":\"Set 3-tlg. Langarmshirt mit Hose multicolor rosa\"}]},{\"@type\":\"WebSite\",\"@id\":\"https:\/\/stellou.eu\/#website\",\"url\":\"https:\/\/stellou.eu\/\",\"name\":\"Stellou\",\"description\":\"\",\"publisher\":{\"@id\":\"https:\/\/stellou.eu\/#organization\"},\"potentialAction\":[{\"@type\":\"SearchAction\",\"target\":{\"@type\":\"EntryPoint\",\"urlTemplate\":\"https:\/\/stellou.eu\/?s={search_term_string}\"},\"query-input\":{\"@type\":\"PropertyValueSpecification\",\"valueRequired\":true,\"valueName\":\"search_term_string\"}}],\"inLanguage\":\"en-US\"},{\"@type\":\"Organization\",\"@id\":\"https:\/\/stellou.eu\/#organization\",\"name\":\"Stellou\",\"url\":\"https:\/\/stellou.eu\/\",\"logo\":{\"@type\":\"ImageObject\",\"inLanguage\":\"en-US\",\"@id\":\"https:\/\/stellou.eu\/#\/schema\/logo\/image\/\",\"url\":\"https:\/\/stellou.eu\/wp-content\/uploads\/2021\/04\/Group-30.svg\",\"contentUrl\":\"https:\/\/stellou.eu\/wp-content\/uploads\/2021\/04\/Group-30.svg\",\"width\":158,\"height\":78,\"caption\":\"Stellou\"},\"image\":{\"@id\":\"https:\/\/stellou.eu\/#\/schema\/logo\/image\/\"}}]}<\/script>\n<!-- \/ Yoast SEO plugin. -->","yoast_head_json":{"title":"Set 3-tlg. Langarmshirt mit Hose multicolor rosa | Stellou","description":"Dieses 3-tlg. Set bestehend aus zwei Langarmhirts mit und einer bequemen Jogginghose ist perfekt f\u00fcr M\u00e4dchen geeignet.","robots":{"index":"index","follow":"follow","max-snippet":"max-snippet:-1","max-image-preview":"max-image-preview:large","max-video-preview":"max-video-preview:-1"},"canonical":"https:\/\/stellou.northitgroup.eu\/product\/set-langarmshirt-hose-rot-weiss-jungen-maedchen\/","og_locale":"en_US","og_type":"article","og_title":"Set 3-tlg. Langarmshirt mit Hose multicolor rosa | Stellou","og_description":"Dieses 3-tlg. Set bestehend aus zwei Langarmhirts mit und einer bequemen Jogginghose ist perfekt f\u00fcr M\u00e4dchen geeignet.","og_url":"https:\/\/stellou.northitgroup.eu\/product\/set-langarmshirt-hose-rot-weiss-jungen-maedchen\/","og_site_name":"Stellou","article_modified_time":"2026-01-19T10:15:28+00:00","og_image":[{"width":1800,"height":2600,"url":"https:\/\/stellou.northitgroup.eu\/wp-content\/uploads\/2021\/11\/8011473b0c114297b9e928ce613bcecc.png","type":"image\/png"}],"twitter_card":"summary_large_image","twitter_misc":{"Est. reading time":"1 minute"},"schema":{"@context":"https:\/\/schema.org","@graph":[{"@type":"WebPage","@id":"https:\/\/stellou.northitgroup.eu\/product\/set-langarmshirt-hose-rot-weiss-jungen-maedchen\/","url":"https:\/\/stellou.northitgroup.eu\/product\/set-langarmshirt-hose-rot-weiss-jungen-maedchen\/","name":"Set 3-tlg. Langarmshirt mit Hose multicolor rosa | Stellou","isPartOf":{"@id":"https:\/\/stellou.eu\/#website"},"primaryImageOfPage":{"@id":"https:\/\/stellou.northitgroup.eu\/product\/set-langarmshirt-hose-rot-weiss-jungen-maedchen\/#primaryimage"},"image":{"@id":"https:\/\/stellou.northitgroup.eu\/product\/set-langarmshirt-hose-rot-weiss-jungen-maedchen\/#primaryimage"},"thumbnailUrl":"https:\/\/stellou.eu\/wp-content\/uploads\/2021\/11\/8011473b0c114297b9e928ce613bcecc.png","datePublished":"2021-11-02T03:17:30+00:00","dateModified":"2026-01-19T10:15:28+00:00","description":"Dieses 3-tlg. Set bestehend aus zwei Langarmhirts mit und einer bequemen Jogginghose ist perfekt f\u00fcr M\u00e4dchen geeignet.","breadcrumb":{"@id":"https:\/\/stellou.northitgroup.eu\/product\/set-langarmshirt-hose-rot-weiss-jungen-maedchen\/#breadcrumb"},"inLanguage":"en-US","potentialAction":[{"@type":"ReadAction","target":["https:\/\/stellou.northitgroup.eu\/product\/set-langarmshirt-hose-rot-weiss-jungen-maedchen\/"]}]},{"@type":"ImageObject","inLanguage":"en-US","@id":"https:\/\/stellou.northitgroup.eu\/product\/set-langarmshirt-hose-rot-weiss-jungen-maedchen\/#primaryimage","url":"https:\/\/stellou.eu\/wp-content\/uploads\/2021\/11\/8011473b0c114297b9e928ce613bcecc.png","contentUrl":"https:\/\/stellou.eu\/wp-content\/uploads\/2021\/11\/8011473b0c114297b9e928ce613bcecc.png","width":1800,"height":2600},{"@type":"BreadcrumbList","@id":"https:\/\/stellou.northitgroup.eu\/product\/set-langarmshirt-hose-rot-weiss-jungen-maedchen\/#breadcrumb","itemListElement":[{"@type":"ListItem","position":1,"name":"Home","item":"https:\/\/stellou.eu\/"},{"@type":"ListItem","position":2,"name":"Shop","item":"https:\/\/stellou.northitgroup.eu\/shop\/"},{"@type":"ListItem","position":3,"name":"M\u00e4dchen","item":"https:\/\/stellou.northitgroup.eu\/en\/product-category\/madchen\/"},{"@type":"ListItem","position":4,"name":"Set","item":"https:\/\/stellou.northitgroup.eu\/en\/product-category\/madchen\/set-madchen\/"},{"@type":"ListItem","position":5,"name":"Set 3-tlg. Langarmshirt mit Hose multicolor rosa"}]},{"@type":"WebSite","@id":"https:\/\/stellou.eu\/#website","url":"https:\/\/stellou.eu\/","name":"Stellou","description":"","publisher":{"@id":"https:\/\/stellou.eu\/#organization"},"potentialAction":[{"@type":"SearchAction","target":{"@type":"EntryPoint","urlTemplate":"https:\/\/stellou.eu\/?s={search_term_string}"},"query-input":{"@type":"PropertyValueSpecification","valueRequired":true,"valueName":"search_term_string"}}],"inLanguage":"en-US"},{"@type":"Organization","@id":"https:\/\/stellou.eu\/#organization","name":"Stellou","url":"https:\/\/stellou.eu\/","logo":{"@type":"ImageObject","inLanguage":"en-US","@id":"https:\/\/stellou.eu\/#\/schema\/logo\/image\/","url":"https:\/\/stellou.eu\/wp-content\/uploads\/2021\/04\/Group-30.svg","contentUrl":"https:\/\/stellou.eu\/wp-content\/uploads\/2021\/04\/Group-30.svg","width":158,"height":78,"caption":"Stellou"},"image":{"@id":"https:\/\/stellou.eu\/#\/schema\/logo\/image\/"}}]}},"_links":{"self":[{"href":"https:\/\/stellou.eu\/en\/wp-json\/wp\/v2\/product\/6566"}],"collection":[{"href":"https:\/\/stellou.eu\/en\/wp-json\/wp\/v2\/product"}],"about":[{"href":"https:\/\/stellou.eu\/en\/wp-json\/wp\/v2\/types\/product"}],"wp:featuredmedia":[{"embeddable":true,"href":"https:\/\/stellou.eu\/en\/wp-json\/wp\/v2\/media\/8440"}],"wp:attachment":[{"href":"https:\/\/stellou.eu\/en\/wp-json\/wp\/v2\/media?parent=6566"}],"wp:term":[{"taxonomy":"product_cat","embeddable":true,"href":"https:\/\/stellou.eu\/en\/wp-json\/wp\/v2\/product_cat?post=6566"},{"taxonomy":"product_tag","embeddable":true,"href":"https:\/\/stellou.eu\/en\/wp-json\/wp\/v2\/product_tag?post=6566"}],"curies":[{"name":"wp","href":"https:\/\/api.w.org\/{rel}","templated":true}]}}