{"id":6551,"date":"2021-11-02T04:17:27","date_gmt":"2021-11-02T03:17:27","guid":{"rendered":"https:\/\/stellou.eu\/product\/jersey-set-boys_07_-abc-3-fach-sort\/"},"modified":"2024-07-04T11:12:36","modified_gmt":"2024-07-04T09:12:36","slug":"set-langarmshirt-hose-blau-weiss-jungen","status":"publish","type":"product","link":"https:\/\/stellou.eu\/en\/produkt\/set-langarmshirt-hose-blau-weiss-jungen\/","title":{"rendered":"Set 3-tlg. Langarmshirt mit Hose multicolor blau"},"content":{"rendered":"<p>Bei diesem Bekleidungs-Set f\u00fcr Jungen steht das angenehme Tragegef\u00fchl ganz klar im Fokus des Designs. Die zwei Langarmshirts besitzen Druckkn\u00f6pfe an der linken Schulternaht und die sportlichen Sweatpants schlie\u00dfen mit weichen Rippb\u00fcndchen ab. Vor allem die Hose bietet mit ihrer kuschelig weich angerauten Innenseite ein hohes Ma\u00df an Komfort.<\/p>\n<p>* 3-teiliges Jersey-Set f\u00fcr Jungen<br \/>\n* 2 Longsleeves, 1 Sweathose<br \/>\n* Bequeme Basic-Passformen<br \/>\n* 81% Bio-Baumwolle, 19% recyceltes Polyester<\/p>","protected":false},"excerpt":{"rendered":"<p>Bei diesem Bekleidungs-Set f\u00fcr Jungen steht das angenehme Tragegef\u00fchl ganz klar im Fokus des Designs. Die zwei Langarmshirts besitzen Druckkn\u00f6pfe an der linken Schulternaht und die sportlichen Sweatpants schlie\u00dfen mit weichen Rippb\u00fcndchen ab. Vor allem die Hose bietet mit ihrer kuschelig weich angerauten Innenseite ein hohes Ma\u00df an Komfort. * 3-teiliges Jersey-Set f\u00fcr Jungen * [&hellip;]<\/p>","protected":false},"featured_media":8443,"template":"","meta":[],"product_cat":[24,25],"product_tag":[],"yoast_head":"<!-- This site is optimized with the Yoast SEO plugin v23.5 - https:\/\/yoast.com\/wordpress\/plugins\/seo\/ -->\n<title>Set 3-tlg. Langarmshirt mit Hose multicolor blau | Stellou<\/title>\n<meta name=\"robots\" content=\"index, follow, max-snippet:-1, max-image-preview:large, max-video-preview:-1\" \/>\n<link rel=\"canonical\" href=\"https:\/\/stellou.northitgroup.eu\/product\/set-langarmshirt-hose-blau-weiss-jungen\/\" \/>\n<meta property=\"og:locale\" content=\"en_US\" \/>\n<meta property=\"og:type\" content=\"article\" \/>\n<meta property=\"og:title\" content=\"Set 3-tlg. Langarmshirt mit Hose multicolor blau | Stellou\" \/>\n<meta property=\"og:description\" content=\"Bei diesem Bekleidungs-Set f\u00fcr Jungen steht das angenehme Tragegef\u00fchl ganz klar im Fokus des Designs. Die zwei Langarmshirts besitzen Druckkn\u00f6pfe an der linken Schulternaht und die sportlichen Sweatpants schlie\u00dfen mit weichen Rippb\u00fcndchen ab. Vor allem die Hose bietet mit ihrer kuschelig weich angerauten Innenseite ein hohes Ma\u00df an Komfort. * 3-teiliges Jersey-Set f\u00fcr Jungen * [&hellip;]\" \/>\n<meta property=\"og:url\" content=\"https:\/\/stellou.northitgroup.eu\/product\/set-langarmshirt-hose-blau-weiss-jungen\/\" \/>\n<meta property=\"og:site_name\" content=\"Stellou\" \/>\n<meta property=\"article:modified_time\" content=\"2024-07-04T09:12:36+00:00\" \/>\n<meta property=\"og:image\" content=\"https:\/\/stellou.northitgroup.eu\/wp-content\/uploads\/2021\/11\/9874a001e18a4166a3ac64fc067b7af4-1.png\" \/>\n\t<meta property=\"og:image:width\" content=\"1800\" \/>\n\t<meta property=\"og:image:height\" content=\"2600\" \/>\n\t<meta property=\"og:image:type\" content=\"image\/png\" \/>\n<meta name=\"twitter:card\" content=\"summary_large_image\" \/>\n<meta name=\"twitter:label1\" content=\"Est. reading time\" \/>\n\t<meta name=\"twitter:data1\" content=\"1 minute\" \/>\n<script type=\"application\/ld+json\" class=\"yoast-schema-graph\">{\"@context\":\"https:\/\/schema.org\",\"@graph\":[{\"@type\":\"WebPage\",\"@id\":\"https:\/\/stellou.northitgroup.eu\/product\/set-langarmshirt-hose-blau-weiss-jungen\/\",\"url\":\"https:\/\/stellou.northitgroup.eu\/product\/set-langarmshirt-hose-blau-weiss-jungen\/\",\"name\":\"Set 3-tlg. Langarmshirt mit Hose multicolor blau | Stellou\",\"isPartOf\":{\"@id\":\"https:\/\/stellou.eu\/#website\"},\"primaryImageOfPage\":{\"@id\":\"https:\/\/stellou.northitgroup.eu\/product\/set-langarmshirt-hose-blau-weiss-jungen\/#primaryimage\"},\"image\":{\"@id\":\"https:\/\/stellou.northitgroup.eu\/product\/set-langarmshirt-hose-blau-weiss-jungen\/#primaryimage\"},\"thumbnailUrl\":\"https:\/\/stellou.eu\/wp-content\/uploads\/2021\/11\/9874a001e18a4166a3ac64fc067b7af4-1.png\",\"datePublished\":\"2021-11-02T03:17:27+00:00\",\"dateModified\":\"2024-07-04T09:12:36+00:00\",\"breadcrumb\":{\"@id\":\"https:\/\/stellou.northitgroup.eu\/product\/set-langarmshirt-hose-blau-weiss-jungen\/#breadcrumb\"},\"inLanguage\":\"en-US\",\"potentialAction\":[{\"@type\":\"ReadAction\",\"target\":[\"https:\/\/stellou.northitgroup.eu\/product\/set-langarmshirt-hose-blau-weiss-jungen\/\"]}]},{\"@type\":\"ImageObject\",\"inLanguage\":\"en-US\",\"@id\":\"https:\/\/stellou.northitgroup.eu\/product\/set-langarmshirt-hose-blau-weiss-jungen\/#primaryimage\",\"url\":\"https:\/\/stellou.eu\/wp-content\/uploads\/2021\/11\/9874a001e18a4166a3ac64fc067b7af4-1.png\",\"contentUrl\":\"https:\/\/stellou.eu\/wp-content\/uploads\/2021\/11\/9874a001e18a4166a3ac64fc067b7af4-1.png\",\"width\":1800,\"height\":2600},{\"@type\":\"BreadcrumbList\",\"@id\":\"https:\/\/stellou.northitgroup.eu\/product\/set-langarmshirt-hose-blau-weiss-jungen\/#breadcrumb\",\"itemListElement\":[{\"@type\":\"ListItem\",\"position\":1,\"name\":\"Home\",\"item\":\"https:\/\/stellou.eu\/\"},{\"@type\":\"ListItem\",\"position\":2,\"name\":\"Shop\",\"item\":\"https:\/\/stellou.northitgroup.eu\/shop\/\"},{\"@type\":\"ListItem\",\"position\":3,\"name\":\"Jungen\",\"item\":\"https:\/\/stellou.northitgroup.eu\/product-category\/jungen\/\"},{\"@type\":\"ListItem\",\"position\":4,\"name\":\"Set\",\"item\":\"https:\/\/stellou.northitgroup.eu\/en\/product-category\/jungen\/set\/\"},{\"@type\":\"ListItem\",\"position\":5,\"name\":\"Set 3-tlg. Langarmshirt mit Hose multicolor blau\"}]},{\"@type\":\"WebSite\",\"@id\":\"https:\/\/stellou.eu\/#website\",\"url\":\"https:\/\/stellou.eu\/\",\"name\":\"Stellou\",\"description\":\"\",\"publisher\":{\"@id\":\"https:\/\/stellou.eu\/#organization\"},\"potentialAction\":[{\"@type\":\"SearchAction\",\"target\":{\"@type\":\"EntryPoint\",\"urlTemplate\":\"https:\/\/stellou.eu\/?s={search_term_string}\"},\"query-input\":{\"@type\":\"PropertyValueSpecification\",\"valueRequired\":true,\"valueName\":\"search_term_string\"}}],\"inLanguage\":\"en-US\"},{\"@type\":\"Organization\",\"@id\":\"https:\/\/stellou.eu\/#organization\",\"name\":\"Stellou\",\"url\":\"https:\/\/stellou.eu\/\",\"logo\":{\"@type\":\"ImageObject\",\"inLanguage\":\"en-US\",\"@id\":\"https:\/\/stellou.eu\/#\/schema\/logo\/image\/\",\"url\":\"https:\/\/stellou.eu\/wp-content\/uploads\/2021\/04\/Group-30.svg\",\"contentUrl\":\"https:\/\/stellou.eu\/wp-content\/uploads\/2021\/04\/Group-30.svg\",\"width\":158,\"height\":78,\"caption\":\"Stellou\"},\"image\":{\"@id\":\"https:\/\/stellou.eu\/#\/schema\/logo\/image\/\"}}]}<\/script>\n<!-- \/ Yoast SEO plugin. -->","yoast_head_json":{"title":"Set 3-tlg. Langarmshirt mit Hose multicolor blau | Stellou","robots":{"index":"index","follow":"follow","max-snippet":"max-snippet:-1","max-image-preview":"max-image-preview:large","max-video-preview":"max-video-preview:-1"},"canonical":"https:\/\/stellou.northitgroup.eu\/product\/set-langarmshirt-hose-blau-weiss-jungen\/","og_locale":"en_US","og_type":"article","og_title":"Set 3-tlg. Langarmshirt mit Hose multicolor blau | Stellou","og_description":"Bei diesem Bekleidungs-Set f\u00fcr Jungen steht das angenehme Tragegef\u00fchl ganz klar im Fokus des Designs. Die zwei Langarmshirts besitzen Druckkn\u00f6pfe an der linken Schulternaht und die sportlichen Sweatpants schlie\u00dfen mit weichen Rippb\u00fcndchen ab. Vor allem die Hose bietet mit ihrer kuschelig weich angerauten Innenseite ein hohes Ma\u00df an Komfort. * 3-teiliges Jersey-Set f\u00fcr Jungen * [&hellip;]","og_url":"https:\/\/stellou.northitgroup.eu\/product\/set-langarmshirt-hose-blau-weiss-jungen\/","og_site_name":"Stellou","article_modified_time":"2024-07-04T09:12:36+00:00","og_image":[{"width":1800,"height":2600,"url":"https:\/\/stellou.northitgroup.eu\/wp-content\/uploads\/2021\/11\/9874a001e18a4166a3ac64fc067b7af4-1.png","type":"image\/png"}],"twitter_card":"summary_large_image","twitter_misc":{"Est. reading time":"1 minute"},"schema":{"@context":"https:\/\/schema.org","@graph":[{"@type":"WebPage","@id":"https:\/\/stellou.northitgroup.eu\/product\/set-langarmshirt-hose-blau-weiss-jungen\/","url":"https:\/\/stellou.northitgroup.eu\/product\/set-langarmshirt-hose-blau-weiss-jungen\/","name":"Set 3-tlg. Langarmshirt mit Hose multicolor blau | Stellou","isPartOf":{"@id":"https:\/\/stellou.eu\/#website"},"primaryImageOfPage":{"@id":"https:\/\/stellou.northitgroup.eu\/product\/set-langarmshirt-hose-blau-weiss-jungen\/#primaryimage"},"image":{"@id":"https:\/\/stellou.northitgroup.eu\/product\/set-langarmshirt-hose-blau-weiss-jungen\/#primaryimage"},"thumbnailUrl":"https:\/\/stellou.eu\/wp-content\/uploads\/2021\/11\/9874a001e18a4166a3ac64fc067b7af4-1.png","datePublished":"2021-11-02T03:17:27+00:00","dateModified":"2024-07-04T09:12:36+00:00","breadcrumb":{"@id":"https:\/\/stellou.northitgroup.eu\/product\/set-langarmshirt-hose-blau-weiss-jungen\/#breadcrumb"},"inLanguage":"en-US","potentialAction":[{"@type":"ReadAction","target":["https:\/\/stellou.northitgroup.eu\/product\/set-langarmshirt-hose-blau-weiss-jungen\/"]}]},{"@type":"ImageObject","inLanguage":"en-US","@id":"https:\/\/stellou.northitgroup.eu\/product\/set-langarmshirt-hose-blau-weiss-jungen\/#primaryimage","url":"https:\/\/stellou.eu\/wp-content\/uploads\/2021\/11\/9874a001e18a4166a3ac64fc067b7af4-1.png","contentUrl":"https:\/\/stellou.eu\/wp-content\/uploads\/2021\/11\/9874a001e18a4166a3ac64fc067b7af4-1.png","width":1800,"height":2600},{"@type":"BreadcrumbList","@id":"https:\/\/stellou.northitgroup.eu\/product\/set-langarmshirt-hose-blau-weiss-jungen\/#breadcrumb","itemListElement":[{"@type":"ListItem","position":1,"name":"Home","item":"https:\/\/stellou.eu\/"},{"@type":"ListItem","position":2,"name":"Shop","item":"https:\/\/stellou.northitgroup.eu\/shop\/"},{"@type":"ListItem","position":3,"name":"Jungen","item":"https:\/\/stellou.northitgroup.eu\/product-category\/jungen\/"},{"@type":"ListItem","position":4,"name":"Set","item":"https:\/\/stellou.northitgroup.eu\/en\/product-category\/jungen\/set\/"},{"@type":"ListItem","position":5,"name":"Set 3-tlg. Langarmshirt mit Hose multicolor blau"}]},{"@type":"WebSite","@id":"https:\/\/stellou.eu\/#website","url":"https:\/\/stellou.eu\/","name":"Stellou","description":"","publisher":{"@id":"https:\/\/stellou.eu\/#organization"},"potentialAction":[{"@type":"SearchAction","target":{"@type":"EntryPoint","urlTemplate":"https:\/\/stellou.eu\/?s={search_term_string}"},"query-input":{"@type":"PropertyValueSpecification","valueRequired":true,"valueName":"search_term_string"}}],"inLanguage":"en-US"},{"@type":"Organization","@id":"https:\/\/stellou.eu\/#organization","name":"Stellou","url":"https:\/\/stellou.eu\/","logo":{"@type":"ImageObject","inLanguage":"en-US","@id":"https:\/\/stellou.eu\/#\/schema\/logo\/image\/","url":"https:\/\/stellou.eu\/wp-content\/uploads\/2021\/04\/Group-30.svg","contentUrl":"https:\/\/stellou.eu\/wp-content\/uploads\/2021\/04\/Group-30.svg","width":158,"height":78,"caption":"Stellou"},"image":{"@id":"https:\/\/stellou.eu\/#\/schema\/logo\/image\/"}}]}},"_links":{"self":[{"href":"https:\/\/stellou.eu\/en\/wp-json\/wp\/v2\/product\/6551"}],"collection":[{"href":"https:\/\/stellou.eu\/en\/wp-json\/wp\/v2\/product"}],"about":[{"href":"https:\/\/stellou.eu\/en\/wp-json\/wp\/v2\/types\/product"}],"wp:featuredmedia":[{"embeddable":true,"href":"https:\/\/stellou.eu\/en\/wp-json\/wp\/v2\/media\/8443"}],"wp:attachment":[{"href":"https:\/\/stellou.eu\/en\/wp-json\/wp\/v2\/media?parent=6551"}],"wp:term":[{"taxonomy":"product_cat","embeddable":true,"href":"https:\/\/stellou.eu\/en\/wp-json\/wp\/v2\/product_cat?post=6551"},{"taxonomy":"product_tag","embeddable":true,"href":"https:\/\/stellou.eu\/en\/wp-json\/wp\/v2\/product_tag?post=6551"}],"curies":[{"name":"wp","href":"https:\/\/api.w.org\/{rel}","templated":true}]}}