{"id":6543,"date":"2021-11-02T04:17:26","date_gmt":"2021-11-02T03:17:26","guid":{"rendered":"https:\/\/stellou.eu\/product\/3cross-body-girls_04_-abc\/"},"modified":"2024-09-24T10:23:29","modified_gmt":"2024-09-24T08:23:29","slug":"set-3-tlg-wickelbody-weiss-beige-jungen-maedchen","status":"publish","type":"product","link":"https:\/\/stellou.eu\/en\/produkt\/set-3-tlg-wickelbody-weiss-beige-jungen-maedchen\/","title":{"rendered":"Set 3-tlg. Wickelbody langarm beige"},"content":{"rendered":"<p>Damit das Wickeln zum Kinderspiel wird, haben wir Wickelbodys kreiert. Gerade f\u00fcr die Kleinsten bietet sich das durchdachte Design mit \u00fcberlappend gearbeiteter Front und seitlichen Druckkn\u00f6pfchen an. So braucht der Body nicht \u00fcber den Kopf gezogen werden. Stattdessen l\u00e4sst sich die Vorderseite einfach schnell \u00f6ffnen und wieder schlie\u00dfen.<\/p>\n<p>* 3 lang\u00e4rmelige Wickelbodys f\u00fcr M\u00e4dchen<br \/>\n* 1 unifarbenes und 2 gemusterte Designs<br \/>\n* \u00dcberkreuzte Front mit Druckkn\u00f6pfen<br \/>\n* Weiche, flache Saumkanten f\u00fcr mehr Komfort<br \/>\n* 100% organische Baumwollqualit\u00e4t<\/p>","protected":false},"excerpt":{"rendered":"<p>Damit das Wickeln zum Kinderspiel wird, haben wir Wickelbodys kreiert. Gerade f\u00fcr die Kleinsten bietet sich das durchdachte Design mit \u00fcberlappend gearbeiteter Front und seitlichen Druckkn\u00f6pfchen an. So braucht der Body nicht \u00fcber den Kopf gezogen werden. Stattdessen l\u00e4sst sich die Vorderseite einfach schnell \u00f6ffnen und wieder schlie\u00dfen. * 3 lang\u00e4rmelige Wickelbodys f\u00fcr M\u00e4dchen * [&hellip;]<\/p>","protected":false},"featured_media":8458,"template":"","meta":[],"product_cat":[29,116],"product_tag":[],"yoast_head":"<!-- This site is optimized with the Yoast SEO plugin v23.5 - https:\/\/yoast.com\/wordpress\/plugins\/seo\/ -->\n<title>Set 3-tlg. Wickelbody langarm beige | Stellou<\/title>\n<meta name=\"description\" content=\"Dieses Set mit drei Wickelbodies in wei\u00df, creme und apricot aus 100% oranischer Baumwolle passt in die Garedrobe jedes Jungen oder M\u00e4dchen.\" \/>\n<meta name=\"robots\" content=\"index, follow, max-snippet:-1, max-image-preview:large, max-video-preview:-1\" \/>\n<link rel=\"canonical\" href=\"https:\/\/stellou.eu\/en\/product\/set-3-tlg-wickelbody-weiss-beige-jungen-maedchen\/\" \/>\n<meta property=\"og:locale\" content=\"en_US\" \/>\n<meta property=\"og:type\" content=\"article\" \/>\n<meta property=\"og:title\" content=\"Set 3-tlg. Wickelbody langarm beige | Stellou\" \/>\n<meta property=\"og:description\" content=\"Dieses Set mit drei Wickelbodies in wei\u00df, creme und apricot aus 100% oranischer Baumwolle passt in die Garedrobe jedes Jungen oder M\u00e4dchen.\" \/>\n<meta property=\"og:url\" content=\"https:\/\/stellou.eu\/en\/product\/set-3-tlg-wickelbody-weiss-beige-jungen-maedchen\/\" \/>\n<meta property=\"og:site_name\" content=\"Stellou\" \/>\n<meta property=\"article:modified_time\" content=\"2024-09-24T08:23:29+00:00\" \/>\n<meta property=\"og:image\" content=\"https:\/\/stellou.eu\/wp-content\/uploads\/2021\/11\/0b89656bbedb407d8b497b251f897c50-scaled.jpg\" \/>\n\t<meta property=\"og:image:width\" content=\"1772\" \/>\n\t<meta property=\"og:image:height\" content=\"2560\" \/>\n\t<meta property=\"og:image:type\" content=\"image\/jpeg\" \/>\n<meta name=\"twitter:card\" content=\"summary_large_image\" \/>\n<meta name=\"twitter:label1\" content=\"Est. reading time\" \/>\n\t<meta name=\"twitter:data1\" content=\"1 minute\" \/>\n<script type=\"application\/ld+json\" class=\"yoast-schema-graph\">{\"@context\":\"https:\/\/schema.org\",\"@graph\":[{\"@type\":\"WebPage\",\"@id\":\"https:\/\/stellou.eu\/product\/set-3-tlg-wickelbody-weiss-beige-jungen-maedchen\/\",\"url\":\"https:\/\/stellou.eu\/product\/set-3-tlg-wickelbody-weiss-beige-jungen-maedchen\/\",\"name\":\"Set 3-tlg. Wickelbody langarm beige | Stellou\",\"isPartOf\":{\"@id\":\"https:\/\/stellou.eu\/#website\"},\"primaryImageOfPage\":{\"@id\":\"https:\/\/stellou.eu\/product\/set-3-tlg-wickelbody-weiss-beige-jungen-maedchen\/#primaryimage\"},\"image\":{\"@id\":\"https:\/\/stellou.eu\/product\/set-3-tlg-wickelbody-weiss-beige-jungen-maedchen\/#primaryimage\"},\"thumbnailUrl\":\"https:\/\/stellou.eu\/wp-content\/uploads\/2021\/11\/0b89656bbedb407d8b497b251f897c50-scaled.jpg\",\"datePublished\":\"2021-11-02T03:17:26+00:00\",\"dateModified\":\"2024-09-24T08:23:29+00:00\",\"description\":\"Dieses Set mit drei Wickelbodies in wei\u00df, creme und apricot aus 100% oranischer Baumwolle passt in die Garedrobe jedes Jungen oder M\u00e4dchen.\",\"breadcrumb\":{\"@id\":\"https:\/\/stellou.eu\/product\/set-3-tlg-wickelbody-weiss-beige-jungen-maedchen\/#breadcrumb\"},\"inLanguage\":\"en-US\",\"potentialAction\":[{\"@type\":\"ReadAction\",\"target\":[\"https:\/\/stellou.eu\/product\/set-3-tlg-wickelbody-weiss-beige-jungen-maedchen\/\"]}]},{\"@type\":\"ImageObject\",\"inLanguage\":\"en-US\",\"@id\":\"https:\/\/stellou.eu\/product\/set-3-tlg-wickelbody-weiss-beige-jungen-maedchen\/#primaryimage\",\"url\":\"https:\/\/stellou.eu\/wp-content\/uploads\/2021\/11\/0b89656bbedb407d8b497b251f897c50-scaled.jpg\",\"contentUrl\":\"https:\/\/stellou.eu\/wp-content\/uploads\/2021\/11\/0b89656bbedb407d8b497b251f897c50-scaled.jpg\",\"width\":1772,\"height\":2560},{\"@type\":\"BreadcrumbList\",\"@id\":\"https:\/\/stellou.eu\/product\/set-3-tlg-wickelbody-weiss-beige-jungen-maedchen\/#breadcrumb\",\"itemListElement\":[{\"@type\":\"ListItem\",\"position\":1,\"name\":\"Home\",\"item\":\"https:\/\/stellou.eu\/\"},{\"@type\":\"ListItem\",\"position\":2,\"name\":\"Shop\",\"item\":\"https:\/\/stellou.northitgroup.eu\/shop\/\"},{\"@type\":\"ListItem\",\"position\":3,\"name\":\"M\u00e4dchen\",\"item\":\"https:\/\/stellou.northitgroup.eu\/en\/product-category\/madchen\/\"},{\"@type\":\"ListItem\",\"position\":4,\"name\":\"Body\",\"item\":\"https:\/\/stellou.northitgroup.eu\/en\/product-category\/madchen\/body-madchen\/\"},{\"@type\":\"ListItem\",\"position\":5,\"name\":\"Set 3-tlg. Wickelbody langarm beige\"}]},{\"@type\":\"WebSite\",\"@id\":\"https:\/\/stellou.eu\/#website\",\"url\":\"https:\/\/stellou.eu\/\",\"name\":\"Stellou\",\"description\":\"\",\"publisher\":{\"@id\":\"https:\/\/stellou.eu\/#organization\"},\"potentialAction\":[{\"@type\":\"SearchAction\",\"target\":{\"@type\":\"EntryPoint\",\"urlTemplate\":\"https:\/\/stellou.eu\/?s={search_term_string}\"},\"query-input\":{\"@type\":\"PropertyValueSpecification\",\"valueRequired\":true,\"valueName\":\"search_term_string\"}}],\"inLanguage\":\"en-US\"},{\"@type\":\"Organization\",\"@id\":\"https:\/\/stellou.eu\/#organization\",\"name\":\"Stellou\",\"url\":\"https:\/\/stellou.eu\/\",\"logo\":{\"@type\":\"ImageObject\",\"inLanguage\":\"en-US\",\"@id\":\"https:\/\/stellou.eu\/#\/schema\/logo\/image\/\",\"url\":\"https:\/\/stellou.eu\/wp-content\/uploads\/2021\/04\/Group-30.svg\",\"contentUrl\":\"https:\/\/stellou.eu\/wp-content\/uploads\/2021\/04\/Group-30.svg\",\"width\":158,\"height\":78,\"caption\":\"Stellou\"},\"image\":{\"@id\":\"https:\/\/stellou.eu\/#\/schema\/logo\/image\/\"}}]}<\/script>\n<!-- \/ Yoast SEO plugin. -->","yoast_head_json":{"title":"Set 3-tlg. Wickelbody langarm beige | Stellou","description":"Dieses Set mit drei Wickelbodies in wei\u00df, creme und apricot aus 100% oranischer Baumwolle passt in die Garedrobe jedes Jungen oder M\u00e4dchen.","robots":{"index":"index","follow":"follow","max-snippet":"max-snippet:-1","max-image-preview":"max-image-preview:large","max-video-preview":"max-video-preview:-1"},"canonical":"https:\/\/stellou.eu\/en\/product\/set-3-tlg-wickelbody-weiss-beige-jungen-maedchen\/","og_locale":"en_US","og_type":"article","og_title":"Set 3-tlg. Wickelbody langarm beige | Stellou","og_description":"Dieses Set mit drei Wickelbodies in wei\u00df, creme und apricot aus 100% oranischer Baumwolle passt in die Garedrobe jedes Jungen oder M\u00e4dchen.","og_url":"https:\/\/stellou.eu\/en\/product\/set-3-tlg-wickelbody-weiss-beige-jungen-maedchen\/","og_site_name":"Stellou","article_modified_time":"2024-09-24T08:23:29+00:00","og_image":[{"width":1772,"height":2560,"url":"https:\/\/stellou.eu\/wp-content\/uploads\/2021\/11\/0b89656bbedb407d8b497b251f897c50-scaled.jpg","type":"image\/jpeg"}],"twitter_card":"summary_large_image","twitter_misc":{"Est. reading time":"1 minute"},"schema":{"@context":"https:\/\/schema.org","@graph":[{"@type":"WebPage","@id":"https:\/\/stellou.eu\/product\/set-3-tlg-wickelbody-weiss-beige-jungen-maedchen\/","url":"https:\/\/stellou.eu\/product\/set-3-tlg-wickelbody-weiss-beige-jungen-maedchen\/","name":"Set 3-tlg. Wickelbody langarm beige | Stellou","isPartOf":{"@id":"https:\/\/stellou.eu\/#website"},"primaryImageOfPage":{"@id":"https:\/\/stellou.eu\/product\/set-3-tlg-wickelbody-weiss-beige-jungen-maedchen\/#primaryimage"},"image":{"@id":"https:\/\/stellou.eu\/product\/set-3-tlg-wickelbody-weiss-beige-jungen-maedchen\/#primaryimage"},"thumbnailUrl":"https:\/\/stellou.eu\/wp-content\/uploads\/2021\/11\/0b89656bbedb407d8b497b251f897c50-scaled.jpg","datePublished":"2021-11-02T03:17:26+00:00","dateModified":"2024-09-24T08:23:29+00:00","description":"Dieses Set mit drei Wickelbodies in wei\u00df, creme und apricot aus 100% oranischer Baumwolle passt in die Garedrobe jedes Jungen oder M\u00e4dchen.","breadcrumb":{"@id":"https:\/\/stellou.eu\/product\/set-3-tlg-wickelbody-weiss-beige-jungen-maedchen\/#breadcrumb"},"inLanguage":"en-US","potentialAction":[{"@type":"ReadAction","target":["https:\/\/stellou.eu\/product\/set-3-tlg-wickelbody-weiss-beige-jungen-maedchen\/"]}]},{"@type":"ImageObject","inLanguage":"en-US","@id":"https:\/\/stellou.eu\/product\/set-3-tlg-wickelbody-weiss-beige-jungen-maedchen\/#primaryimage","url":"https:\/\/stellou.eu\/wp-content\/uploads\/2021\/11\/0b89656bbedb407d8b497b251f897c50-scaled.jpg","contentUrl":"https:\/\/stellou.eu\/wp-content\/uploads\/2021\/11\/0b89656bbedb407d8b497b251f897c50-scaled.jpg","width":1772,"height":2560},{"@type":"BreadcrumbList","@id":"https:\/\/stellou.eu\/product\/set-3-tlg-wickelbody-weiss-beige-jungen-maedchen\/#breadcrumb","itemListElement":[{"@type":"ListItem","position":1,"name":"Home","item":"https:\/\/stellou.eu\/"},{"@type":"ListItem","position":2,"name":"Shop","item":"https:\/\/stellou.northitgroup.eu\/shop\/"},{"@type":"ListItem","position":3,"name":"M\u00e4dchen","item":"https:\/\/stellou.northitgroup.eu\/en\/product-category\/madchen\/"},{"@type":"ListItem","position":4,"name":"Body","item":"https:\/\/stellou.northitgroup.eu\/en\/product-category\/madchen\/body-madchen\/"},{"@type":"ListItem","position":5,"name":"Set 3-tlg. Wickelbody langarm beige"}]},{"@type":"WebSite","@id":"https:\/\/stellou.eu\/#website","url":"https:\/\/stellou.eu\/","name":"Stellou","description":"","publisher":{"@id":"https:\/\/stellou.eu\/#organization"},"potentialAction":[{"@type":"SearchAction","target":{"@type":"EntryPoint","urlTemplate":"https:\/\/stellou.eu\/?s={search_term_string}"},"query-input":{"@type":"PropertyValueSpecification","valueRequired":true,"valueName":"search_term_string"}}],"inLanguage":"en-US"},{"@type":"Organization","@id":"https:\/\/stellou.eu\/#organization","name":"Stellou","url":"https:\/\/stellou.eu\/","logo":{"@type":"ImageObject","inLanguage":"en-US","@id":"https:\/\/stellou.eu\/#\/schema\/logo\/image\/","url":"https:\/\/stellou.eu\/wp-content\/uploads\/2021\/04\/Group-30.svg","contentUrl":"https:\/\/stellou.eu\/wp-content\/uploads\/2021\/04\/Group-30.svg","width":158,"height":78,"caption":"Stellou"},"image":{"@id":"https:\/\/stellou.eu\/#\/schema\/logo\/image\/"}}]}},"_links":{"self":[{"href":"https:\/\/stellou.eu\/en\/wp-json\/wp\/v2\/product\/6543"}],"collection":[{"href":"https:\/\/stellou.eu\/en\/wp-json\/wp\/v2\/product"}],"about":[{"href":"https:\/\/stellou.eu\/en\/wp-json\/wp\/v2\/types\/product"}],"wp:featuredmedia":[{"embeddable":true,"href":"https:\/\/stellou.eu\/en\/wp-json\/wp\/v2\/media\/8458"}],"wp:attachment":[{"href":"https:\/\/stellou.eu\/en\/wp-json\/wp\/v2\/media?parent=6543"}],"wp:term":[{"taxonomy":"product_cat","embeddable":true,"href":"https:\/\/stellou.eu\/en\/wp-json\/wp\/v2\/product_cat?post=6543"},{"taxonomy":"product_tag","embeddable":true,"href":"https:\/\/stellou.eu\/en\/wp-json\/wp\/v2\/product_tag?post=6543"}],"curies":[{"name":"wp","href":"https:\/\/api.w.org\/{rel}","templated":true}]}}