{"id":6533,"date":"2021-11-02T04:17:24","date_gmt":"2021-11-02T03:17:24","guid":{"rendered":"https:\/\/stellou.eu\/product\/5girls-body_02_abcde\/"},"modified":"2024-06-17T10:29:00","modified_gmt":"2024-06-17T08:29:00","slug":"set-5-tlg-wickelbody-weiss-rosa-grau-maedchen","status":"publish","type":"product","link":"https:\/\/stellou.eu\/en\/produkt\/set-5-tlg-wickelbody-weiss-rosa-grau-maedchen\/","title":{"rendered":"Set 5-tlg. Wickelbody langarm"},"content":{"rendered":"<p>Dieses 5-teilige Strampler-Set aus 100% organischer Baumwolle ist ein unverzichtbarer Begleiter im Alltag. Der Body aus feiner Jerseyware l\u00e4sst sich in Kombination mit den weichen Saumkanten besonders angenehm tragen. Ein kinderleichtes An- und Ausziehen gelingt durch den \u00fcberlappend gestalteten Schulterbereich. Man kann nicht genug von diesen Bodys haben.<\/p>\n<p>* 5 lang\u00e4rmelige Bodys f\u00fcr M\u00e4dchen<br \/>\n* 1 meliertes, 2 unifarbene und 2 gemusterte Designs<br \/>\n* Rundhalsausschnitt mit gekreuztem Schulterbereich<br \/>\n* Weiche, flache Saumkanten f\u00fcr mehr Komfort<br \/>\n* 99% Bio-Baumwolle, 1% Viskose<\/p>","protected":false},"excerpt":{"rendered":"<p>Dieses 5-teilige Strampler-Set aus 100% organischer Baumwolle ist ein unverzichtbarer Begleiter im Alltag. Der Body aus feiner Jerseyware l\u00e4sst sich in Kombination mit den weichen Saumkanten besonders angenehm tragen. Ein kinderleichtes An- und Ausziehen gelingt durch den \u00fcberlappend gestalteten Schulterbereich. Man kann nicht genug von diesen Bodys haben. * 5 lang\u00e4rmelige Bodys f\u00fcr M\u00e4dchen * [&hellip;]<\/p>","protected":false},"featured_media":8446,"template":"","meta":[],"product_cat":[29,116],"product_tag":[],"yoast_head":"<!-- This site is optimized with the Yoast SEO plugin v23.5 - https:\/\/yoast.com\/wordpress\/plugins\/seo\/ -->\n<title>Set 5-tlg. Wickelbody langarm | Stellou<\/title>\n<meta name=\"description\" content=\"Dieses Set mit f\u00fcnf Wickelbodies in wei\u00df, creme und rosa aus 100% oranischer Baumwolle passt in die Garedrobe jedes Jungen oder M\u00e4dchen.\" \/>\n<meta name=\"robots\" content=\"index, follow, max-snippet:-1, max-image-preview:large, max-video-preview:-1\" \/>\n<link rel=\"canonical\" href=\"https:\/\/stellou.eu\/en\/product\/set-5-tlg-wickelbody-weiss-rosa-grau-maedchen\/\" \/>\n<meta property=\"og:locale\" content=\"en_US\" \/>\n<meta property=\"og:type\" content=\"article\" \/>\n<meta property=\"og:title\" content=\"Set 5-tlg. Wickelbody langarm | Stellou\" \/>\n<meta property=\"og:description\" content=\"Dieses Set mit f\u00fcnf Wickelbodies in wei\u00df, creme und rosa aus 100% oranischer Baumwolle passt in die Garedrobe jedes Jungen oder M\u00e4dchen.\" \/>\n<meta property=\"og:url\" content=\"https:\/\/stellou.eu\/en\/product\/set-5-tlg-wickelbody-weiss-rosa-grau-maedchen\/\" \/>\n<meta property=\"og:site_name\" content=\"Stellou\" \/>\n<meta property=\"article:modified_time\" content=\"2024-06-17T08:29:00+00:00\" \/>\n<meta property=\"og:image\" content=\"https:\/\/stellou.eu\/wp-content\/uploads\/2021\/11\/aa1794de9c54425c83e85bb232194c15-1.png\" \/>\n\t<meta property=\"og:image:width\" content=\"1800\" \/>\n\t<meta property=\"og:image:height\" content=\"2600\" \/>\n\t<meta property=\"og:image:type\" content=\"image\/png\" \/>\n<meta name=\"twitter:card\" content=\"summary_large_image\" \/>\n<meta name=\"twitter:label1\" content=\"Est. reading time\" \/>\n\t<meta name=\"twitter:data1\" content=\"1 minute\" \/>\n<script type=\"application\/ld+json\" class=\"yoast-schema-graph\">{\"@context\":\"https:\/\/schema.org\",\"@graph\":[{\"@type\":\"WebPage\",\"@id\":\"https:\/\/stellou.eu\/product\/set-5-tlg-wickelbody-weiss-rosa-grau-maedchen\/\",\"url\":\"https:\/\/stellou.eu\/product\/set-5-tlg-wickelbody-weiss-rosa-grau-maedchen\/\",\"name\":\"Set 5-tlg. Wickelbody langarm | Stellou\",\"isPartOf\":{\"@id\":\"https:\/\/stellou.eu\/#website\"},\"primaryImageOfPage\":{\"@id\":\"https:\/\/stellou.eu\/product\/set-5-tlg-wickelbody-weiss-rosa-grau-maedchen\/#primaryimage\"},\"image\":{\"@id\":\"https:\/\/stellou.eu\/product\/set-5-tlg-wickelbody-weiss-rosa-grau-maedchen\/#primaryimage\"},\"thumbnailUrl\":\"https:\/\/stellou.eu\/wp-content\/uploads\/2021\/11\/aa1794de9c54425c83e85bb232194c15-1.png\",\"datePublished\":\"2021-11-02T03:17:24+00:00\",\"dateModified\":\"2024-06-17T08:29:00+00:00\",\"description\":\"Dieses Set mit f\u00fcnf Wickelbodies in wei\u00df, creme und rosa aus 100% oranischer Baumwolle passt in die Garedrobe jedes Jungen oder M\u00e4dchen.\",\"breadcrumb\":{\"@id\":\"https:\/\/stellou.eu\/product\/set-5-tlg-wickelbody-weiss-rosa-grau-maedchen\/#breadcrumb\"},\"inLanguage\":\"en-US\",\"potentialAction\":[{\"@type\":\"ReadAction\",\"target\":[\"https:\/\/stellou.eu\/product\/set-5-tlg-wickelbody-weiss-rosa-grau-maedchen\/\"]}]},{\"@type\":\"ImageObject\",\"inLanguage\":\"en-US\",\"@id\":\"https:\/\/stellou.eu\/product\/set-5-tlg-wickelbody-weiss-rosa-grau-maedchen\/#primaryimage\",\"url\":\"https:\/\/stellou.eu\/wp-content\/uploads\/2021\/11\/aa1794de9c54425c83e85bb232194c15-1.png\",\"contentUrl\":\"https:\/\/stellou.eu\/wp-content\/uploads\/2021\/11\/aa1794de9c54425c83e85bb232194c15-1.png\",\"width\":1800,\"height\":2600},{\"@type\":\"BreadcrumbList\",\"@id\":\"https:\/\/stellou.eu\/product\/set-5-tlg-wickelbody-weiss-rosa-grau-maedchen\/#breadcrumb\",\"itemListElement\":[{\"@type\":\"ListItem\",\"position\":1,\"name\":\"Home\",\"item\":\"https:\/\/stellou.eu\/\"},{\"@type\":\"ListItem\",\"position\":2,\"name\":\"Shop\",\"item\":\"https:\/\/stellou.northitgroup.eu\/shop\/\"},{\"@type\":\"ListItem\",\"position\":3,\"name\":\"M\u00e4dchen\",\"item\":\"https:\/\/stellou.northitgroup.eu\/en\/product-category\/madchen\/\"},{\"@type\":\"ListItem\",\"position\":4,\"name\":\"Body\",\"item\":\"https:\/\/stellou.northitgroup.eu\/en\/product-category\/madchen\/body-madchen\/\"},{\"@type\":\"ListItem\",\"position\":5,\"name\":\"Set 5-tlg. Wickelbody langarm\"}]},{\"@type\":\"WebSite\",\"@id\":\"https:\/\/stellou.eu\/#website\",\"url\":\"https:\/\/stellou.eu\/\",\"name\":\"Stellou\",\"description\":\"\",\"publisher\":{\"@id\":\"https:\/\/stellou.eu\/#organization\"},\"potentialAction\":[{\"@type\":\"SearchAction\",\"target\":{\"@type\":\"EntryPoint\",\"urlTemplate\":\"https:\/\/stellou.eu\/?s={search_term_string}\"},\"query-input\":{\"@type\":\"PropertyValueSpecification\",\"valueRequired\":true,\"valueName\":\"search_term_string\"}}],\"inLanguage\":\"en-US\"},{\"@type\":\"Organization\",\"@id\":\"https:\/\/stellou.eu\/#organization\",\"name\":\"Stellou\",\"url\":\"https:\/\/stellou.eu\/\",\"logo\":{\"@type\":\"ImageObject\",\"inLanguage\":\"en-US\",\"@id\":\"https:\/\/stellou.eu\/#\/schema\/logo\/image\/\",\"url\":\"https:\/\/stellou.eu\/wp-content\/uploads\/2021\/04\/Group-30.svg\",\"contentUrl\":\"https:\/\/stellou.eu\/wp-content\/uploads\/2021\/04\/Group-30.svg\",\"width\":158,\"height\":78,\"caption\":\"Stellou\"},\"image\":{\"@id\":\"https:\/\/stellou.eu\/#\/schema\/logo\/image\/\"}}]}<\/script>\n<!-- \/ Yoast SEO plugin. -->","yoast_head_json":{"title":"Set 5-tlg. Wickelbody langarm | Stellou","description":"Dieses Set mit f\u00fcnf Wickelbodies in wei\u00df, creme und rosa aus 100% oranischer Baumwolle passt in die Garedrobe jedes Jungen oder M\u00e4dchen.","robots":{"index":"index","follow":"follow","max-snippet":"max-snippet:-1","max-image-preview":"max-image-preview:large","max-video-preview":"max-video-preview:-1"},"canonical":"https:\/\/stellou.eu\/en\/product\/set-5-tlg-wickelbody-weiss-rosa-grau-maedchen\/","og_locale":"en_US","og_type":"article","og_title":"Set 5-tlg. Wickelbody langarm | Stellou","og_description":"Dieses Set mit f\u00fcnf Wickelbodies in wei\u00df, creme und rosa aus 100% oranischer Baumwolle passt in die Garedrobe jedes Jungen oder M\u00e4dchen.","og_url":"https:\/\/stellou.eu\/en\/product\/set-5-tlg-wickelbody-weiss-rosa-grau-maedchen\/","og_site_name":"Stellou","article_modified_time":"2024-06-17T08:29:00+00:00","og_image":[{"width":1800,"height":2600,"url":"https:\/\/stellou.eu\/wp-content\/uploads\/2021\/11\/aa1794de9c54425c83e85bb232194c15-1.png","type":"image\/png"}],"twitter_card":"summary_large_image","twitter_misc":{"Est. reading time":"1 minute"},"schema":{"@context":"https:\/\/schema.org","@graph":[{"@type":"WebPage","@id":"https:\/\/stellou.eu\/product\/set-5-tlg-wickelbody-weiss-rosa-grau-maedchen\/","url":"https:\/\/stellou.eu\/product\/set-5-tlg-wickelbody-weiss-rosa-grau-maedchen\/","name":"Set 5-tlg. Wickelbody langarm | Stellou","isPartOf":{"@id":"https:\/\/stellou.eu\/#website"},"primaryImageOfPage":{"@id":"https:\/\/stellou.eu\/product\/set-5-tlg-wickelbody-weiss-rosa-grau-maedchen\/#primaryimage"},"image":{"@id":"https:\/\/stellou.eu\/product\/set-5-tlg-wickelbody-weiss-rosa-grau-maedchen\/#primaryimage"},"thumbnailUrl":"https:\/\/stellou.eu\/wp-content\/uploads\/2021\/11\/aa1794de9c54425c83e85bb232194c15-1.png","datePublished":"2021-11-02T03:17:24+00:00","dateModified":"2024-06-17T08:29:00+00:00","description":"Dieses Set mit f\u00fcnf Wickelbodies in wei\u00df, creme und rosa aus 100% oranischer Baumwolle passt in die Garedrobe jedes Jungen oder M\u00e4dchen.","breadcrumb":{"@id":"https:\/\/stellou.eu\/product\/set-5-tlg-wickelbody-weiss-rosa-grau-maedchen\/#breadcrumb"},"inLanguage":"en-US","potentialAction":[{"@type":"ReadAction","target":["https:\/\/stellou.eu\/product\/set-5-tlg-wickelbody-weiss-rosa-grau-maedchen\/"]}]},{"@type":"ImageObject","inLanguage":"en-US","@id":"https:\/\/stellou.eu\/product\/set-5-tlg-wickelbody-weiss-rosa-grau-maedchen\/#primaryimage","url":"https:\/\/stellou.eu\/wp-content\/uploads\/2021\/11\/aa1794de9c54425c83e85bb232194c15-1.png","contentUrl":"https:\/\/stellou.eu\/wp-content\/uploads\/2021\/11\/aa1794de9c54425c83e85bb232194c15-1.png","width":1800,"height":2600},{"@type":"BreadcrumbList","@id":"https:\/\/stellou.eu\/product\/set-5-tlg-wickelbody-weiss-rosa-grau-maedchen\/#breadcrumb","itemListElement":[{"@type":"ListItem","position":1,"name":"Home","item":"https:\/\/stellou.eu\/"},{"@type":"ListItem","position":2,"name":"Shop","item":"https:\/\/stellou.northitgroup.eu\/shop\/"},{"@type":"ListItem","position":3,"name":"M\u00e4dchen","item":"https:\/\/stellou.northitgroup.eu\/en\/product-category\/madchen\/"},{"@type":"ListItem","position":4,"name":"Body","item":"https:\/\/stellou.northitgroup.eu\/en\/product-category\/madchen\/body-madchen\/"},{"@type":"ListItem","position":5,"name":"Set 5-tlg. Wickelbody langarm"}]},{"@type":"WebSite","@id":"https:\/\/stellou.eu\/#website","url":"https:\/\/stellou.eu\/","name":"Stellou","description":"","publisher":{"@id":"https:\/\/stellou.eu\/#organization"},"potentialAction":[{"@type":"SearchAction","target":{"@type":"EntryPoint","urlTemplate":"https:\/\/stellou.eu\/?s={search_term_string}"},"query-input":{"@type":"PropertyValueSpecification","valueRequired":true,"valueName":"search_term_string"}}],"inLanguage":"en-US"},{"@type":"Organization","@id":"https:\/\/stellou.eu\/#organization","name":"Stellou","url":"https:\/\/stellou.eu\/","logo":{"@type":"ImageObject","inLanguage":"en-US","@id":"https:\/\/stellou.eu\/#\/schema\/logo\/image\/","url":"https:\/\/stellou.eu\/wp-content\/uploads\/2021\/04\/Group-30.svg","contentUrl":"https:\/\/stellou.eu\/wp-content\/uploads\/2021\/04\/Group-30.svg","width":158,"height":78,"caption":"Stellou"},"image":{"@id":"https:\/\/stellou.eu\/#\/schema\/logo\/image\/"}}]}},"_links":{"self":[{"href":"https:\/\/stellou.eu\/en\/wp-json\/wp\/v2\/product\/6533"}],"collection":[{"href":"https:\/\/stellou.eu\/en\/wp-json\/wp\/v2\/product"}],"about":[{"href":"https:\/\/stellou.eu\/en\/wp-json\/wp\/v2\/types\/product"}],"wp:featuredmedia":[{"embeddable":true,"href":"https:\/\/stellou.eu\/en\/wp-json\/wp\/v2\/media\/8446"}],"wp:attachment":[{"href":"https:\/\/stellou.eu\/en\/wp-json\/wp\/v2\/media?parent=6533"}],"wp:term":[{"taxonomy":"product_cat","embeddable":true,"href":"https:\/\/stellou.eu\/en\/wp-json\/wp\/v2\/product_cat?post=6533"},{"taxonomy":"product_tag","embeddable":true,"href":"https:\/\/stellou.eu\/en\/wp-json\/wp\/v2\/product_tag?post=6533"}],"curies":[{"name":"wp","href":"https:\/\/api.w.org\/{rel}","templated":true}]}}