{"id":6423,"date":"2021-10-29T13:38:59","date_gmt":"2021-10-29T11:38:59","guid":{"rendered":"https:\/\/stellou.eu\/product\/3unisex-body_01_abc\/"},"modified":"2024-09-24T10:23:29","modified_gmt":"2024-09-24T08:23:29","slug":"set-3-tlg-wickelbody-gruen-beige-schwarz-jungen","status":"publish","type":"product","link":"https:\/\/stellou.eu\/en\/produkt\/set-3-tlg-wickelbody-gruen-beige-schwarz-jungen\/","title":{"rendered":"Set 3-tlg. Wickelbody, langarm"},"content":{"rendered":"<p>Damit sich Babys rundum wohlf\u00fchlen k\u00f6nnen, h\u00fcllt man sie am besten in einen weichen, anschmiegsamen Body aus 100% organischem Baumwolljersey. Durch die \u00fcberlappend gearbeiteten Schulterbereiche wird auch das An- und Ausziehen dieser fein gestreiften Langarmbodys in drei unterschiedlichen Farbdesigns zu einem echten Kinderspiel.<\/p>\n<p>* 3 lang\u00e4rmelige Bodys<br \/>\n* Feines Streifendesign in 3 Farben<br \/>\n* Ausschnitt mit \u00fcberkreuztem Schulterbereich<br \/>\n* Weiche, flache Saumkanten f\u00fcr mehr Komfort<br \/>\n* 100% organische Baumwollqualit\u00e4t<\/p>","protected":false},"excerpt":{"rendered":"<p>Damit sich Babys rundum wohlf\u00fchlen k\u00f6nnen, h\u00fcllt man sie am besten in einen weichen, anschmiegsamen Body aus 100% organischem Baumwolljersey. Durch die \u00fcberlappend gearbeiteten Schulterbereiche wird auch das An- und Ausziehen dieser fein gestreiften Langarmbodys in drei unterschiedlichen Farbdesigns zu einem echten Kinderspiel. * 3 lang\u00e4rmelige Bodys * Feines Streifendesign in 3 Farben * Ausschnitt [&hellip;]<\/p>","protected":false},"featured_media":8483,"template":"","meta":[],"product_cat":[24,15,29,116],"product_tag":[],"yoast_head":"<!-- This site is optimized with the Yoast SEO plugin v23.5 - https:\/\/yoast.com\/wordpress\/plugins\/seo\/ -->\n<title>Set 3-tlg. Wickelbody, langarm | Stellou<\/title>\n<meta name=\"description\" content=\"Dieses Set mit f\u00fcnf Wickelbodies in gruen, creme und schwarz aus 100% oranischer Baumwolle passt in die Garedrobe jedes Jungen oder M\u00e4dchen.\" \/>\n<meta name=\"robots\" content=\"index, follow, max-snippet:-1, max-image-preview:large, max-video-preview:-1\" \/>\n<link rel=\"canonical\" href=\"https:\/\/stellou.eu\/en\/product\/set-3-tlg-wickelbody-gruen-beige-schwarz-jungen\/\" \/>\n<meta property=\"og:locale\" content=\"en_US\" \/>\n<meta property=\"og:type\" content=\"article\" \/>\n<meta property=\"og:title\" content=\"Set 3-tlg. Wickelbody, langarm | Stellou\" \/>\n<meta property=\"og:description\" content=\"Dieses Set mit f\u00fcnf Wickelbodies in gruen, creme und schwarz aus 100% oranischer Baumwolle passt in die Garedrobe jedes Jungen oder M\u00e4dchen.\" \/>\n<meta property=\"og:url\" content=\"https:\/\/stellou.eu\/en\/product\/set-3-tlg-wickelbody-gruen-beige-schwarz-jungen\/\" \/>\n<meta property=\"og:site_name\" content=\"Stellou\" \/>\n<meta property=\"article:modified_time\" content=\"2024-09-24T08:23:29+00:00\" \/>\n<meta property=\"og:image\" content=\"https:\/\/stellou.eu\/wp-content\/uploads\/2021\/10\/SL_BODY_01-3UNISEX-BODY_01_ABC-multicolor_1-1024x1006.png\" \/>\n\t<meta property=\"og:image:width\" content=\"1024\" \/>\n\t<meta property=\"og:image:height\" content=\"1006\" \/>\n\t<meta property=\"og:image:type\" content=\"image\/png\" \/>\n<meta name=\"twitter:card\" content=\"summary_large_image\" \/>\n<meta name=\"twitter:label1\" content=\"Est. reading time\" \/>\n\t<meta name=\"twitter:data1\" content=\"1 minute\" \/>\n<script type=\"application\/ld+json\" class=\"yoast-schema-graph\">{\"@context\":\"https:\/\/schema.org\",\"@graph\":[{\"@type\":\"WebPage\",\"@id\":\"https:\/\/stellou.eu\/product\/set-3-tlg-wickelbody-gruen-beige-schwarz-jungen\/\",\"url\":\"https:\/\/stellou.eu\/product\/set-3-tlg-wickelbody-gruen-beige-schwarz-jungen\/\",\"name\":\"Set 3-tlg. Wickelbody, langarm | Stellou\",\"isPartOf\":{\"@id\":\"https:\/\/stellou.eu\/#website\"},\"primaryImageOfPage\":{\"@id\":\"https:\/\/stellou.eu\/product\/set-3-tlg-wickelbody-gruen-beige-schwarz-jungen\/#primaryimage\"},\"image\":{\"@id\":\"https:\/\/stellou.eu\/product\/set-3-tlg-wickelbody-gruen-beige-schwarz-jungen\/#primaryimage\"},\"thumbnailUrl\":\"https:\/\/stellou.eu\/wp-content\/uploads\/2021\/10\/SL_BODY_01-3UNISEX-BODY_01_ABC-multicolor_1.png\",\"datePublished\":\"2021-10-29T11:38:59+00:00\",\"dateModified\":\"2024-09-24T08:23:29+00:00\",\"description\":\"Dieses Set mit f\u00fcnf Wickelbodies in gruen, creme und schwarz aus 100% oranischer Baumwolle passt in die Garedrobe jedes Jungen oder M\u00e4dchen.\",\"breadcrumb\":{\"@id\":\"https:\/\/stellou.eu\/product\/set-3-tlg-wickelbody-gruen-beige-schwarz-jungen\/#breadcrumb\"},\"inLanguage\":\"en-US\",\"potentialAction\":[{\"@type\":\"ReadAction\",\"target\":[\"https:\/\/stellou.eu\/product\/set-3-tlg-wickelbody-gruen-beige-schwarz-jungen\/\"]}]},{\"@type\":\"ImageObject\",\"inLanguage\":\"en-US\",\"@id\":\"https:\/\/stellou.eu\/product\/set-3-tlg-wickelbody-gruen-beige-schwarz-jungen\/#primaryimage\",\"url\":\"https:\/\/stellou.eu\/wp-content\/uploads\/2021\/10\/SL_BODY_01-3UNISEX-BODY_01_ABC-multicolor_1.png\",\"contentUrl\":\"https:\/\/stellou.eu\/wp-content\/uploads\/2021\/10\/SL_BODY_01-3UNISEX-BODY_01_ABC-multicolor_1.png\",\"width\":2320,\"height\":2280},{\"@type\":\"BreadcrumbList\",\"@id\":\"https:\/\/stellou.eu\/product\/set-3-tlg-wickelbody-gruen-beige-schwarz-jungen\/#breadcrumb\",\"itemListElement\":[{\"@type\":\"ListItem\",\"position\":1,\"name\":\"Home\",\"item\":\"https:\/\/stellou.eu\/\"},{\"@type\":\"ListItem\",\"position\":2,\"name\":\"Shop\",\"item\":\"https:\/\/stellou.northitgroup.eu\/shop\/\"},{\"@type\":\"ListItem\",\"position\":3,\"name\":\"Jungen\",\"item\":\"https:\/\/stellou.northitgroup.eu\/product-category\/jungen\/\"},{\"@type\":\"ListItem\",\"position\":4,\"name\":\"Body\",\"item\":\"https:\/\/stellou.northitgroup.eu\/en\/product-category\/jungen\/body\/\"},{\"@type\":\"ListItem\",\"position\":5,\"name\":\"Set 3-tlg. Wickelbody, langarm\"}]},{\"@type\":\"WebSite\",\"@id\":\"https:\/\/stellou.eu\/#website\",\"url\":\"https:\/\/stellou.eu\/\",\"name\":\"Stellou\",\"description\":\"\",\"publisher\":{\"@id\":\"https:\/\/stellou.eu\/#organization\"},\"potentialAction\":[{\"@type\":\"SearchAction\",\"target\":{\"@type\":\"EntryPoint\",\"urlTemplate\":\"https:\/\/stellou.eu\/?s={search_term_string}\"},\"query-input\":{\"@type\":\"PropertyValueSpecification\",\"valueRequired\":true,\"valueName\":\"search_term_string\"}}],\"inLanguage\":\"en-US\"},{\"@type\":\"Organization\",\"@id\":\"https:\/\/stellou.eu\/#organization\",\"name\":\"Stellou\",\"url\":\"https:\/\/stellou.eu\/\",\"logo\":{\"@type\":\"ImageObject\",\"inLanguage\":\"en-US\",\"@id\":\"https:\/\/stellou.eu\/#\/schema\/logo\/image\/\",\"url\":\"https:\/\/stellou.eu\/wp-content\/uploads\/2021\/04\/Group-30.svg\",\"contentUrl\":\"https:\/\/stellou.eu\/wp-content\/uploads\/2021\/04\/Group-30.svg\",\"width\":158,\"height\":78,\"caption\":\"Stellou\"},\"image\":{\"@id\":\"https:\/\/stellou.eu\/#\/schema\/logo\/image\/\"}}]}<\/script>\n<!-- \/ Yoast SEO plugin. -->","yoast_head_json":{"title":"Set 3-tlg. Wickelbody, langarm | Stellou","description":"Dieses Set mit f\u00fcnf Wickelbodies in gruen, creme und schwarz aus 100% oranischer Baumwolle passt in die Garedrobe jedes Jungen oder M\u00e4dchen.","robots":{"index":"index","follow":"follow","max-snippet":"max-snippet:-1","max-image-preview":"max-image-preview:large","max-video-preview":"max-video-preview:-1"},"canonical":"https:\/\/stellou.eu\/en\/product\/set-3-tlg-wickelbody-gruen-beige-schwarz-jungen\/","og_locale":"en_US","og_type":"article","og_title":"Set 3-tlg. Wickelbody, langarm | Stellou","og_description":"Dieses Set mit f\u00fcnf Wickelbodies in gruen, creme und schwarz aus 100% oranischer Baumwolle passt in die Garedrobe jedes Jungen oder M\u00e4dchen.","og_url":"https:\/\/stellou.eu\/en\/product\/set-3-tlg-wickelbody-gruen-beige-schwarz-jungen\/","og_site_name":"Stellou","article_modified_time":"2024-09-24T08:23:29+00:00","og_image":[{"width":1024,"height":1006,"url":"https:\/\/stellou.eu\/wp-content\/uploads\/2021\/10\/SL_BODY_01-3UNISEX-BODY_01_ABC-multicolor_1-1024x1006.png","type":"image\/png"}],"twitter_card":"summary_large_image","twitter_misc":{"Est. reading time":"1 minute"},"schema":{"@context":"https:\/\/schema.org","@graph":[{"@type":"WebPage","@id":"https:\/\/stellou.eu\/product\/set-3-tlg-wickelbody-gruen-beige-schwarz-jungen\/","url":"https:\/\/stellou.eu\/product\/set-3-tlg-wickelbody-gruen-beige-schwarz-jungen\/","name":"Set 3-tlg. Wickelbody, langarm | Stellou","isPartOf":{"@id":"https:\/\/stellou.eu\/#website"},"primaryImageOfPage":{"@id":"https:\/\/stellou.eu\/product\/set-3-tlg-wickelbody-gruen-beige-schwarz-jungen\/#primaryimage"},"image":{"@id":"https:\/\/stellou.eu\/product\/set-3-tlg-wickelbody-gruen-beige-schwarz-jungen\/#primaryimage"},"thumbnailUrl":"https:\/\/stellou.eu\/wp-content\/uploads\/2021\/10\/SL_BODY_01-3UNISEX-BODY_01_ABC-multicolor_1.png","datePublished":"2021-10-29T11:38:59+00:00","dateModified":"2024-09-24T08:23:29+00:00","description":"Dieses Set mit f\u00fcnf Wickelbodies in gruen, creme und schwarz aus 100% oranischer Baumwolle passt in die Garedrobe jedes Jungen oder M\u00e4dchen.","breadcrumb":{"@id":"https:\/\/stellou.eu\/product\/set-3-tlg-wickelbody-gruen-beige-schwarz-jungen\/#breadcrumb"},"inLanguage":"en-US","potentialAction":[{"@type":"ReadAction","target":["https:\/\/stellou.eu\/product\/set-3-tlg-wickelbody-gruen-beige-schwarz-jungen\/"]}]},{"@type":"ImageObject","inLanguage":"en-US","@id":"https:\/\/stellou.eu\/product\/set-3-tlg-wickelbody-gruen-beige-schwarz-jungen\/#primaryimage","url":"https:\/\/stellou.eu\/wp-content\/uploads\/2021\/10\/SL_BODY_01-3UNISEX-BODY_01_ABC-multicolor_1.png","contentUrl":"https:\/\/stellou.eu\/wp-content\/uploads\/2021\/10\/SL_BODY_01-3UNISEX-BODY_01_ABC-multicolor_1.png","width":2320,"height":2280},{"@type":"BreadcrumbList","@id":"https:\/\/stellou.eu\/product\/set-3-tlg-wickelbody-gruen-beige-schwarz-jungen\/#breadcrumb","itemListElement":[{"@type":"ListItem","position":1,"name":"Home","item":"https:\/\/stellou.eu\/"},{"@type":"ListItem","position":2,"name":"Shop","item":"https:\/\/stellou.northitgroup.eu\/shop\/"},{"@type":"ListItem","position":3,"name":"Jungen","item":"https:\/\/stellou.northitgroup.eu\/product-category\/jungen\/"},{"@type":"ListItem","position":4,"name":"Body","item":"https:\/\/stellou.northitgroup.eu\/en\/product-category\/jungen\/body\/"},{"@type":"ListItem","position":5,"name":"Set 3-tlg. Wickelbody, langarm"}]},{"@type":"WebSite","@id":"https:\/\/stellou.eu\/#website","url":"https:\/\/stellou.eu\/","name":"Stellou","description":"","publisher":{"@id":"https:\/\/stellou.eu\/#organization"},"potentialAction":[{"@type":"SearchAction","target":{"@type":"EntryPoint","urlTemplate":"https:\/\/stellou.eu\/?s={search_term_string}"},"query-input":{"@type":"PropertyValueSpecification","valueRequired":true,"valueName":"search_term_string"}}],"inLanguage":"en-US"},{"@type":"Organization","@id":"https:\/\/stellou.eu\/#organization","name":"Stellou","url":"https:\/\/stellou.eu\/","logo":{"@type":"ImageObject","inLanguage":"en-US","@id":"https:\/\/stellou.eu\/#\/schema\/logo\/image\/","url":"https:\/\/stellou.eu\/wp-content\/uploads\/2021\/04\/Group-30.svg","contentUrl":"https:\/\/stellou.eu\/wp-content\/uploads\/2021\/04\/Group-30.svg","width":158,"height":78,"caption":"Stellou"},"image":{"@id":"https:\/\/stellou.eu\/#\/schema\/logo\/image\/"}}]}},"_links":{"self":[{"href":"https:\/\/stellou.eu\/en\/wp-json\/wp\/v2\/product\/6423"}],"collection":[{"href":"https:\/\/stellou.eu\/en\/wp-json\/wp\/v2\/product"}],"about":[{"href":"https:\/\/stellou.eu\/en\/wp-json\/wp\/v2\/types\/product"}],"wp:featuredmedia":[{"embeddable":true,"href":"https:\/\/stellou.eu\/en\/wp-json\/wp\/v2\/media\/8483"}],"wp:attachment":[{"href":"https:\/\/stellou.eu\/en\/wp-json\/wp\/v2\/media?parent=6423"}],"wp:term":[{"taxonomy":"product_cat","embeddable":true,"href":"https:\/\/stellou.eu\/en\/wp-json\/wp\/v2\/product_cat?post=6423"},{"taxonomy":"product_tag","embeddable":true,"href":"https:\/\/stellou.eu\/en\/wp-json\/wp\/v2\/product_tag?post=6423"}],"curies":[{"name":"wp","href":"https:\/\/api.w.org\/{rel}","templated":true}]}}