{"id":6421,"date":"2021-10-29T12:38:59","date_gmt":"2021-10-29T10:38:59","guid":{"rendered":"https:\/\/stellou.eu\/product\/baby-strick-set-muetze-mit-kuscheldecke-3\/"},"modified":"2024-01-28T16:20:05","modified_gmt":"2024-01-28T15:20:05","slug":"set-baby-kaschmir-decke-muetze-rosa","status":"publish","type":"product","link":"https:\/\/stellou.eu\/en\/produkt\/set-baby-kaschmir-decke-muetze-rosa\/","title":{"rendered":"Baby-Kaschmir-Decke &amp; M\u00fctze altrosa"},"content":{"rendered":"<p>Dieses Baby-Set besteht aus einer Kuscheldecke und einer farblich passenden M\u00fctze mit einem feinen Rollsaum aus reinem Kaschmir. Die Qualit\u00e4t des Luxusgarns zeichnet sich mit ihrer besonders weichen, anschmiegsamen Haptik aus. Das Kaschmir-Set ist ein unverzichtbarer Begleiter, das Babys mit sanfter W\u00e4rme umgibt.<\/p>\n<p>* Feinstrick-Set f\u00fcr Babys<br \/>\n* Bestehend aus Kuscheldecke und M\u00fctze<br \/>\n* Angenehm weicher Griff<br \/>\n* Aus 100% Kaschmir<br \/>\n* Ma\u00dfe: 85 x 85 cm<\/p>","protected":false},"excerpt":{"rendered":"<p>Dieses Baby-Set besteht aus einer Kuscheldecke und einer farblich passenden M\u00fctze mit einem feinen Rollsaum aus reinem Kaschmir. Die Qualit\u00e4t des Luxusgarns zeichnet sich mit ihrer besonders weichen, anschmiegsamen Haptik aus. Das Kaschmir-Set ist ein unverzichtbarer Begleiter, das Babys mit sanfter W\u00e4rme umgibt. * Feinstrick-Set f\u00fcr Babys * Bestehend aus Kuscheldecke und M\u00fctze * Angenehm [&hellip;]<\/p>","protected":false},"featured_media":8451,"template":"","meta":[],"product_cat":[155,29],"product_tag":[],"yoast_head":"<!-- This site is optimized with the Yoast SEO plugin v23.5 - https:\/\/yoast.com\/wordpress\/plugins\/seo\/ -->\n<title>Baby-Kaschmir-Decke &amp; M\u00fctze altrosa | Stellou<\/title>\n<meta name=\"description\" content=\"Dieses Baby-Set f\u00fcr Jungen und M\u00e4dchen aus 100% Kaschmir besteht aus einer rosa einfarbeigen Decke mit passender M\u00fctze.\" \/>\n<meta name=\"robots\" content=\"index, follow, max-snippet:-1, max-image-preview:large, max-video-preview:-1\" \/>\n<link rel=\"canonical\" href=\"https:\/\/stellou.eu\/en\/product\/set-baby-kaschmir-decke-muetze-rosa\/\" \/>\n<meta property=\"og:locale\" content=\"en_US\" \/>\n<meta property=\"og:type\" content=\"article\" \/>\n<meta property=\"og:title\" content=\"Baby-Kaschmir-Decke &amp; M\u00fctze altrosa | Stellou\" \/>\n<meta property=\"og:description\" content=\"Dieses Baby-Set f\u00fcr Jungen und M\u00e4dchen aus 100% Kaschmir besteht aus einer rosa einfarbeigen Decke mit passender M\u00fctze.\" \/>\n<meta property=\"og:url\" content=\"https:\/\/stellou.eu\/en\/product\/set-baby-kaschmir-decke-muetze-rosa\/\" \/>\n<meta property=\"og:site_name\" content=\"Stellou\" \/>\n<meta property=\"article:modified_time\" content=\"2024-01-28T15:20:05+00:00\" \/>\n<meta property=\"og:image\" content=\"https:\/\/stellou.eu\/wp-content\/uploads\/2021\/10\/11a366e78fb048ba885365cf61a9c346.png\" \/>\n\t<meta property=\"og:image:width\" content=\"800\" \/>\n\t<meta property=\"og:image:height\" content=\"1156\" \/>\n\t<meta property=\"og:image:type\" content=\"image\/png\" \/>\n<meta name=\"twitter:card\" content=\"summary_large_image\" \/>\n<meta name=\"twitter:label1\" content=\"Est. reading time\" \/>\n\t<meta name=\"twitter:data1\" content=\"1 minute\" \/>\n<script type=\"application\/ld+json\" class=\"yoast-schema-graph\">{\"@context\":\"https:\/\/schema.org\",\"@graph\":[{\"@type\":\"WebPage\",\"@id\":\"https:\/\/stellou.eu\/product\/set-baby-kaschmir-decke-muetze-rosa\/\",\"url\":\"https:\/\/stellou.eu\/product\/set-baby-kaschmir-decke-muetze-rosa\/\",\"name\":\"Baby-Kaschmir-Decke &amp; M\u00fctze altrosa | Stellou\",\"isPartOf\":{\"@id\":\"https:\/\/stellou.eu\/#website\"},\"primaryImageOfPage\":{\"@id\":\"https:\/\/stellou.eu\/product\/set-baby-kaschmir-decke-muetze-rosa\/#primaryimage\"},\"image\":{\"@id\":\"https:\/\/stellou.eu\/product\/set-baby-kaschmir-decke-muetze-rosa\/#primaryimage\"},\"thumbnailUrl\":\"https:\/\/stellou.eu\/wp-content\/uploads\/2021\/10\/11a366e78fb048ba885365cf61a9c346.png\",\"datePublished\":\"2021-10-29T10:38:59+00:00\",\"dateModified\":\"2024-01-28T15:20:05+00:00\",\"description\":\"Dieses Baby-Set f\u00fcr Jungen und M\u00e4dchen aus 100% Kaschmir besteht aus einer rosa einfarbeigen Decke mit passender M\u00fctze.\",\"breadcrumb\":{\"@id\":\"https:\/\/stellou.eu\/product\/set-baby-kaschmir-decke-muetze-rosa\/#breadcrumb\"},\"inLanguage\":\"en-US\",\"potentialAction\":[{\"@type\":\"ReadAction\",\"target\":[\"https:\/\/stellou.eu\/product\/set-baby-kaschmir-decke-muetze-rosa\/\"]}]},{\"@type\":\"ImageObject\",\"inLanguage\":\"en-US\",\"@id\":\"https:\/\/stellou.eu\/product\/set-baby-kaschmir-decke-muetze-rosa\/#primaryimage\",\"url\":\"https:\/\/stellou.eu\/wp-content\/uploads\/2021\/10\/11a366e78fb048ba885365cf61a9c346.png\",\"contentUrl\":\"https:\/\/stellou.eu\/wp-content\/uploads\/2021\/10\/11a366e78fb048ba885365cf61a9c346.png\",\"width\":800,\"height\":1156},{\"@type\":\"BreadcrumbList\",\"@id\":\"https:\/\/stellou.eu\/product\/set-baby-kaschmir-decke-muetze-rosa\/#breadcrumb\",\"itemListElement\":[{\"@type\":\"ListItem\",\"position\":1,\"name\":\"Home\",\"item\":\"https:\/\/stellou.eu\/\"},{\"@type\":\"ListItem\",\"position\":2,\"name\":\"Shop\",\"item\":\"https:\/\/stellou.northitgroup.eu\/shop\/\"},{\"@type\":\"ListItem\",\"position\":3,\"name\":\"Accessories\",\"item\":\"https:\/\/stellou.northitgroup.eu\/en\/product-category\/accessories\/\"},{\"@type\":\"ListItem\",\"position\":4,\"name\":\"Baby-Kaschmir-Decke &amp; M\u00fctze altrosa\"}]},{\"@type\":\"WebSite\",\"@id\":\"https:\/\/stellou.eu\/#website\",\"url\":\"https:\/\/stellou.eu\/\",\"name\":\"Stellou\",\"description\":\"\",\"publisher\":{\"@id\":\"https:\/\/stellou.eu\/#organization\"},\"potentialAction\":[{\"@type\":\"SearchAction\",\"target\":{\"@type\":\"EntryPoint\",\"urlTemplate\":\"https:\/\/stellou.eu\/?s={search_term_string}\"},\"query-input\":{\"@type\":\"PropertyValueSpecification\",\"valueRequired\":true,\"valueName\":\"search_term_string\"}}],\"inLanguage\":\"en-US\"},{\"@type\":\"Organization\",\"@id\":\"https:\/\/stellou.eu\/#organization\",\"name\":\"Stellou\",\"url\":\"https:\/\/stellou.eu\/\",\"logo\":{\"@type\":\"ImageObject\",\"inLanguage\":\"en-US\",\"@id\":\"https:\/\/stellou.eu\/#\/schema\/logo\/image\/\",\"url\":\"https:\/\/stellou.eu\/wp-content\/uploads\/2021\/04\/Group-30.svg\",\"contentUrl\":\"https:\/\/stellou.eu\/wp-content\/uploads\/2021\/04\/Group-30.svg\",\"width\":158,\"height\":78,\"caption\":\"Stellou\"},\"image\":{\"@id\":\"https:\/\/stellou.eu\/#\/schema\/logo\/image\/\"}}]}<\/script>\n<!-- \/ Yoast SEO plugin. -->","yoast_head_json":{"title":"Baby-Kaschmir-Decke &amp; M\u00fctze altrosa | Stellou","description":"Dieses Baby-Set f\u00fcr Jungen und M\u00e4dchen aus 100% Kaschmir besteht aus einer rosa einfarbeigen Decke mit passender M\u00fctze.","robots":{"index":"index","follow":"follow","max-snippet":"max-snippet:-1","max-image-preview":"max-image-preview:large","max-video-preview":"max-video-preview:-1"},"canonical":"https:\/\/stellou.eu\/en\/product\/set-baby-kaschmir-decke-muetze-rosa\/","og_locale":"en_US","og_type":"article","og_title":"Baby-Kaschmir-Decke &amp; M\u00fctze altrosa | Stellou","og_description":"Dieses Baby-Set f\u00fcr Jungen und M\u00e4dchen aus 100% Kaschmir besteht aus einer rosa einfarbeigen Decke mit passender M\u00fctze.","og_url":"https:\/\/stellou.eu\/en\/product\/set-baby-kaschmir-decke-muetze-rosa\/","og_site_name":"Stellou","article_modified_time":"2024-01-28T15:20:05+00:00","og_image":[{"width":800,"height":1156,"url":"https:\/\/stellou.eu\/wp-content\/uploads\/2021\/10\/11a366e78fb048ba885365cf61a9c346.png","type":"image\/png"}],"twitter_card":"summary_large_image","twitter_misc":{"Est. reading time":"1 minute"},"schema":{"@context":"https:\/\/schema.org","@graph":[{"@type":"WebPage","@id":"https:\/\/stellou.eu\/product\/set-baby-kaschmir-decke-muetze-rosa\/","url":"https:\/\/stellou.eu\/product\/set-baby-kaschmir-decke-muetze-rosa\/","name":"Baby-Kaschmir-Decke &amp; M\u00fctze altrosa | Stellou","isPartOf":{"@id":"https:\/\/stellou.eu\/#website"},"primaryImageOfPage":{"@id":"https:\/\/stellou.eu\/product\/set-baby-kaschmir-decke-muetze-rosa\/#primaryimage"},"image":{"@id":"https:\/\/stellou.eu\/product\/set-baby-kaschmir-decke-muetze-rosa\/#primaryimage"},"thumbnailUrl":"https:\/\/stellou.eu\/wp-content\/uploads\/2021\/10\/11a366e78fb048ba885365cf61a9c346.png","datePublished":"2021-10-29T10:38:59+00:00","dateModified":"2024-01-28T15:20:05+00:00","description":"Dieses Baby-Set f\u00fcr Jungen und M\u00e4dchen aus 100% Kaschmir besteht aus einer rosa einfarbeigen Decke mit passender M\u00fctze.","breadcrumb":{"@id":"https:\/\/stellou.eu\/product\/set-baby-kaschmir-decke-muetze-rosa\/#breadcrumb"},"inLanguage":"en-US","potentialAction":[{"@type":"ReadAction","target":["https:\/\/stellou.eu\/product\/set-baby-kaschmir-decke-muetze-rosa\/"]}]},{"@type":"ImageObject","inLanguage":"en-US","@id":"https:\/\/stellou.eu\/product\/set-baby-kaschmir-decke-muetze-rosa\/#primaryimage","url":"https:\/\/stellou.eu\/wp-content\/uploads\/2021\/10\/11a366e78fb048ba885365cf61a9c346.png","contentUrl":"https:\/\/stellou.eu\/wp-content\/uploads\/2021\/10\/11a366e78fb048ba885365cf61a9c346.png","width":800,"height":1156},{"@type":"BreadcrumbList","@id":"https:\/\/stellou.eu\/product\/set-baby-kaschmir-decke-muetze-rosa\/#breadcrumb","itemListElement":[{"@type":"ListItem","position":1,"name":"Home","item":"https:\/\/stellou.eu\/"},{"@type":"ListItem","position":2,"name":"Shop","item":"https:\/\/stellou.northitgroup.eu\/shop\/"},{"@type":"ListItem","position":3,"name":"Accessories","item":"https:\/\/stellou.northitgroup.eu\/en\/product-category\/accessories\/"},{"@type":"ListItem","position":4,"name":"Baby-Kaschmir-Decke &amp; M\u00fctze altrosa"}]},{"@type":"WebSite","@id":"https:\/\/stellou.eu\/#website","url":"https:\/\/stellou.eu\/","name":"Stellou","description":"","publisher":{"@id":"https:\/\/stellou.eu\/#organization"},"potentialAction":[{"@type":"SearchAction","target":{"@type":"EntryPoint","urlTemplate":"https:\/\/stellou.eu\/?s={search_term_string}"},"query-input":{"@type":"PropertyValueSpecification","valueRequired":true,"valueName":"search_term_string"}}],"inLanguage":"en-US"},{"@type":"Organization","@id":"https:\/\/stellou.eu\/#organization","name":"Stellou","url":"https:\/\/stellou.eu\/","logo":{"@type":"ImageObject","inLanguage":"en-US","@id":"https:\/\/stellou.eu\/#\/schema\/logo\/image\/","url":"https:\/\/stellou.eu\/wp-content\/uploads\/2021\/04\/Group-30.svg","contentUrl":"https:\/\/stellou.eu\/wp-content\/uploads\/2021\/04\/Group-30.svg","width":158,"height":78,"caption":"Stellou"},"image":{"@id":"https:\/\/stellou.eu\/#\/schema\/logo\/image\/"}}]}},"_links":{"self":[{"href":"https:\/\/stellou.eu\/en\/wp-json\/wp\/v2\/product\/6421"}],"collection":[{"href":"https:\/\/stellou.eu\/en\/wp-json\/wp\/v2\/product"}],"about":[{"href":"https:\/\/stellou.eu\/en\/wp-json\/wp\/v2\/types\/product"}],"wp:featuredmedia":[{"embeddable":true,"href":"https:\/\/stellou.eu\/en\/wp-json\/wp\/v2\/media\/8451"}],"wp:attachment":[{"href":"https:\/\/stellou.eu\/en\/wp-json\/wp\/v2\/media?parent=6421"}],"wp:term":[{"taxonomy":"product_cat","embeddable":true,"href":"https:\/\/stellou.eu\/en\/wp-json\/wp\/v2\/product_cat?post=6421"},{"taxonomy":"product_tag","embeddable":true,"href":"https:\/\/stellou.eu\/en\/wp-json\/wp\/v2\/product_tag?post=6421"}],"curies":[{"name":"wp","href":"https:\/\/api.w.org\/{rel}","templated":true}]}}