{"id":6401,"date":"2021-10-29T12:38:55","date_gmt":"2021-10-29T10:38:55","guid":{"rendered":"https:\/\/stellou.eu\/product\/knitted-pullover-with-matching-knitted-pants-navy\/"},"modified":"2024-05-02T13:52:06","modified_gmt":"2024-05-02T11:52:06","slug":"set-baby-strick-pullover-mit-hose-navy","status":"publish","type":"product","link":"https:\/\/stellou.eu\/en\/produkt\/set-baby-strick-pullover-mit-hose-navy\/","title":{"rendered":"Gestrickter Pullover mit passender Hose dunkelblau"},"content":{"rendered":"<p>Dieses Knitwear-Set f\u00fcr Babys steht f\u00fcr Komfort und Nat\u00fcrlichkeit. Das Baumwollmaterial ist in einer feinen Textur gestrickt und \u00fcberzeugt durch seinen angenehm weichen Griff. Kn\u00f6pfe, ebenfalls in nat\u00fcrlicher Optik sind entlang der Raglann\u00e4hte angebracht. Diese sehen nicht nur edel aus, obendrein erleichtern sie das An- und Ausziehen dieses niedlichen Pullis, der mit der passenden Hose ein erlesenes Baby-Set ergibt.<\/p>\n<p>* Knitwear-Set f\u00fcr Babys<br \/>\n* Bestehend aus Pullover und Hose<br \/>\n* Ausschnitt mit gekn\u00f6pften Raglann\u00e4hten<br \/>\n* Elastischer Hosenbund<br \/>\n* Angenehm weiches Feinstrickmaterial<br \/>\n* Aus 100% Baumwolle<\/p>","protected":false},"excerpt":{"rendered":"<p>Dieses Knitwear-Set f\u00fcr Babys steht f\u00fcr Komfort und Nat\u00fcrlichkeit. Das Baumwollmaterial ist in einer feinen Textur gestrickt und \u00fcberzeugt durch seinen angenehm weichen Griff. Kn\u00f6pfe, ebenfalls in nat\u00fcrlicher Optik sind entlang der Raglann\u00e4hte angebracht. Diese sehen nicht nur edel aus, obendrein erleichtern sie das An- und Ausziehen dieses niedlichen Pullis, der mit der passenden Hose [&hellip;]<\/p>","protected":false},"featured_media":8481,"template":"","meta":[],"product_cat":[24,25],"product_tag":[],"yoast_head":"<!-- This site is optimized with the Yoast SEO plugin v23.5 - https:\/\/yoast.com\/wordpress\/plugins\/seo\/ -->\n<title>Gestrickter Pullover mit passender Hose dunkelblau | Stellou<\/title>\n<meta name=\"description\" content=\"Dieser einfarbige gestrickte Baby Zweiteiler f\u00fcr Jungen und M\u00e4dchen in grau mit Pullover und passender Hose besteht aus 100% Baumwolle.\" \/>\n<meta name=\"robots\" content=\"index, follow, max-snippet:-1, max-image-preview:large, max-video-preview:-1\" \/>\n<link rel=\"canonical\" href=\"https:\/\/stellou.northitgroup.eu\/product\/set-baby-strick-pullover-mit-hose-navy\/\" \/>\n<meta property=\"og:locale\" content=\"en_US\" \/>\n<meta property=\"og:type\" content=\"article\" \/>\n<meta property=\"og:title\" content=\"Gestrickter Pullover mit passender Hose dunkelblau | Stellou\" \/>\n<meta property=\"og:description\" content=\"Dieser einfarbige gestrickte Baby Zweiteiler f\u00fcr Jungen und M\u00e4dchen in grau mit Pullover und passender Hose besteht aus 100% Baumwolle.\" \/>\n<meta property=\"og:url\" content=\"https:\/\/stellou.northitgroup.eu\/product\/set-baby-strick-pullover-mit-hose-navy\/\" \/>\n<meta property=\"og:site_name\" content=\"Stellou\" \/>\n<meta property=\"article:modified_time\" content=\"2024-05-02T11:52:06+00:00\" \/>\n<meta property=\"og:image\" content=\"https:\/\/stellou.northitgroup.eu\/wp-content\/uploads\/2021\/10\/Knit_Set_03_C-knitted-baby-set-navy_1-1006x1024.png\" \/>\n\t<meta property=\"og:image:width\" content=\"1006\" \/>\n\t<meta property=\"og:image:height\" content=\"1024\" \/>\n\t<meta property=\"og:image:type\" content=\"image\/png\" \/>\n<meta name=\"twitter:card\" content=\"summary_large_image\" \/>\n<meta name=\"twitter:label1\" content=\"Est. reading time\" \/>\n\t<meta name=\"twitter:data1\" content=\"1 minute\" \/>\n<script type=\"application\/ld+json\" class=\"yoast-schema-graph\">{\"@context\":\"https:\/\/schema.org\",\"@graph\":[{\"@type\":\"WebPage\",\"@id\":\"https:\/\/stellou.northitgroup.eu\/product\/set-baby-strick-pullover-mit-hose-navy\/\",\"url\":\"https:\/\/stellou.northitgroup.eu\/product\/set-baby-strick-pullover-mit-hose-navy\/\",\"name\":\"Gestrickter Pullover mit passender Hose dunkelblau | Stellou\",\"isPartOf\":{\"@id\":\"https:\/\/stellou.eu\/#website\"},\"primaryImageOfPage\":{\"@id\":\"https:\/\/stellou.northitgroup.eu\/product\/set-baby-strick-pullover-mit-hose-navy\/#primaryimage\"},\"image\":{\"@id\":\"https:\/\/stellou.northitgroup.eu\/product\/set-baby-strick-pullover-mit-hose-navy\/#primaryimage\"},\"thumbnailUrl\":\"https:\/\/stellou.eu\/wp-content\/uploads\/2021\/10\/Knit_Set_03_C-knitted-baby-set-navy_1.png\",\"datePublished\":\"2021-10-29T10:38:55+00:00\",\"dateModified\":\"2024-05-02T11:52:06+00:00\",\"description\":\"Dieser einfarbige gestrickte Baby Zweiteiler f\u00fcr Jungen und M\u00e4dchen in grau mit Pullover und passender Hose besteht aus 100% Baumwolle.\",\"breadcrumb\":{\"@id\":\"https:\/\/stellou.northitgroup.eu\/product\/set-baby-strick-pullover-mit-hose-navy\/#breadcrumb\"},\"inLanguage\":\"en-US\",\"potentialAction\":[{\"@type\":\"ReadAction\",\"target\":[\"https:\/\/stellou.northitgroup.eu\/product\/set-baby-strick-pullover-mit-hose-navy\/\"]}]},{\"@type\":\"ImageObject\",\"inLanguage\":\"en-US\",\"@id\":\"https:\/\/stellou.northitgroup.eu\/product\/set-baby-strick-pullover-mit-hose-navy\/#primaryimage\",\"url\":\"https:\/\/stellou.eu\/wp-content\/uploads\/2021\/10\/Knit_Set_03_C-knitted-baby-set-navy_1.png\",\"contentUrl\":\"https:\/\/stellou.eu\/wp-content\/uploads\/2021\/10\/Knit_Set_03_C-knitted-baby-set-navy_1.png\",\"width\":2280,\"height\":2320},{\"@type\":\"BreadcrumbList\",\"@id\":\"https:\/\/stellou.northitgroup.eu\/product\/set-baby-strick-pullover-mit-hose-navy\/#breadcrumb\",\"itemListElement\":[{\"@type\":\"ListItem\",\"position\":1,\"name\":\"Home\",\"item\":\"https:\/\/stellou.eu\/\"},{\"@type\":\"ListItem\",\"position\":2,\"name\":\"Shop\",\"item\":\"https:\/\/stellou.northitgroup.eu\/shop\/\"},{\"@type\":\"ListItem\",\"position\":3,\"name\":\"Jungen\",\"item\":\"https:\/\/stellou.northitgroup.eu\/product-category\/jungen\/\"},{\"@type\":\"ListItem\",\"position\":4,\"name\":\"Set\",\"item\":\"https:\/\/stellou.northitgroup.eu\/en\/product-category\/jungen\/set\/\"},{\"@type\":\"ListItem\",\"position\":5,\"name\":\"Gestrickter Pullover mit passender Hose dunkelblau\"}]},{\"@type\":\"WebSite\",\"@id\":\"https:\/\/stellou.eu\/#website\",\"url\":\"https:\/\/stellou.eu\/\",\"name\":\"Stellou\",\"description\":\"\",\"publisher\":{\"@id\":\"https:\/\/stellou.eu\/#organization\"},\"potentialAction\":[{\"@type\":\"SearchAction\",\"target\":{\"@type\":\"EntryPoint\",\"urlTemplate\":\"https:\/\/stellou.eu\/?s={search_term_string}\"},\"query-input\":{\"@type\":\"PropertyValueSpecification\",\"valueRequired\":true,\"valueName\":\"search_term_string\"}}],\"inLanguage\":\"en-US\"},{\"@type\":\"Organization\",\"@id\":\"https:\/\/stellou.eu\/#organization\",\"name\":\"Stellou\",\"url\":\"https:\/\/stellou.eu\/\",\"logo\":{\"@type\":\"ImageObject\",\"inLanguage\":\"en-US\",\"@id\":\"https:\/\/stellou.eu\/#\/schema\/logo\/image\/\",\"url\":\"https:\/\/stellou.eu\/wp-content\/uploads\/2021\/04\/Group-30.svg\",\"contentUrl\":\"https:\/\/stellou.eu\/wp-content\/uploads\/2021\/04\/Group-30.svg\",\"width\":158,\"height\":78,\"caption\":\"Stellou\"},\"image\":{\"@id\":\"https:\/\/stellou.eu\/#\/schema\/logo\/image\/\"}}]}<\/script>\n<!-- \/ Yoast SEO plugin. -->","yoast_head_json":{"title":"Gestrickter Pullover mit passender Hose dunkelblau | Stellou","description":"Dieser einfarbige gestrickte Baby Zweiteiler f\u00fcr Jungen und M\u00e4dchen in grau mit Pullover und passender Hose besteht aus 100% Baumwolle.","robots":{"index":"index","follow":"follow","max-snippet":"max-snippet:-1","max-image-preview":"max-image-preview:large","max-video-preview":"max-video-preview:-1"},"canonical":"https:\/\/stellou.northitgroup.eu\/product\/set-baby-strick-pullover-mit-hose-navy\/","og_locale":"en_US","og_type":"article","og_title":"Gestrickter Pullover mit passender Hose dunkelblau | Stellou","og_description":"Dieser einfarbige gestrickte Baby Zweiteiler f\u00fcr Jungen und M\u00e4dchen in grau mit Pullover und passender Hose besteht aus 100% Baumwolle.","og_url":"https:\/\/stellou.northitgroup.eu\/product\/set-baby-strick-pullover-mit-hose-navy\/","og_site_name":"Stellou","article_modified_time":"2024-05-02T11:52:06+00:00","og_image":[{"width":1006,"height":1024,"url":"https:\/\/stellou.northitgroup.eu\/wp-content\/uploads\/2021\/10\/Knit_Set_03_C-knitted-baby-set-navy_1-1006x1024.png","type":"image\/png"}],"twitter_card":"summary_large_image","twitter_misc":{"Est. reading time":"1 minute"},"schema":{"@context":"https:\/\/schema.org","@graph":[{"@type":"WebPage","@id":"https:\/\/stellou.northitgroup.eu\/product\/set-baby-strick-pullover-mit-hose-navy\/","url":"https:\/\/stellou.northitgroup.eu\/product\/set-baby-strick-pullover-mit-hose-navy\/","name":"Gestrickter Pullover mit passender Hose dunkelblau | Stellou","isPartOf":{"@id":"https:\/\/stellou.eu\/#website"},"primaryImageOfPage":{"@id":"https:\/\/stellou.northitgroup.eu\/product\/set-baby-strick-pullover-mit-hose-navy\/#primaryimage"},"image":{"@id":"https:\/\/stellou.northitgroup.eu\/product\/set-baby-strick-pullover-mit-hose-navy\/#primaryimage"},"thumbnailUrl":"https:\/\/stellou.eu\/wp-content\/uploads\/2021\/10\/Knit_Set_03_C-knitted-baby-set-navy_1.png","datePublished":"2021-10-29T10:38:55+00:00","dateModified":"2024-05-02T11:52:06+00:00","description":"Dieser einfarbige gestrickte Baby Zweiteiler f\u00fcr Jungen und M\u00e4dchen in grau mit Pullover und passender Hose besteht aus 100% Baumwolle.","breadcrumb":{"@id":"https:\/\/stellou.northitgroup.eu\/product\/set-baby-strick-pullover-mit-hose-navy\/#breadcrumb"},"inLanguage":"en-US","potentialAction":[{"@type":"ReadAction","target":["https:\/\/stellou.northitgroup.eu\/product\/set-baby-strick-pullover-mit-hose-navy\/"]}]},{"@type":"ImageObject","inLanguage":"en-US","@id":"https:\/\/stellou.northitgroup.eu\/product\/set-baby-strick-pullover-mit-hose-navy\/#primaryimage","url":"https:\/\/stellou.eu\/wp-content\/uploads\/2021\/10\/Knit_Set_03_C-knitted-baby-set-navy_1.png","contentUrl":"https:\/\/stellou.eu\/wp-content\/uploads\/2021\/10\/Knit_Set_03_C-knitted-baby-set-navy_1.png","width":2280,"height":2320},{"@type":"BreadcrumbList","@id":"https:\/\/stellou.northitgroup.eu\/product\/set-baby-strick-pullover-mit-hose-navy\/#breadcrumb","itemListElement":[{"@type":"ListItem","position":1,"name":"Home","item":"https:\/\/stellou.eu\/"},{"@type":"ListItem","position":2,"name":"Shop","item":"https:\/\/stellou.northitgroup.eu\/shop\/"},{"@type":"ListItem","position":3,"name":"Jungen","item":"https:\/\/stellou.northitgroup.eu\/product-category\/jungen\/"},{"@type":"ListItem","position":4,"name":"Set","item":"https:\/\/stellou.northitgroup.eu\/en\/product-category\/jungen\/set\/"},{"@type":"ListItem","position":5,"name":"Gestrickter Pullover mit passender Hose dunkelblau"}]},{"@type":"WebSite","@id":"https:\/\/stellou.eu\/#website","url":"https:\/\/stellou.eu\/","name":"Stellou","description":"","publisher":{"@id":"https:\/\/stellou.eu\/#organization"},"potentialAction":[{"@type":"SearchAction","target":{"@type":"EntryPoint","urlTemplate":"https:\/\/stellou.eu\/?s={search_term_string}"},"query-input":{"@type":"PropertyValueSpecification","valueRequired":true,"valueName":"search_term_string"}}],"inLanguage":"en-US"},{"@type":"Organization","@id":"https:\/\/stellou.eu\/#organization","name":"Stellou","url":"https:\/\/stellou.eu\/","logo":{"@type":"ImageObject","inLanguage":"en-US","@id":"https:\/\/stellou.eu\/#\/schema\/logo\/image\/","url":"https:\/\/stellou.eu\/wp-content\/uploads\/2021\/04\/Group-30.svg","contentUrl":"https:\/\/stellou.eu\/wp-content\/uploads\/2021\/04\/Group-30.svg","width":158,"height":78,"caption":"Stellou"},"image":{"@id":"https:\/\/stellou.eu\/#\/schema\/logo\/image\/"}}]}},"_links":{"self":[{"href":"https:\/\/stellou.eu\/en\/wp-json\/wp\/v2\/product\/6401"}],"collection":[{"href":"https:\/\/stellou.eu\/en\/wp-json\/wp\/v2\/product"}],"about":[{"href":"https:\/\/stellou.eu\/en\/wp-json\/wp\/v2\/types\/product"}],"wp:featuredmedia":[{"embeddable":true,"href":"https:\/\/stellou.eu\/en\/wp-json\/wp\/v2\/media\/8481"}],"wp:attachment":[{"href":"https:\/\/stellou.eu\/en\/wp-json\/wp\/v2\/media?parent=6401"}],"wp:term":[{"taxonomy":"product_cat","embeddable":true,"href":"https:\/\/stellou.eu\/en\/wp-json\/wp\/v2\/product_cat?post=6401"},{"taxonomy":"product_tag","embeddable":true,"href":"https:\/\/stellou.eu\/en\/wp-json\/wp\/v2\/product_tag?post=6401"}],"curies":[{"name":"wp","href":"https:\/\/api.w.org\/{rel}","templated":true}]}}