{"id":7864,"date":"2022-02-07T13:59:44","date_gmt":"2022-02-07T12:59:44","guid":{"rendered":"https:\/\/stellou.eu\/?page_id=7864"},"modified":"2023-02-15T09:20:58","modified_gmt":"2023-02-15T08:20:58","slug":"newsletter-abonnement","status":"publish","type":"page","link":"https:\/\/stellou.eu\/en\/newsletter-abonnement\/","title":{"rendered":"Newsletter-Abonnement\u200b"},"content":{"rendered":"<div data-elementor-type=\"wp-page\" data-elementor-id=\"7864\" class=\"elementor elementor-7864\">\n\t\t\t\t\t\t<section class=\"elementor-section elementor-top-section elementor-element elementor-element-329314f0 elementor-section-boxed elementor-section-height-default elementor-section-height-default\" data-id=\"329314f0\" data-element_type=\"section\">\n\t\t\t\t\t\t<div class=\"elementor-container elementor-column-gap-default\">\n\t\t\t\t\t<div class=\"elementor-column elementor-col-100 elementor-top-column elementor-element elementor-element-33a6fbb\" data-id=\"33a6fbb\" data-element_type=\"column\">\n\t\t\t<div class=\"elementor-widget-wrap elementor-element-populated\">\n\t\t\t\t\t\t<div class=\"elementor-element elementor-element-20cabd34 elementor-widget elementor-widget-image\" data-id=\"20cabd34\" data-element_type=\"widget\" data-widget_type=\"image.default\">\n\t\t\t\t<div class=\"elementor-widget-container\">\n\t\t\t\t\t\t\t\t\t\t\t\t\t<img fetchpriority=\"high\" decoding=\"async\" width=\"768\" height=\"405\" src=\"https:\/\/stellou.eu\/wp-content\/uploads\/2021\/10\/Mask-Group-33-768x405.jpg\" class=\"attachment-medium_large size-medium_large wp-image-5644\" alt=\"Baby Strickjacke M\u00e4dchen | Stellou\" srcset=\"https:\/\/stellou.eu\/wp-content\/uploads\/2021\/10\/Mask-Group-33-768x405.jpg 768w, https:\/\/stellou.eu\/wp-content\/uploads\/2021\/10\/Mask-Group-33-scaled-1400x738.jpg 1400w, https:\/\/stellou.eu\/wp-content\/uploads\/2021\/10\/Mask-Group-33-300x158.jpg 300w, https:\/\/stellou.eu\/wp-content\/uploads\/2021\/10\/Mask-Group-33-1024x540.jpg 1024w, https:\/\/stellou.eu\/wp-content\/uploads\/2021\/10\/Mask-Group-33-1536x810.jpg 1536w, https:\/\/stellou.eu\/wp-content\/uploads\/2021\/10\/Mask-Group-33-2048x1079.jpg 2048w, https:\/\/stellou.eu\/wp-content\/uploads\/2021\/10\/Mask-Group-33-18x9.jpg 18w, https:\/\/stellou.eu\/wp-content\/uploads\/2021\/10\/Mask-Group-33-scaled-600x316.jpg 600w\" sizes=\"(max-width: 768px) 100vw, 768px\" \/>\t\t\t\t\t\t\t\t\t\t\t\t\t<\/div>\n\t\t\t\t<\/div>\n\t\t\t\t<div class=\"elementor-element elementor-element-16330e8b elementor-widget elementor-widget-heading\" data-id=\"16330e8b\" data-element_type=\"widget\" data-widget_type=\"heading.default\">\n\t\t\t\t<div class=\"elementor-widget-container\">\n\t\t\t<h2 class=\"elementor-heading-title elementor-size-default\">Newsletter-Abonnement<\/h2>\t\t<\/div>\n\t\t\t\t<\/div>\n\t\t\t\t<div class=\"elementor-element elementor-element-751271a7 elementor-widget elementor-widget-text-editor\" data-id=\"751271a7\" data-element_type=\"widget\" data-widget_type=\"text-editor.default\">\n\t\t\t\t<div class=\"elementor-widget-container\">\n\t\t\t\t\t\t\t<p style=\"margin-top: 0cm; text-align: center; background: white;\" align=\"center\"><b><span style=\"font-size: 12.0pt; font-family: 'Segoe UI',sans-serif; color: #7a7a7a;\">Erhalten Sie 10 % Rabatt auf Ihren n\u00e4chsten Einkauf!<\/span><\/b><\/p><p style=\"margin-top: 0cm; text-align: center; background: white; box-sizing: border-box; overflow-wrap: break-word; margin-bottom: 1rem; font-variant-ligatures: normal; font-variant-caps: normal; orphans: 2; widows: 2; -webkit-text-stroke-width: 0px; text-decoration-thickness: initial; text-decoration-style: initial; text-decoration-color: initial; word-spacing: 0px;\" align=\"center\"><span style=\"font-size: 12.0pt; font-family: 'Segoe UI',sans-serif; color: #7a7a7a;\">Melden Sie sich jetzt f\u00fcr den Stellou &amp; friends-Newsletter an und Sie werden stets \u00fcber Neuigkeiten sowie aktuelle Angebote &amp; Aktionen informiert.<\/span><\/p>\t\t\t\t\t\t<\/div>\n\t\t\t\t<\/div>\n\t\t\t\t<div class=\"elementor-element elementor-element-8e79f10 elementor-widget elementor-widget-html\" data-id=\"8e79f10\" data-element_type=\"widget\" data-widget_type=\"html.default\">\n\t\t\t\t<div class=\"elementor-widget-container\">\n\t\t\t<script>\r\nfunction loadjQuery(e,t){var n=document.createElement(\"script\");n.setAttribute(\"src\",e);n.onload=t;n.onreadystatechange=function(){if(this.readyState==\"complete\"||this.readyState==\"loaded\")t()};document.getElementsByTagName(\"head\")[0].appendChild(n)}function main(){\r\nvar $cr=jQuery.noConflict();var old_src;$cr(document).ready(function(){$cr(\".cr_form\").submit(function(){$cr(this).find('.clever_form_error').removeClass('clever_form_error');$cr(this).find('.clever_form_note').remove();$cr(this).find(\".musthave\").find('input, textarea').each(function(){if(jQuery.trim($cr(this).val())==\"\"||($cr(this).is(':checkbox'))||($cr(this).is(':radio'))){if($cr(this).is(':checkbox')||($cr(this).is(':radio'))){if(!$cr(this).parents(\".cr_ipe_item\").find(\":checked\").is(\":checked\")){$cr(this).parents(\".cr_ipe_item\").addClass('clever_form_error')}}else{$cr(this).addClass('clever_form_error')}}});if($cr(this).attr(\"action\").search(document.domain)>0&&$cr(\".cr_form\").attr(\"action\").search(\"wcs\")>0){var cr_email=$cr(this).find('input[name=email]');var unsub=false;if($cr(\"input['name=cr_subunsubscribe'][value='false']\").length){if($cr(\"input['name=cr_subunsubscribe'][value='false']\").is(\":checked\")){unsub=true}}if(cr_email.val()&&!unsub){$cr.ajax({type:\"GET\",url:$cr(\".cr_form\").attr(\"action\").replace(\"wcs\",\"check_email\")+window.btoa($cr(this).find('input[name=email]').val()),success:function(data){if(data){cr_email.addClass('clever_form_error').before(\"<div class='clever_form_note cr_font'>\"+data+\"<\/div>\");return false}},async:false})}var cr_captcha=$cr(this).find('input[name=captcha]');if(cr_captcha.val()){$cr.ajax({type:\"GET\",url:$cr(\".cr_form\").attr(\"action\").replace(\"wcs\",\"check_captcha\")+$cr(this).find('input[name=captcha]').val(),success:function(data){if(data){cr_captcha.addClass('clever_form_error').after(\"<div style='display:block' class='clever_form_note cr_font'>\"+data+\"<\/div>\");return false}},async:false})}}if($cr(this).find('.clever_form_error').length){return false}return true});$cr('input[class*=\"cr_number\"]').change(function(){if(isNaN($cr(this).val())){$cr(this).val(1)}if($cr(this).attr(\"min\")){if(($cr(this).val()*1)<($cr(this).attr(\"min\")*1)){$cr(this).val($cr(this).attr(\"min\"))}}if($cr(this).attr(\"max\")){if(($cr(this).val()*1)>($cr(this).attr(\"max\")*1)){$cr(this).val($cr(this).attr(\"max\"))}}});old_src=$cr(\"div[rel='captcha'] img:not(.captcha2_reload)\").attr(\"src\");if($cr(\"div[rel='captcha'] img:not(.captcha2_reload)\").length!=0){captcha_reload()}});function captcha_reload(){var timestamp=new Date().getTime();$cr(\"div[rel='captcha'] img:not(.captcha2_reload)\").attr(\"src\",\"\");$cr(\"div[rel='captcha'] img:not(.captcha2_reload)\").attr(\"src\",old_src+\"?t=\"+timestamp);return false}\r\n\r\n}\r\nif(typeof jQuery===\"undefined\"){loadjQuery(\"\/\/ajax.googleapis.com\/ajax\/libs\/jquery\/1.4.2\/jquery.min.js\",main)}else{main()}\r\n\r\n<\/script>\r\n\r\n\r\n<style>\r\n* {box-sizing: border-box;}\r\n.cr-mail-responsive, .cr-mail-responsive * {box-sizing: unset;}\r\n.cr_site{margin:0;padding:75px 0 0 0;text-align:center;background-color:#eeeeee;}\r\n.cr_font{font-size: 14px;font-family: Gilroy;}\r\n.cr_page{width: 100% !important;max-width:640px}\r\n.cr_body{border-radius:8px;line-height:150%;font-family:Gilroy;font-size:12px;color:#333333;}\r\n.cr_body h2, .cr_header h2{font-size:22px;line-height:28px;margin:0 0 10px 0;}\r\n.cr_body h1, .cr_header h2{font-size:28px;margin-bottom:15px;padding:0;margin-top:0;}\r\n.wrapper, .cr_page{margin:0 auto 10px auto;text-align:left;}\r\n.cr_header{text-align:center;background: transparent !Important;}\r\n.cr_header img {max-width: 100%;}\r\n.cr_body label, .cr_body .label{float:none;clear:both;display:inline-block;width:auto;margin-top:8px;text-align:left;font-weight:bold;position:relative;}\r\n.cr_body .no-label{font-weight: normal;}\r\n.cr_body #editable_content{padding:20px;}\r\n.editable-content {padding:20px}\r\n.cr_button{display:inline-block;font-family:Gill Sans;width:auto;white-space:nowrap;height:32px;margin:5px 0;padding:0 22px;text-decoration:none;text-align:center;font-weight:bold;font-style:normal;font-size:15px;line-height:32px;cursor:pointer;border:0;-moz-border-radius:4px;border-radius:4px;-webkit-border-radius:4px;vertical-align:top;}\r\n.cr_button{    font-family: \"Gill Sans\", Sans-serif;\r\n    font-size: 18px;\r\n    font-weight: 300;\r\n    text-transform: uppercase;\r\n    letter-spacing: 1.8px;\r\n    fill: #FFFFFF;\r\n    color: #FFFFFF;\r\n    background-color: #474747;\r\n    border-radius: 0px 0px 0px 0px;\r\n    padding: 15px 10px 15px 10px;\r\n    width:auto;\r\n    height:100%;\r\n}\r\n.cr_button:hover,.cr_button-small:hover{opacity:0.7;filter:alpha(opacity=70);}\r\n.powered{padding:20px 0;width:560px;margin:0 auto;}\r\n.cr_ipe_item label{line-height:150%;font-size:14px;}\r\n.cr_ipe_item textarea{background: none repeat scroll 0 0 #ffffff;border-radius:3px;border: 1px solid #ccc;font-family: Gill Sans;font-size: 16px;}\r\n.cr_ipe_item input{background: none repeat scroll 0 0 #ffffff;border-radius:3px;border: 1px solid #ccc;padding: 12px;font-family: Gill Sans;font-size: 16px;}\r\n.cr_ipe_item select{background: none repeat scroll 0 0 #ffffff;border-radius:3px;border: 1px solid #ccc;padding: 12px !Important;display: block;margin: 0;padding: 5px;width: 100%;font-family: Gill Sans;font-size: 16px;}\r\n.cr_ipe_item input.cr_ipe_radio, input.cr_ipe_checkbox{-moz-binding: none;-moz-box-sizing: border-box;background-color: -moz-field !important;border: 2px inset ThreeDFace !important;color: -moz-fieldtext !important;cursor: default;height: 13px;padding: 0 !important;width: 13px;}\r\n.cr_ipe_item input.cr_ipe_radio{-moz-appearance: radio;border-radius: 100% 100% 100% 100% !important;margin: 3px 3px 0 5px;}\r\n.cr_ipe_item{margin: 0px 10px; padding: 0px 10px;}\r\n.submit_container{text-align:center}\r\n.cr_ipe_item.inactive{display:none;}\r\n.imprint{font-size:0.8em;}\r\n.cr_captcha{padding-left:130px;}\r\n.cr_error{font-size:1.1em;padding:10px;}\r\n.clever_form_error{background-color:#f99; color:#000; border:1px solid #f22 !important}\r\n.clever_form_note {margin:26px 0 0 3px;position:absolute;display:inline; padding: 2px 4px; font-weight:bold;background-color:#f2ecb5; color:#000; font-size:12px !important;  }\r\n.cr_form-flex{display: flex;}\r\n.cr_form-flex>.cr_form-inputgroup{flex-grow:1;margin-right: 5px;}\r\n.cr_form-flex>.cr_form-inputgroup:last-child{margin-right: 0px;}\r\n.cr_form-flex input{width:100%;}\r\n\r\n.cr_site {background-color:#eee;}\r\n.cr_header {color:#000000;}\r\n.cr_body {background-color:#ffffff;font-size:12px;color:#000000;}\r\n.cr_hr {background-color:#ccc;}\r\n.cr_site a {color:#0084ff;}\r\n.imprint{color:#000;}\r\n\r\n<\/style>\r\n\r\n\r\n\r\n<form class=\"layout_form cr_form cr_font\" action=\"https:\/\/seu2.cleverreach.com\/f\/312870-317412\/wcs\/\" method=\"post\" target=\"_blank\" data-trp-original-action=\"https:\/\/seu2.cleverreach.com\/f\/312870-317412\/wcs\/\">\r\n\t<div class=\"cr_body cr_page cr_font formbox\">\r\n\t\t<div class=\"non_sortable\" style=\"text-align:left;\">\r\n\t\t\t\r\n\t\t<\/div>\r\n\t\t\r\n\t\t<div class=\"editable_content\" style=\"text-align:left;\">\r\n\t\t<div id=\"7068772\" rel=\"text\" class=\"cr_form-component cr_form-component--text cr_ipe_item ui-sortable musthave\" style=\" margin-bottom:0px;\">\r\n    <div class=\"cr_form-inputgroup cr_form-inputgroup--typetext\">\r\n        <label for=\"cr_form-input--text7068772\" class=\"itemname\">Vorname*<\/label>\r\n        <input id=\"cr_form-input--text7068772\" class=\"cr_form-input\" type=\"text\" name=\"1030439\" placeholder=\"\" style=\"width:100%;\">\r\n    <\/div>\r\n<\/div>\r\n<div id=\"7068787\" rel=\"text\" class=\"cr_form-component cr_form-component--text cr_ipe_item ui-sortable musthave\" style=\" margin-bottom:0px;\">\r\n    <div class=\"cr_form-inputgroup cr_form-inputgroup--typetext\">\r\n        <label for=\"cr_form-input--text7068787\" class=\"itemname\">Nachname*<\/label>\r\n        <input id=\"cr_form-input--text7068787\" class=\"cr_form-input\" type=\"text\" name=\"1030438\" placeholder=\"\" style=\"width:100%;\">\r\n    <\/div>\r\n<\/div>\r\n<div id=\"7068789\" rel=\"email\" class=\"cr_form-component cr_form-component--email cr_ipe_item ui-sortable musthave\" style=\"margin-bottom:px;\">\r\n    <div class=\"cr_form-inputgroup cr_form-inputgroup--typeemail\">\r\n        <label for=\"text7068789\">E-Mail*<\/label>\r\n        <input class=\"cr_form-input\" type=\"email\" id=\"text7068789\" name=\"email\" value=\"\" placeholder=\"name@example.com\" style=\"width:100%;\">\r\n    <\/div>\r\n<\/div><div id=\"7068791\" rel=\"recaptcha\" class=\"cr_ipe_item ui-sortable musthave\">\r\n\t\r\n\r\n\t\r\n\r\n\t<script src=\"https:\/\/www.google.com\/recaptcha\/api.js\" async defer><\/script>\r\n\t<br\/>\r\n\t<div id=\"recaptcha_v2_widget\" class=\"g-recaptcha\" data-theme=\"light\" data-size=\"normal\" data-sitekey=\"6Lfhcd0SAAAAAOBEHmAVEHJeRnrH8T7wPvvNzEPD\"  ><\/div>\r\n\t<br\/>\r\n\r\n\t\r\n<\/div><div id=\"7068792\" rel=\"button\" class=\"cr_form-component cr_form-component--submit cr_ipe_item ui-sortable  submit_container\">\r\n    <button type=\"submit\" class=\"cr_form-block cr_button\">Anmelden<\/button>\r\n<\/div>\r\n\r\n        <\/div>\r\n        \r\n\t<noscript><a href=\"http:\/\/www.cleverreach.de\">www.CleverReach.de<\/a><\/noscript>\r\n    <\/div>\r\n\r\n    \r\n<input type=\"hidden\" name=\"trp-form-language\" value=\"en\"\/><\/form>\t\t<\/div>\n\t\t\t\t<\/div>\n\t\t\t\t<div class=\"elementor-element elementor-element-6a083b99 elementor-widget elementor-widget-text-editor\" data-id=\"6a083b99\" data-element_type=\"widget\" data-widget_type=\"text-editor.default\">\n\t\t\t\t<div class=\"elementor-widget-container\">\n\t\t\t\t\t\t\t<p style=\"text-align: center;\"><span style=\"font-family: gilroy, sans-serif; font-size: 12px; text-align: center;\">Wir nehmen Ihre Privatsph\u00e4re sehr ernst. Die von Ihnen bereitgestellten Informationen werden gem\u00e4\u00df der\u00a0<\/span><a style=\"background-color: #ffffff; font-family: gilroy, sans-serif; font-size: 12px; text-align: center;\" href=\"https:\/\/stellou.eu\/en\/datenschutz\/\">Datenschutz-Grundverordnung (DSGV)<\/a><span style=\"font-family: gilroy, sans-serif; font-size: 12px; text-align: center;\">\u00a0(EU) verwaltet. Durch das Abonnement unseres Newsletters erkl\u00e4ren Sie sich einverstanden, Transaktions-und Werbe-E-Mails von uns zu erhalten. Sie k\u00f6nnen Ihre Werbe-E-Mail-Einstellungen jederzeit \u00fcber den \u201cAbbestellen\u201d Link in Ihrer E-Mail abbestellen oder \u00e4ndern.<\/span><\/p>\t\t\t\t\t\t<\/div>\n\t\t\t\t<\/div>\n\t\t\t\t\t<\/div>\n\t\t<\/div>\n\t\t\t\t\t<\/div>\n\t\t<\/section>\n\t\t\t\t<\/div>","protected":false},"excerpt":{"rendered":"<p>Newsletter-Abonnement Erhalten Sie 10 % Rabatt auf Ihren n\u00e4chsten Einkauf! Melden Sie sich jetzt f\u00fcr den Stellou &amp; friends-Newsletter an und Sie werden stets \u00fcber Neuigkeiten sowie aktuelle Angebote &amp; Aktionen informiert. Vorname* Nachname* E-Mail* Anmelden www.CleverReach.de Wir nehmen Ihre Privatsph\u00e4re sehr ernst. Die von Ihnen bereitgestellten Informationen werden gem\u00e4\u00df der\u00a0Datenschutz-Grundverordnung (DSGV)\u00a0(EU) verwaltet. Durch das [&hellip;]<\/p>","protected":false},"author":3,"featured_media":0,"parent":0,"menu_order":0,"comment_status":"closed","ping_status":"closed","template":"","meta":{"footnotes":""},"yoast_head":"<!-- This site is optimized with the Yoast SEO plugin v23.5 - https:\/\/yoast.com\/wordpress\/plugins\/seo\/ -->\n<title>Newsletter-Abonnement\u200b | Stellou<\/title>\n<meta name=\"description\" content=\"Mit unserem Newsletter erhalten Sie neuigkeiten zu Stellou and Friends - Ihrem Onlineshop f\u00fcr hochwertige Jungen und M\u00e4dchen Babykleidung.\" \/>\n<meta name=\"robots\" content=\"index, follow, max-snippet:-1, max-image-preview:large, max-video-preview:-1\" \/>\n<link rel=\"canonical\" href=\"https:\/\/stellou.eu\/en\/newsletter-abonnement\/\" \/>\n<meta property=\"og:locale\" content=\"en_US\" \/>\n<meta property=\"og:type\" content=\"article\" \/>\n<meta property=\"og:title\" content=\"Newsletter-Abonnement\u200b | Stellou\" \/>\n<meta property=\"og:description\" content=\"Mit unserem Newsletter erhalten Sie neuigkeiten zu Stellou and Friends - Ihrem Onlineshop f\u00fcr hochwertige Jungen und M\u00e4dchen Babykleidung.\" \/>\n<meta property=\"og:url\" content=\"https:\/\/stellou.eu\/en\/newsletter-abonnement\/\" \/>\n<meta property=\"og:site_name\" content=\"Stellou\" \/>\n<meta property=\"article:modified_time\" content=\"2023-02-15T08:20:58+00:00\" \/>\n<meta property=\"og:image\" content=\"https:\/\/stellou.eu\/wp-content\/uploads\/2021\/10\/Mask-Group-33-768x405.jpg\" \/>\n<meta name=\"twitter:card\" content=\"summary_large_image\" \/>\n<meta name=\"twitter:label1\" content=\"Est. reading time\" \/>\n\t<meta name=\"twitter:data1\" content=\"2 minutes\" \/>\n<script type=\"application\/ld+json\" class=\"yoast-schema-graph\">{\"@context\":\"https:\/\/schema.org\",\"@graph\":[{\"@type\":\"WebPage\",\"@id\":\"https:\/\/stellou.eu\/newsletter-abonnement\/\",\"url\":\"https:\/\/stellou.eu\/newsletter-abonnement\/\",\"name\":\"Newsletter-Abonnement\u200b | Stellou\",\"isPartOf\":{\"@id\":\"https:\/\/stellou.eu\/#website\"},\"primaryImageOfPage\":{\"@id\":\"https:\/\/stellou.eu\/newsletter-abonnement\/#primaryimage\"},\"image\":{\"@id\":\"https:\/\/stellou.eu\/newsletter-abonnement\/#primaryimage\"},\"thumbnailUrl\":\"https:\/\/stellou.eu\/wp-content\/uploads\/2021\/10\/Mask-Group-33-768x405.jpg\",\"datePublished\":\"2022-02-07T12:59:44+00:00\",\"dateModified\":\"2023-02-15T08:20:58+00:00\",\"description\":\"Mit unserem Newsletter erhalten Sie neuigkeiten zu Stellou and Friends - Ihrem Onlineshop f\u00fcr hochwertige Jungen und M\u00e4dchen Babykleidung.\",\"breadcrumb\":{\"@id\":\"https:\/\/stellou.eu\/newsletter-abonnement\/#breadcrumb\"},\"inLanguage\":\"en-US\",\"potentialAction\":[{\"@type\":\"ReadAction\",\"target\":[\"https:\/\/stellou.eu\/newsletter-abonnement\/\"]}]},{\"@type\":\"ImageObject\",\"inLanguage\":\"en-US\",\"@id\":\"https:\/\/stellou.eu\/newsletter-abonnement\/#primaryimage\",\"url\":\"https:\/\/stellou.eu\/wp-content\/uploads\/2021\/10\/Mask-Group-33-768x405.jpg\",\"contentUrl\":\"https:\/\/stellou.eu\/wp-content\/uploads\/2021\/10\/Mask-Group-33-768x405.jpg\"},{\"@type\":\"BreadcrumbList\",\"@id\":\"https:\/\/stellou.eu\/newsletter-abonnement\/#breadcrumb\",\"itemListElement\":[{\"@type\":\"ListItem\",\"position\":1,\"name\":\"Home\",\"item\":\"https:\/\/stellou.eu\/\"},{\"@type\":\"ListItem\",\"position\":2,\"name\":\"Newsletter-Abonnement\u200b\"}]},{\"@type\":\"WebSite\",\"@id\":\"https:\/\/stellou.eu\/#website\",\"url\":\"https:\/\/stellou.eu\/\",\"name\":\"Stellou\",\"description\":\"\",\"publisher\":{\"@id\":\"https:\/\/stellou.eu\/#organization\"},\"potentialAction\":[{\"@type\":\"SearchAction\",\"target\":{\"@type\":\"EntryPoint\",\"urlTemplate\":\"https:\/\/stellou.eu\/?s={search_term_string}\"},\"query-input\":{\"@type\":\"PropertyValueSpecification\",\"valueRequired\":true,\"valueName\":\"search_term_string\"}}],\"inLanguage\":\"en-US\"},{\"@type\":\"Organization\",\"@id\":\"https:\/\/stellou.eu\/#organization\",\"name\":\"Stellou\",\"url\":\"https:\/\/stellou.eu\/\",\"logo\":{\"@type\":\"ImageObject\",\"inLanguage\":\"en-US\",\"@id\":\"https:\/\/stellou.eu\/#\/schema\/logo\/image\/\",\"url\":\"https:\/\/stellou.eu\/wp-content\/uploads\/2021\/04\/Group-30.svg\",\"contentUrl\":\"https:\/\/stellou.eu\/wp-content\/uploads\/2021\/04\/Group-30.svg\",\"width\":158,\"height\":78,\"caption\":\"Stellou\"},\"image\":{\"@id\":\"https:\/\/stellou.eu\/#\/schema\/logo\/image\/\"}}]}<\/script>\n<!-- \/ Yoast SEO plugin. -->","yoast_head_json":{"title":"Newsletter-Abonnement\u200b | Stellou","description":"Mit unserem Newsletter erhalten Sie neuigkeiten zu Stellou and Friends - Ihrem Onlineshop f\u00fcr hochwertige Jungen und M\u00e4dchen Babykleidung.","robots":{"index":"index","follow":"follow","max-snippet":"max-snippet:-1","max-image-preview":"max-image-preview:large","max-video-preview":"max-video-preview:-1"},"canonical":"https:\/\/stellou.eu\/en\/newsletter-abonnement\/","og_locale":"en_US","og_type":"article","og_title":"Newsletter-Abonnement\u200b | Stellou","og_description":"Mit unserem Newsletter erhalten Sie neuigkeiten zu Stellou and Friends - Ihrem Onlineshop f\u00fcr hochwertige Jungen und M\u00e4dchen Babykleidung.","og_url":"https:\/\/stellou.eu\/en\/newsletter-abonnement\/","og_site_name":"Stellou","article_modified_time":"2023-02-15T08:20:58+00:00","og_image":[{"url":"https:\/\/stellou.eu\/wp-content\/uploads\/2021\/10\/Mask-Group-33-768x405.jpg"}],"twitter_card":"summary_large_image","twitter_misc":{"Est. reading time":"2 minutes"},"schema":{"@context":"https:\/\/schema.org","@graph":[{"@type":"WebPage","@id":"https:\/\/stellou.eu\/newsletter-abonnement\/","url":"https:\/\/stellou.eu\/newsletter-abonnement\/","name":"Newsletter-Abonnement\u200b | Stellou","isPartOf":{"@id":"https:\/\/stellou.eu\/#website"},"primaryImageOfPage":{"@id":"https:\/\/stellou.eu\/newsletter-abonnement\/#primaryimage"},"image":{"@id":"https:\/\/stellou.eu\/newsletter-abonnement\/#primaryimage"},"thumbnailUrl":"https:\/\/stellou.eu\/wp-content\/uploads\/2021\/10\/Mask-Group-33-768x405.jpg","datePublished":"2022-02-07T12:59:44+00:00","dateModified":"2023-02-15T08:20:58+00:00","description":"Mit unserem Newsletter erhalten Sie neuigkeiten zu Stellou and Friends - Ihrem Onlineshop f\u00fcr hochwertige Jungen und M\u00e4dchen Babykleidung.","breadcrumb":{"@id":"https:\/\/stellou.eu\/newsletter-abonnement\/#breadcrumb"},"inLanguage":"en-US","potentialAction":[{"@type":"ReadAction","target":["https:\/\/stellou.eu\/newsletter-abonnement\/"]}]},{"@type":"ImageObject","inLanguage":"en-US","@id":"https:\/\/stellou.eu\/newsletter-abonnement\/#primaryimage","url":"https:\/\/stellou.eu\/wp-content\/uploads\/2021\/10\/Mask-Group-33-768x405.jpg","contentUrl":"https:\/\/stellou.eu\/wp-content\/uploads\/2021\/10\/Mask-Group-33-768x405.jpg"},{"@type":"BreadcrumbList","@id":"https:\/\/stellou.eu\/newsletter-abonnement\/#breadcrumb","itemListElement":[{"@type":"ListItem","position":1,"name":"Home","item":"https:\/\/stellou.eu\/"},{"@type":"ListItem","position":2,"name":"Newsletter-Abonnement\u200b"}]},{"@type":"WebSite","@id":"https:\/\/stellou.eu\/#website","url":"https:\/\/stellou.eu\/","name":"Stellou","description":"","publisher":{"@id":"https:\/\/stellou.eu\/#organization"},"potentialAction":[{"@type":"SearchAction","target":{"@type":"EntryPoint","urlTemplate":"https:\/\/stellou.eu\/?s={search_term_string}"},"query-input":{"@type":"PropertyValueSpecification","valueRequired":true,"valueName":"search_term_string"}}],"inLanguage":"en-US"},{"@type":"Organization","@id":"https:\/\/stellou.eu\/#organization","name":"Stellou","url":"https:\/\/stellou.eu\/","logo":{"@type":"ImageObject","inLanguage":"en-US","@id":"https:\/\/stellou.eu\/#\/schema\/logo\/image\/","url":"https:\/\/stellou.eu\/wp-content\/uploads\/2021\/04\/Group-30.svg","contentUrl":"https:\/\/stellou.eu\/wp-content\/uploads\/2021\/04\/Group-30.svg","width":158,"height":78,"caption":"Stellou"},"image":{"@id":"https:\/\/stellou.eu\/#\/schema\/logo\/image\/"}}]}},"_links":{"self":[{"href":"https:\/\/stellou.eu\/en\/wp-json\/wp\/v2\/pages\/7864"}],"collection":[{"href":"https:\/\/stellou.eu\/en\/wp-json\/wp\/v2\/pages"}],"about":[{"href":"https:\/\/stellou.eu\/en\/wp-json\/wp\/v2\/types\/page"}],"author":[{"embeddable":true,"href":"https:\/\/stellou.eu\/en\/wp-json\/wp\/v2\/users\/3"}],"replies":[{"embeddable":true,"href":"https:\/\/stellou.eu\/en\/wp-json\/wp\/v2\/comments?post=7864"}],"version-history":[{"count":17,"href":"https:\/\/stellou.eu\/en\/wp-json\/wp\/v2\/pages\/7864\/revisions"}],"predecessor-version":[{"id":9208,"href":"https:\/\/stellou.eu\/en\/wp-json\/wp\/v2\/pages\/7864\/revisions\/9208"}],"wp:attachment":[{"href":"https:\/\/stellou.eu\/en\/wp-json\/wp\/v2\/media?parent=7864"}],"curies":[{"name":"wp","href":"https:\/\/api.w.org\/{rel}","templated":true}]}}