{"id":6428,"date":"2021-10-29T13:40:40","date_gmt":"2021-10-29T10:40:40","guid":{"rendered":"https:\/\/stellou.eu\/?page_id=6428"},"modified":"2022-02-09T14:58:09","modified_gmt":"2022-02-09T13:58:09","slug":"versand-und-retouren","status":"publish","type":"page","link":"https:\/\/stellou.eu\/en\/versand-und-retouren\/","title":{"rendered":"Versand und Retouren"},"content":{"rendered":"<div data-elementor-type=\"wp-page\" data-elementor-id=\"6428\" class=\"elementor elementor-6428\">\n\t\t\t\t\t\t<section class=\"elementor-section elementor-top-section elementor-element elementor-element-2da50130 elementor-section-height-min-height elementor-section-boxed elementor-section-height-default elementor-section-items-middle\" data-id=\"2da50130\" data-element_type=\"section\">\n\t\t\t\t\t\t<div class=\"elementor-container elementor-column-gap-default\">\n\t\t\t\t\t<div class=\"elementor-column elementor-col-100 elementor-top-column elementor-element elementor-element-71999b7f\" data-id=\"71999b7f\" data-element_type=\"column\">\n\t\t\t<div class=\"elementor-widget-wrap elementor-element-populated\">\n\t\t\t\t\t\t<div class=\"elementor-element elementor-element-7f6ba845 elementor-widget elementor-widget-heading\" data-id=\"7f6ba845\" data-element_type=\"widget\" data-widget_type=\"heading.default\">\n\t\t\t\t<div class=\"elementor-widget-container\">\n\t\t\t<h2 class=\"elementor-heading-title elementor-size-default\">Versand und Retouren<\/h2>\t\t<\/div>\n\t\t\t\t<\/div>\n\t\t\t\t<div class=\"elementor-element elementor-element-39240b6c elementor-align-left elementor-mobile-align-center elementor-widget elementor-widget-button\" data-id=\"39240b6c\" data-element_type=\"widget\" data-widget_type=\"button.default\">\n\t\t\t\t<div class=\"elementor-widget-container\">\n\t\t\t\t\t<div class=\"elementor-button-wrapper\">\n\t\t\t<a class=\"elementor-button elementor-button-link elementor-size-md\" href=\"https:\/\/www.dhl.de\/retoure\/gw\/rpcustomerweb\/OrderEntry.action?hash=2b0a54ee9e16acd02ce1274b0c1b63a1dcb9ba4efde9ff37f175001fabbd7463\">\n\t\t\t\t\t\t<span class=\"elementor-button-content-wrapper\">\n\t\t\t\t\t\t\t\t\t<span class=\"elementor-button-text\">R\u00fccksendung De<\/span>\n\t\t\t\t\t<\/span>\n\t\t\t\t\t<\/a>\n\t\t<\/div>\n\t\t\t\t<\/div>\n\t\t\t\t<\/div>\n\t\t\t\t<div class=\"elementor-element elementor-element-b9a95c4 elementor-align-left elementor-mobile-align-center elementor-widget elementor-widget-button\" data-id=\"b9a95c4\" data-element_type=\"widget\" data-widget_type=\"button.default\">\n\t\t\t\t<div class=\"elementor-widget-container\">\n\t\t\t\t\t<div class=\"elementor-button-wrapper\">\n\t\t\t<a class=\"elementor-button elementor-button-link elementor-size-md\" href=\"https:\/\/www.dhl.de\/retoure\/gw\/rpcustomerweb\/OrderEntry.action?hash=d241b031d56f745225025d81e940a688a41b50cf1c56aa00e453aa0d0b856dbc\">\n\t\t\t\t\t\t<span class=\"elementor-button-content-wrapper\">\n\t\t\t\t\t\t\t\t\t<span class=\"elementor-button-text\">R\u00fccksendung AT<\/span>\n\t\t\t\t\t<\/span>\n\t\t\t\t\t<\/a>\n\t\t<\/div>\n\t\t\t\t<\/div>\n\t\t\t\t<\/div>\n\t\t\t\t<div class=\"elementor-element elementor-element-b42ba3c elementor-widget elementor-widget-text-editor\" data-id=\"b42ba3c\" data-element_type=\"widget\" data-widget_type=\"text-editor.default\">\n\t\t\t\t<div class=\"elementor-widget-container\">\n\t\t\t\t\t\t\t<p><!-- wp:paragraph --><\/p>\n<div>\n<div><span style=\"font-weight: bold;\">R\u00fccksendung<\/span><\/div>\n<div>Bitte gehen Sie \u00fcber den obigen Link zu DHL und erstellen Sie Ihren R\u00fccksendeschein.<\/div>\n<div>&nbsp;<\/div>\n<div><strong>Lieferzeiten<\/strong><\/div>\n<div>Wir bieten den Versand unserer Waren per DHL an. Der Standardversand nimmt ca. 2-4 Werktage in Anspruch. Sobald Ihr Einkauf unser Lager verl\u00e4sst, erhalten Sie eine E-Mail-Best\u00e4tigung \u00fcber den Versand durch den jeweiligen Versanddienstleister.<\/div>\n<div>&nbsp;<\/div>\n<div><strong>Versandkosten<\/strong><\/div>\n<div><strong>Lieferung innerhalb Deutschland und \u00d6sterreich:<\/strong><\/div>\n<div>Die Versandkosten betragen 4,90 \u20ac (inklusive der gesetzlichen Mehrwertsteuer) und fallen bei jeder Lieferung unter 100 \u20ac an. Ab einem Einkaufswert von 100 \u20ac versenden wir innerhalb von Deutschland und \u00d6sterreich versandkostenfrei. Bitte beachten Sie, dass an Sonn- und Feiertagen keine Zustellung erfolgen kann.<\/div>\n<div>&nbsp;<\/div>\n<div><strong>Retouren<\/strong><\/div>\n<div>Sie haben Ihre Meinung ge\u00e4ndert und wollen Ihre Artikel zur\u00fccksenden?<\/div>\n<div>&nbsp;<\/div>\n<div>Befolgen Sie folgende Schritte:<\/div>\n<div>1. Klicken Sie auf &#8222;R\u00fccksendung DE&#8220; (Deutschland) oder &#8222;R\u00fccksendung AT&#8220; (\u00d6sterreich) auf dieser &#8222;Versand und Retouren&#8220;-Seite.<\/div>\n<div>2. Sie werden zu der DHL-Maske&nbsp;<span style=\"font-size: 1rem;\">weitergeleitet<\/span><span style=\"font-size: 1rem;\">.&nbsp;<\/span><\/div>\n<div><span style=\"font-size: 1rem;\">3. W\u00e4hlen Sie die Artikel aus, die Sie zur\u00fccksenden m\u00f6chten, und geben Sie den Grund an.<\/span><br><\/div>\n<div>4. Halten Sie sich an die Vorgaben von DHL beim Verschicken des Pakets.<\/div>\n<div>5. Sobald Ihr Paket von unseren Kundenservice entgegengenommen und \u00fcberpr\u00fcft wurde, erstatten wir Ihnen den Betrag innerhalb von 3 bis 5 Werktagen auf das zum Kauf verwendete Bankkonto zur\u00fcck. Sobald die R\u00fcckerstattung durchgef\u00fchrt wurde, erscheint das Geld nach circa 3 Tagen auf Ihrem Bankkonto. Der Zeitraum kann je nach Bank variieren.<\/div>\n<div>&nbsp;<\/div>\n<div>Wir informieren Sie dar\u00fcber, dass wir f\u00fcr Sie die R\u00fccksendekosten tragen.<\/div>\n<\/div>\n<p><!-- \/wp:file --><\/p>\t\t\t\t\t\t<\/div>\n\t\t\t\t<\/div>\n\t\t\t\t\t<\/div>\n\t\t<\/div>\n\t\t\t\t\t<\/div>\n\t\t<\/section>\n\t\t\t\t<\/div>","protected":false},"excerpt":{"rendered":"<p>R\u00fccksendung De R\u00fccksendung AT R\u00fccksendung Bitte gehen Sie \u00fcber den obigen Link zu DHL und erstellen Sie Ihren R\u00fccksendeschein. &nbsp; Lieferzeiten Wir bieten den Versand unserer Waren per DHL an. Der Standardversand nimmt ca. 2-4 Werktage in Anspruch. Sobald Ihr Einkauf unser Lager verl\u00e4sst, erhalten Sie eine E-Mail-Best\u00e4tigung \u00fcber den Versand durch den jeweiligen Versanddienstleister. [&hellip;]<\/p>","protected":false},"author":3,"featured_media":0,"parent":0,"menu_order":0,"comment_status":"closed","ping_status":"closed","template":"","meta":{"footnotes":""},"yoast_head":"<!-- This site is optimized with the Yoast SEO plugin v23.5 - https:\/\/yoast.com\/wordpress\/plugins\/seo\/ -->\n<title>Versand und Retouren | Stellou<\/title>\n<meta name=\"description\" content=\"Alle Informationen zum Versand und Retouren bei Stellou and Friends - Ihrem Onlineshop f\u00fcr hochwertige Jungen und M\u00e4dchen Babykleidung.\" \/>\n<meta name=\"robots\" content=\"index, follow, max-snippet:-1, max-image-preview:large, max-video-preview:-1\" \/>\n<link rel=\"canonical\" href=\"https:\/\/stellou.northitgroup.eu\/versand-und-retouren\/\" \/>\n<meta property=\"og:locale\" content=\"en_US\" \/>\n<meta property=\"og:type\" content=\"article\" \/>\n<meta property=\"og:title\" content=\"Versand und Retouren | Stellou\" \/>\n<meta property=\"og:description\" content=\"Alle Informationen zum Versand und Retouren bei Stellou and Friends - Ihrem Onlineshop f\u00fcr hochwertige Jungen und M\u00e4dchen Babykleidung.\" \/>\n<meta property=\"og:url\" content=\"https:\/\/stellou.northitgroup.eu\/versand-und-retouren\/\" \/>\n<meta property=\"og:site_name\" content=\"Stellou\" \/>\n<meta property=\"article:modified_time\" content=\"2022-02-09T13:58:09+00:00\" \/>\n<meta name=\"twitter:card\" content=\"summary_large_image\" \/>\n<meta name=\"twitter:label1\" content=\"Est. reading time\" \/>\n\t<meta name=\"twitter:data1\" content=\"2 minutes\" \/>\n<script type=\"application\/ld+json\" class=\"yoast-schema-graph\">{\"@context\":\"https:\/\/schema.org\",\"@graph\":[{\"@type\":\"WebPage\",\"@id\":\"https:\/\/stellou.northitgroup.eu\/versand-und-retouren\/\",\"url\":\"https:\/\/stellou.northitgroup.eu\/versand-und-retouren\/\",\"name\":\"Versand und Retouren | Stellou\",\"isPartOf\":{\"@id\":\"https:\/\/stellou.eu\/#website\"},\"datePublished\":\"2021-10-29T10:40:40+00:00\",\"dateModified\":\"2022-02-09T13:58:09+00:00\",\"description\":\"Alle Informationen zum Versand und Retouren bei Stellou and Friends - Ihrem Onlineshop f\u00fcr hochwertige Jungen und M\u00e4dchen Babykleidung.\",\"breadcrumb\":{\"@id\":\"https:\/\/stellou.northitgroup.eu\/versand-und-retouren\/#breadcrumb\"},\"inLanguage\":\"en-US\",\"potentialAction\":[{\"@type\":\"ReadAction\",\"target\":[\"https:\/\/stellou.northitgroup.eu\/versand-und-retouren\/\"]}]},{\"@type\":\"BreadcrumbList\",\"@id\":\"https:\/\/stellou.northitgroup.eu\/versand-und-retouren\/#breadcrumb\",\"itemListElement\":[{\"@type\":\"ListItem\",\"position\":1,\"name\":\"Home\",\"item\":\"https:\/\/stellou.eu\/\"},{\"@type\":\"ListItem\",\"position\":2,\"name\":\"Versand und Retouren\"}]},{\"@type\":\"WebSite\",\"@id\":\"https:\/\/stellou.eu\/#website\",\"url\":\"https:\/\/stellou.eu\/\",\"name\":\"Stellou\",\"description\":\"\",\"publisher\":{\"@id\":\"https:\/\/stellou.eu\/#organization\"},\"potentialAction\":[{\"@type\":\"SearchAction\",\"target\":{\"@type\":\"EntryPoint\",\"urlTemplate\":\"https:\/\/stellou.eu\/?s={search_term_string}\"},\"query-input\":{\"@type\":\"PropertyValueSpecification\",\"valueRequired\":true,\"valueName\":\"search_term_string\"}}],\"inLanguage\":\"en-US\"},{\"@type\":\"Organization\",\"@id\":\"https:\/\/stellou.eu\/#organization\",\"name\":\"Stellou\",\"url\":\"https:\/\/stellou.eu\/\",\"logo\":{\"@type\":\"ImageObject\",\"inLanguage\":\"en-US\",\"@id\":\"https:\/\/stellou.eu\/#\/schema\/logo\/image\/\",\"url\":\"https:\/\/stellou.eu\/wp-content\/uploads\/2021\/04\/Group-30.svg\",\"contentUrl\":\"https:\/\/stellou.eu\/wp-content\/uploads\/2021\/04\/Group-30.svg\",\"width\":158,\"height\":78,\"caption\":\"Stellou\"},\"image\":{\"@id\":\"https:\/\/stellou.eu\/#\/schema\/logo\/image\/\"}}]}<\/script>\n<!-- \/ Yoast SEO plugin. -->","yoast_head_json":{"title":"Versand und Retouren | Stellou","description":"Alle Informationen zum Versand und Retouren bei Stellou and Friends - Ihrem Onlineshop f\u00fcr hochwertige Jungen und M\u00e4dchen Babykleidung.","robots":{"index":"index","follow":"follow","max-snippet":"max-snippet:-1","max-image-preview":"max-image-preview:large","max-video-preview":"max-video-preview:-1"},"canonical":"https:\/\/stellou.northitgroup.eu\/versand-und-retouren\/","og_locale":"en_US","og_type":"article","og_title":"Versand und Retouren | Stellou","og_description":"Alle Informationen zum Versand und Retouren bei Stellou and Friends - Ihrem Onlineshop f\u00fcr hochwertige Jungen und M\u00e4dchen Babykleidung.","og_url":"https:\/\/stellou.northitgroup.eu\/versand-und-retouren\/","og_site_name":"Stellou","article_modified_time":"2022-02-09T13:58:09+00:00","twitter_card":"summary_large_image","twitter_misc":{"Est. reading time":"2 minutes"},"schema":{"@context":"https:\/\/schema.org","@graph":[{"@type":"WebPage","@id":"https:\/\/stellou.northitgroup.eu\/versand-und-retouren\/","url":"https:\/\/stellou.northitgroup.eu\/versand-und-retouren\/","name":"Versand und Retouren | Stellou","isPartOf":{"@id":"https:\/\/stellou.eu\/#website"},"datePublished":"2021-10-29T10:40:40+00:00","dateModified":"2022-02-09T13:58:09+00:00","description":"Alle Informationen zum Versand und Retouren bei Stellou and Friends - Ihrem Onlineshop f\u00fcr hochwertige Jungen und M\u00e4dchen Babykleidung.","breadcrumb":{"@id":"https:\/\/stellou.northitgroup.eu\/versand-und-retouren\/#breadcrumb"},"inLanguage":"en-US","potentialAction":[{"@type":"ReadAction","target":["https:\/\/stellou.northitgroup.eu\/versand-und-retouren\/"]}]},{"@type":"BreadcrumbList","@id":"https:\/\/stellou.northitgroup.eu\/versand-und-retouren\/#breadcrumb","itemListElement":[{"@type":"ListItem","position":1,"name":"Home","item":"https:\/\/stellou.eu\/"},{"@type":"ListItem","position":2,"name":"Versand und Retouren"}]},{"@type":"WebSite","@id":"https:\/\/stellou.eu\/#website","url":"https:\/\/stellou.eu\/","name":"Stellou","description":"","publisher":{"@id":"https:\/\/stellou.eu\/#organization"},"potentialAction":[{"@type":"SearchAction","target":{"@type":"EntryPoint","urlTemplate":"https:\/\/stellou.eu\/?s={search_term_string}"},"query-input":{"@type":"PropertyValueSpecification","valueRequired":true,"valueName":"search_term_string"}}],"inLanguage":"en-US"},{"@type":"Organization","@id":"https:\/\/stellou.eu\/#organization","name":"Stellou","url":"https:\/\/stellou.eu\/","logo":{"@type":"ImageObject","inLanguage":"en-US","@id":"https:\/\/stellou.eu\/#\/schema\/logo\/image\/","url":"https:\/\/stellou.eu\/wp-content\/uploads\/2021\/04\/Group-30.svg","contentUrl":"https:\/\/stellou.eu\/wp-content\/uploads\/2021\/04\/Group-30.svg","width":158,"height":78,"caption":"Stellou"},"image":{"@id":"https:\/\/stellou.eu\/#\/schema\/logo\/image\/"}}]}},"_links":{"self":[{"href":"https:\/\/stellou.eu\/en\/wp-json\/wp\/v2\/pages\/6428"}],"collection":[{"href":"https:\/\/stellou.eu\/en\/wp-json\/wp\/v2\/pages"}],"about":[{"href":"https:\/\/stellou.eu\/en\/wp-json\/wp\/v2\/types\/page"}],"author":[{"embeddable":true,"href":"https:\/\/stellou.eu\/en\/wp-json\/wp\/v2\/users\/3"}],"replies":[{"embeddable":true,"href":"https:\/\/stellou.eu\/en\/wp-json\/wp\/v2\/comments?post=6428"}],"version-history":[{"count":53,"href":"https:\/\/stellou.eu\/en\/wp-json\/wp\/v2\/pages\/6428\/revisions"}],"predecessor-version":[{"id":7905,"href":"https:\/\/stellou.eu\/en\/wp-json\/wp\/v2\/pages\/6428\/revisions\/7905"}],"wp:attachment":[{"href":"https:\/\/stellou.eu\/en\/wp-json\/wp\/v2\/media?parent=6428"}],"curies":[{"name":"wp","href":"https:\/\/api.w.org\/{rel}","templated":true}]}}